{"id":6572,"date":"2015-07-28T07:02:38","date_gmt":"2015-07-28T06:02:38","guid":{"rendered":"https:\/\/english-munich.de\/blog\/?page_id=6572"},"modified":"2015-08-02T08:55:58","modified_gmt":"2015-08-02T07:55:58","slug":"modalverben-hilfsverben-erklarungen","status":"publish","type":"page","link":"https:\/\/english-munich.de\/blog\/modalverben-hilfsverben-erklarungen\/","title":{"rendered":"Modalverben \/ Hilfsverben &#8211; Erkl\u00e4rungen"},"content":{"rendered":"<h1>must &#8211; have to Unterschied<\/h1>\n<p>Im Englischen gibt es bei dem modalen Hilfsverb &#8222;m\u00fcssen&#8220; zwei M\u00f6glichkeiten der Ausdrucksweise, je nachdem inwiefern dieses &#8222;m\u00fcssen&#8220; freiwilling oder durch eine von au\u00dfen auerlegte Verpflichtung beding ist.<\/p>\n<p>Das Wort <em>must<\/em> beschreibt ein <em>freiwilliges M\u00fcssen<\/em> aus eine inneren Antrieb heraus.<br \/>\nDer Ausdruck<em> have to<\/em> ein einer<em> Verpflichtung folgendes M\u00fcssen<\/em>.<\/p>\n<p>zum Beispiel:<\/p>\n<p><em>I must see my woman. ( du bist verliebt)<br \/>\nI have to see my woman. (du bist verheiratet)<\/p>\n<p><div id=\"attachment_6667\" style=\"width: 268px\" class=\"wp-caption alignnone\"><a href=\"https:\/\/english-munich.de\/blog\/wp-content\/uploads\/2015\/07\/blindfoldedarrows.png\"><img decoding=\"async\" aria-describedby=\"caption-attachment-6667\" src=\"https:\/\/english-munich.de\/blog\/wp-content\/uploads\/2015\/07\/blindfoldedarrows.png\" alt=\"must - have - to Unterschied\" width=\"258\" height=\"300\" class=\"size-full wp-image-6667\" srcset=\"https:\/\/english-munich.de\/blog\/wp-content\/uploads\/2015\/07\/blindfoldedarrows.png 258w, https:\/\/english-munich.de\/blog\/wp-content\/uploads\/2015\/07\/blindfoldedarrows-17x20.png 17w\" sizes=\"(max-width: 258px) 100vw, 258px\" \/><\/a><p id=\"caption-attachment-6667\" class=\"wp-caption-text\">I have to see my woman.<\/p><\/div><br \/>\n<\/em><\/p>\n<h1>can und be able<\/h1>\n<p>Can muss immer dann mit be able umschrieben werden, wenn zwei modale Hilfsverben nebeneinanderstehen.<\/p>\n<p>Der deutsche Satz &#8222;<em>du musst es tun k\u00f6nnen<\/em>&#8220; kann aus diesem Grund nicht mit &#8222;<del datetime=\"2015-07-28T06:02:37+00:00\">you must can do it<\/del>&#8220; \u00fcbersetzt werden. Das englische Hilfsverb can wird also in diesem Zusammenhang mit be able umschrieben.<\/p>\n<p>Dies ist besonders in den Zukunftsformen relevant:<\/p>\n<p>zum Beispiel:<\/p>\n<p>&#8222;<em>Du wirst es tun k\u00f6nnen<\/em>.&#8220;<br \/>\nnicht &#8222;<del datetime=\"2015-07-28T06:02:37+00:00\">you will can do it<\/del>&#8222;, sondern:<br \/>\n&#8222;<em>You will be able to do it<\/em>.&#8220;<\/p>\n<h1>mustn&#8217;t &#8211; needn&#8217;t &#8211; don&#8217;t have to<\/h1>\n<p>!Vorsicht: das englische<em> mustn&#8217;t<\/em> bedeuted<em><strong> nicht<\/strong> &#8222;nicht m\u00fcssen&#8220;<\/em>, sondern <em>nicht d\u00fcrfen<\/em>.<br \/>\nAlso: You<em> mustn&#8217;t<\/em> park here = du <em>darfst<\/em> hier <em>nicht<\/em> parken.<\/p>\n<p><em>Nicht m\u00fcssen<\/em> im Sinne von einer Verpflichtung nicht nachkommen m\u00fcssen, hei\u00dft auf Englisch &#8222;<em>don&#8217;t have to<\/em>&#8220; oder &#8222;<em>needn&#8217;t<\/em>&#8220;<\/p>\n<p>Also:\u00a0 Du <em>musst<\/em> das Auto <em>nicht<\/em> waschen = you <em>don&#8217;t have to (needn&#8217;t)<\/em> wash the car,<\/p>\n<h1>should &#8211; shall<\/h1>\n<h3>shall:<\/h3>\n<p>Die Hauptbesonderheit von <em>shall<\/em> liegt darin, dass sie als Option zu<em> will<\/em> als Hilfsverb f\u00fcr das <em>Futur<\/em> verwendet wird. (diese Form ist allerdings veraltet).<\/p>\n<p>Ansonsten bedeutet <em>shall<\/em>, besonders in <em>Bedienungsanleitungen<\/em> und<em> Anweisungen<\/em>, ein <em>Sollen<\/em>, dem unbedingt Folge zu leisten ist. Aus diesem Grund werden im Englischen die zehn Gebote mit <em>shall<\/em> formuliert, zum Beispiel:<\/p>\n<p><em>Thou shall not steal<\/em><\/p>\n<h3>should:<\/h3>\n<p>Wird, als Vergangenheit von <em>shall<\/em>, vor allem in der indirekten Rede verwendet:<\/p>\n<p>He thought we should be able to do it.<\/p>\n<p>Im Vergleich zu <em>shall<\/em> ist should ein <em>Sollen<\/em>, das weniger Befehlscharakter hat, und mehr Spielraum zul\u00e4sst. Deswegen ist es oft h\u00f6flicher <em>should<\/em> zu verwenden.<\/p>\n<h1>used to<\/h1>\n<p>Der Ausdruck <em>used to<\/em> wird verwendet, wenn wir im Englischen eine Sache zu einem Zeitpunkt in der Vergangenheit regelm\u00e4\u00dfig getan haben.<\/p>\n<p>zum Beispeil: <em>I used to smoke<\/em> = ich habe <em>fr\u00fcher einmal<\/em> geraucht.<\/p>\n<p><em>!Vorsicht<\/em>: Wird <em>used to<\/em> in Verbindung mit der <em>-ing Form<\/em> verwendet, dann bezieht es sich auf eine <em>noch bestehende<\/em> Gewohnheit:<\/p>\n<p>I am <em>used to drinking<\/em> a glass of milk in the morning. = Ich bin<em> daran gew\u00f6hnt<\/em> morgens ein Glas Milch zu trinken.<\/p>\n<h1>could \/ might \/ may<\/h1>\n<h2>could<\/h2>\n<p>Das Hilfsverb<em> could<\/em> wird benutzt:<\/p>\n<p>a.) als<em> simple past<\/em> von can. &#8211; I <em>couldn&#8217;t<\/em> come yesterday<br \/>\nb.) als Einleitung zu h\u00f6flichen Fragen &#8211;<em> Could<\/em> you please open the window.<br \/>\nc.) als Konditional &#8211; I wish I<em> could<\/em> do it.<\/p>\n<h2>may &#8211; might<\/h2>\n<p>Die Modalverben <em>may<\/em> und <em>might<\/em> bedeuten beide &#8222;<em>k\u00f6nnte vielleicht<\/em>&#8222;.<br \/>\nDie Option &#8222;<em>it might be<\/em>&#8220; ist in diesem Zusammenhang <em>wahrscheinlicher<\/em> als &#8222;<em>may be<\/em>&#8222;.<\/p>\n<p>Das modale Hilfsverb <em>may<\/em> wird au\u00dferdem, genau <em>wie could<\/em>, in <em>H\u00f6flichkeitsfragen<\/em> verwendet:<\/p>\n<p><em>May<\/em> you please close the door. (<em>may<\/em> ist in diesem Kontext einen Tick <em>h\u00f6flicher<\/em> als<em> could<\/em>)<br \/>\n\n<table id=\"tablepress-65\" class=\"tablepress tablepress-id-65\">\n<thead>\n<tr class=\"row-1\">\n\t<th class=\"column-1\">can<\/th><th class=\"column-2\">be able<\/th><th class=\"column-3\">could<\/th><th class=\"column-4\">may \/ might<\/th>\n<\/tr>\n<\/thead>\n<tbody class=\"row-striping row-hover\">\n<tr class=\"row-2\">\n\t<td class=\"column-1\">k\u00f6nnen<\/td><td class=\"column-2\">k\u00f6nnen, f\u00e4hig sein<\/td><td class=\"column-3\">konnte, k\u00f6nnte<\/td><td class=\"column-4\">k\u00f6nnte vielleicht<\/td>\n<\/tr>\n<tr class=\"row-3\">\n\t<td class=\"column-1\">Aussages\u00e4tze<\/td><td class=\"column-2\">Umschreibung von can<br \/>\nim Futur, present perfect, past perfect etc.<br \/>\n<\/td><td class=\"column-3\">simple past von can,<br \/>\nKonditional,<br \/>\nH\u00f6flichkeitsfragen<\/td><td class=\"column-4\">may in H\u00f6flichkeitsfragen<\/td>\n<\/tr>\n<tr class=\"row-4\">\n\t<td class=\"column-1\"><\/td><td class=\"column-2\"><\/td><td class=\"column-3\"><\/td><td class=\"column-4\"><\/td>\n<\/tr>\n<\/tbody>\n<\/table>\n<!-- #tablepress-65 from cache --><br \/>\n\n<table id=\"tablepress-66\" class=\"tablepress tablepress-id-66\">\n<thead>\n<tr class=\"row-1\">\n\t<th class=\"column-1\">shall<\/th><th class=\"column-2\">should<\/th><th class=\"column-3\">mustn't<\/th><th class=\"column-4\">needn't \/ don't doesn't have to<\/th>\n<\/tr>\n<\/thead>\n<tbody class=\"row-striping row-hover\">\n<tr class=\"row-2\">\n\t<td class=\"column-1\">sollen<\/td><td class=\"column-2\">sollen<\/td><td class=\"column-3\">nicht d\u00fcrfen<\/td><td class=\"column-4\">nicht brauchen, m\u00fcssen<\/td>\n<\/tr>\n<tr class=\"row-3\">\n\t<td class=\"column-1\">in strikten Anweisungen,<br \/>\nOption zu will im Futur<br \/>\nin Vorschl\u00e4gen, bei question tags<\/td><td class=\"column-2\">Vergangenheit von shall,<br \/>\nnachgiebige Anweisungen<br \/>\n <\/td><td class=\"column-3\">Verbote<\/td><td class=\"column-4\">Vorschl\u00e4ge<\/td>\n<\/tr>\n<tr class=\"row-4\">\n\t<td class=\"column-1\"><\/td><td class=\"column-2\"><\/td><td class=\"column-3\"><\/td><td class=\"column-4\"><\/td>\n<\/tr>\n<\/tbody>\n<\/table>\n<!-- #tablepress-66 from cache --><\/p>\n<p>&nbsp;<\/p>\n<h2>\u00dcbungen Hilfsverben &#8211; Modalverben<\/h2>\n<p><a href=\"https:\/\/english-munich.de\/blog\/must-have-to-unterschied\/\"><button> must-have to <\/button><\/a> <a href=\"https:\/\/english-munich.de\/blog\/can-be-able\/\"><button> can \/ be able <\/button><\/a> <a href=\"https:\/\/english-munich.de\/blog\/mustnt-neednt-dont-have-to-unterschied-ubungen\/\"><button>mustn&#8217;t\/needn&#8217;t\/don&#8217;t have to<\/button><\/a> <a href=\"https:\/\/english-munich.de\/blog\/shall-should-unterschied-ubungen\/\"><button>shall\/should<\/button><\/a> <a href=\"https:\/\/english-munich.de\/blog\/used-to-2\/\"><button> used to <\/button><\/a><\/p>\n","protected":false},"excerpt":{"rendered":"<p>must &#8211; have to Unterschied Im Englischen gibt es bei dem modalen Hilfsverb &#8222;m\u00fcssen&#8220; zwei M\u00f6glichkeiten der Ausdrucksweise, je nachdem inwiefern dieses &#8222;m\u00fcssen&#8220; freiwilling oder durch eine von au\u00dfen auerlegte Verpflichtung beding ist. Das Wort must beschreibt ein freiwilliges M\u00fcssen aus eine inneren Antrieb heraus. Der Ausdruck have to ein einer Verpflichtung folgendes M\u00fcssen. zum [&hellip;]<\/p>\n","protected":false},"author":3,"featured_media":0,"parent":0,"menu_order":0,"comment_status":"closed","ping_status":"open","template":"","meta":{"footnotes":"","_links_to":"","_links_to_target":""},"class_list":["post-6572","page","type-page","status-publish","hentry"],"_links":{"self":[{"href":"https:\/\/english-munich.de\/blog\/wp-json\/wp\/v2\/pages\/6572","targetHints":{"allow":["GET"]}}],"collection":[{"href":"https:\/\/english-munich.de\/blog\/wp-json\/wp\/v2\/pages"}],"about":[{"href":"https:\/\/english-munich.de\/blog\/wp-json\/wp\/v2\/types\/page"}],"author":[{"embeddable":true,"href":"https:\/\/english-munich.de\/blog\/wp-json\/wp\/v2\/users\/3"}],"replies":[{"embeddable":true,"href":"https:\/\/english-munich.de\/blog\/wp-json\/wp\/v2\/comments?post=6572"}],"version-history":[{"count":15,"href":"https:\/\/english-munich.de\/blog\/wp-json\/wp\/v2\/pages\/6572\/revisions"}],"predecessor-version":[{"id":6668,"href":"https:\/\/english-munich.de\/blog\/wp-json\/wp\/v2\/pages\/6572\/revisions\/6668"}],"wp:attachment":[{"href":"https:\/\/english-munich.de\/blog\/wp-json\/wp\/v2\/media?parent=6572"}],"curies":[{"name":"wp","href":"https:\/\/api.w.org\/{rel}","templated":true}]}}