{"id":6547,"date":"2015-07-27T06:01:26","date_gmt":"2015-07-27T05:01:26","guid":{"rendered":"https:\/\/english-munich.de\/blog\/?page_id=6547"},"modified":"2020-11-20T20:50:10","modified_gmt":"2020-11-20T19:50:10","slug":"adjektiv-adverb-unterschied","status":"publish","type":"page","link":"https:\/\/english-munich.de\/blog\/adjektiv-adverb-unterschied\/","title":{"rendered":"Adjektiv \/ Adverb &#8211; Unterschied &#8211; Regeln"},"content":{"rendered":"<h1>Adjektiv \/ Adverb &#8211; unterschiedlicher Gebrauch Erkl\u00e4rungen<\/h1>\n<p>Im Deutschen existiert der Unterschied zwischen Adverb und Adjektiv nur als grammtikalisches Ph\u00e4nomen, macht aber in der Praxis keinen Unterschied.<br \/>\nIm Englischen jedoch muss genau unterschieden werden, ob ein <em>Eigenschaftswort<\/em> ein<em> Hauptwort<\/em> n\u00e4her beschreibt, dann ist es ein <em>Adjektiv<\/em>, oder ein <em>Zeitwort<\/em> (Verb), dann wird es zum <em>Adverb.<\/em><\/p>\n<p>Im Regelfall wird bei der Verwendung eines <em>Adjektivs<\/em> als <em>Adverb<\/em> einfach das Anh\u00e4ngsel <em>-ly<\/em> an das Eigenschaftswort angeh\u00e4ngt:<\/p>\n<p><em>I will take a quick look. \u2192 I will look quickly.<\/em><\/p>\n<p>Nat\u00fcrlich gibt es bei der Bildung einige Ausnahmen:<\/p>\n\n<table id=\"tablepress-62\" class=\"tablepress tablepress-id-62\">\n<tbody class=\"row-striping row-hover\">\n<tr class=\"row-1\">\n\t<td class=\"column-1\">Konsonant + -y<br \/>\neasy<\/td><td class=\"column-2\">Konsonant + ily <br \/>\neasily<\/td>\n<\/tr>\n<tr class=\"row-2\">\n\t<td class=\"column-1\">Endung le + ly<br \/>\npossible<\/td><td class=\"column-2\">ly<br \/>\npossibly<\/td>\n<\/tr>\n<tr class=\"row-3\">\n\t<td class=\"column-1\">Engung ic + ly<br \/>\nautomatic<\/td><td class=\"column-2\">ically<br \/>\nautomatically<\/td>\n<\/tr>\n<\/tbody>\n<\/table>\n<!-- #tablepress-62 from cache -->\n<p><em>weitere Ausnahmen:<\/em><\/p>\n<p><em>good \u2192 well,<br \/>\nfast, early, late und hard bleiben unver\u00e4ndert<\/em><\/p>\n\n<table id=\"tablepress-63\" class=\"tablepress tablepress-id-63\">\n<tbody class=\"row-striping row-hover\">\n<tr class=\"row-1\">\n\t<td class=\"column-1\">good<br \/>\n<br \/>\na good man<\/td><td class=\"column-2\">well<br \/>\n<br \/>\nhe played well<\/td>\n<\/tr>\n<tr class=\"row-2\">\n\t<td class=\"column-1\">hard<br \/>\n<br \/>\na hard work<\/td><td class=\"column-2\">hard<br \/>\n<br \/>\nhe worked hard<\/td>\n<\/tr>\n<tr class=\"row-3\">\n\t<td class=\"column-1\">late<br \/>\n<br \/>\na late night<\/td><td class=\"column-2\">late<br \/>\n<br \/>\nhe came late<\/td>\n<\/tr>\n<tr class=\"row-4\">\n\t<td class=\"column-1\">early<br \/>\n<br \/>\nthe early bird<\/td><td class=\"column-2\">early<br \/>\n<br \/>\nhe came early<\/td>\n<\/tr>\n<tr class=\"row-5\">\n\t<td class=\"column-1\">fast<br \/>\n<br \/>\na fast car<\/td><td class=\"column-2\">fast<br \/>\n<br \/>\nhe drives fast<\/td>\n<\/tr>\n<\/tbody>\n<\/table>\n<!-- #tablepress-63 from cache -->\n<p><em>Vorsicht:<\/em><\/p>\n<p>die Formen<em> lately<\/em> und<em> hardly<\/em> existieren, bedeuten jedoch etwas ganz anders:<\/p>\n<p><em>lately<\/em> bedeuted:<em> in letzer Zeit, neulich<\/em>;<em> hardly<\/em> bedeutet <em>kaum<\/em>.<\/p>\n<p>Besonders bei<em> hardly<\/em> besteht hier Verwechslungsgefahr:<\/p>\n<p>He worked<em> hard<\/em>. (Er hat <em>hart<\/em> gearbeitet) vs. He hardly worked. (Er hat <em>kaum<\/em> gearbeitet)<br \/>\n\n<table id=\"tablepress-64\" class=\"tablepress tablepress-id-64\">\n<tbody class=\"row-striping row-hover\">\n<tr class=\"row-1\">\n\t<td class=\"column-1\">hardly = kaum<\/td><td class=\"column-2\">he hardly worked<\/td>\n<\/tr>\n<tr class=\"row-2\">\n\t<td class=\"column-1\">lately = in letzter Zeit<\/td><td class=\"column-2\">he has been ill lately<\/td>\n<\/tr>\n<\/tbody>\n<\/table>\n<!-- #tablepress-64 from cache --><\/p>\n<p><a href=\"https:\/\/english-munich.de\/blog\/wp-content\/uploads\/2015\/07\/Adverb-vs.-Adjektiv1.png\"><img decoding=\"async\" class=\"alignnone size-full wp-image-5792\" src=\"https:\/\/english-munich.de\/blog\/wp-content\/uploads\/2015\/07\/Adverb-vs.-Adjektiv1.png\" alt=\"Adverb vs. Adjektiv\" width=\"761\" height=\"633\" srcset=\"https:\/\/english-munich.de\/blog\/wp-content\/uploads\/2015\/07\/Adverb-vs.-Adjektiv1.png 761w, https:\/\/english-munich.de\/blog\/wp-content\/uploads\/2015\/07\/Adverb-vs.-Adjektiv1-300x250.png 300w, https:\/\/english-munich.de\/blog\/wp-content\/uploads\/2015\/07\/Adverb-vs.-Adjektiv1-624x519.png 624w, https:\/\/english-munich.de\/blog\/wp-content\/uploads\/2015\/07\/Adverb-vs.-Adjektiv1-20x17.png 20w\" sizes=\"(max-width: 761px) 100vw, 761px\" \/><\/a><br \/>\n<iframe title=\"Adjektiv Adverb Unterschied Englisch - alles f\u00fcr die Pr\u00fcfung kurz und knackig erkl\u00e4rt!\" width=\"625\" height=\"352\" src=\"https:\/\/www.youtube.com\/embed\/M7a-CjpbP6U?feature=oembed\" frameborder=\"0\" allow=\"accelerometer; autoplay; clipboard-write; encrypted-media; gyroscope; picture-in-picture; web-share\" referrerpolicy=\"strict-origin-when-cross-origin\" allowfullscreen><\/iframe><\/p>\n<h2>Verben der Gef\u00fchlsempfindung und Sinneswahrnehmung<\/h2>\n<p>Verben der <em>Gef\u00fchls-, bzw. der Sinneswahrnehmung<\/em> werden <em>nicht<\/em> ins <em>Adverb<\/em> gesetzt.<br \/>\nAm Besten merkst du dir die in diesem Zusammenhang <em>g\u00e4ngigsten<\/em> Vertreter dieser Kategorie:<\/p>\n<p>sound <em>good<\/em>, feel <em>good<\/em>, smell <em>good<\/em>, taste <em>good<\/em>, look <em>good<\/em><\/p>\n<h2>Doppelbezug<\/h2>\n<p>Bezieht sich ein <em>Adjektiv<\/em> auf ein weiteres <em>Eigenschaftswort<\/em> oder <em>Adverb<\/em> und beschreibt dieses n\u00e4her, wird es ebenfalls ins <em>Adverb<\/em> gesetzt:<\/p>\n<p><em>extremely<\/em> nice, <em>awfully<\/em> slow, <em>unexpectedly<\/em> easy, <em>painfully<\/em> slowly etc.<\/p>\n<h2>\u00dcbungen Adjektiv Adverb<\/h2>\n<p><a href=\"https:\/\/english-munich.de\/blog\/adjektiv-vs-adverb\/\"><button>Adverb &#8211; Adjektiv regelm\u00e4\u00dfig<\/button><\/a> <a href=\"https:\/\/english-munich.de\/blog\/adjektivadverb-ausnahmen\/\"><button>Adverb &#8211; Adjektiv Ausnahmen<\/button><\/a><\/p>\n","protected":false},"excerpt":{"rendered":"<p>Adjektiv \/ Adverb &#8211; unterschiedlicher Gebrauch Erkl\u00e4rungen Im Deutschen existiert der Unterschied zwischen Adverb und Adjektiv nur als grammtikalisches Ph\u00e4nomen, macht aber in der Praxis keinen Unterschied. Im Englischen jedoch muss genau unterschieden werden, ob ein Eigenschaftswort ein Hauptwort n\u00e4her beschreibt, dann ist es ein Adjektiv, oder ein Zeitwort (Verb), dann wird es zum Adverb. [&hellip;]<\/p>\n","protected":false},"author":3,"featured_media":0,"parent":0,"menu_order":0,"comment_status":"closed","ping_status":"open","template":"","meta":{"footnotes":"","_links_to":"","_links_to_target":""},"class_list":["post-6547","page","type-page","status-publish","hentry"],"_links":{"self":[{"href":"https:\/\/english-munich.de\/blog\/wp-json\/wp\/v2\/pages\/6547","targetHints":{"allow":["GET"]}}],"collection":[{"href":"https:\/\/english-munich.de\/blog\/wp-json\/wp\/v2\/pages"}],"about":[{"href":"https:\/\/english-munich.de\/blog\/wp-json\/wp\/v2\/types\/page"}],"author":[{"embeddable":true,"href":"https:\/\/english-munich.de\/blog\/wp-json\/wp\/v2\/users\/3"}],"replies":[{"embeddable":true,"href":"https:\/\/english-munich.de\/blog\/wp-json\/wp\/v2\/comments?post=6547"}],"version-history":[{"count":20,"href":"https:\/\/english-munich.de\/blog\/wp-json\/wp\/v2\/pages\/6547\/revisions"}],"predecessor-version":[{"id":7361,"href":"https:\/\/english-munich.de\/blog\/wp-json\/wp\/v2\/pages\/6547\/revisions\/7361"}],"wp:attachment":[{"href":"https:\/\/english-munich.de\/blog\/wp-json\/wp\/v2\/media?parent=6547"}],"curies":[{"name":"wp","href":"https:\/\/api.w.org\/{rel}","templated":true}]}}