{"id":6477,"date":"2015-07-24T06:27:57","date_gmt":"2015-07-24T05:27:57","guid":{"rendered":"https:\/\/english-munich.de\/blog\/?page_id=6477"},"modified":"2020-11-20T20:46:28","modified_gmt":"2020-11-20T19:46:28","slug":"prapositonen-erklarungen","status":"publish","type":"page","link":"https:\/\/english-munich.de\/blog\/prapositonen-erklarungen\/","title":{"rendered":"Pr\u00e4positionen &#8211; Erkl\u00e4rungen"},"content":{"rendered":"<p>Pr\u00e4positionen werden in allen Sprachen unterschiedliche gebraucht und stellen f\u00fcr den Lernenden eine erhebliche Schwierigkeit dar.<br \/>\nHier eine \u00dcbersicht \u00fcber die wichtigsten Pr\u00e4positionen im Englischen:<\/p>\n<h2>Pr\u00e4positionen des Ortes<\/h2>\n<p>at und on werden folgenderma\u00dfen verwendet:<\/p>\n\n<table id=\"tablepress-55\" class=\"tablepress tablepress-id-55\">\n<thead>\n<tr class=\"row-1\">\n\t<th class=\"column-1\">Einrichtungen bei den man etwas zu erledigen hat: at<\/th><th class=\"column-2\">direkt neben \/ direkt vor: at<br \/>\n<\/th><th class=\"column-3\">Veranstaltungen: at<\/th><th class=\"column-4\">Adresse: at<\/th><th class=\"column-5\">auf einer Fl\u00e4che: on<\/th>\n<\/tr>\n<\/thead>\n<tbody class=\"row-striping row-hover\">\n<tr class=\"row-2\">\n\t<td class=\"column-1\">at school<br \/>\nat the doctor's<br \/>\nat the supermarket<\/td><td class=\"column-2\">at the door<br \/>\nat the window<br \/>\nat the computer<\/td><td class=\"column-3\">at the concert<br \/>\nat the meeting<br \/>\nat the party<\/td><td class=\"column-4\">at home<br \/>\nat 10 Downing Street<br \/>\nat John's<\/td><td class=\"column-5\">on the wall<br \/>\non the beach<br \/>\non the 2nd floot<\/td>\n<\/tr>\n<\/tbody>\n<\/table>\n<!-- #tablepress-55 from cache -->\n<p><em>! Vorsicht bei nachstehenden Ausdr\u00fccken: <\/em><br \/>\n\n<table id=\"tablepress-56\" class=\"tablepress tablepress-id-56\">\n<thead>\n<tr class=\"row-1\">\n\t<th class=\"column-1\">to<\/th><th class=\"column-2\">in <br \/>\n(in wird hier mit auf \u00fcbersetzt)<\/th><th class=\"column-3\">in bei Orten<\/th>\n<\/tr>\n<\/thead>\n<tbody class=\"row-striping row-hover\">\n<tr class=\"row-2\">\n\t<td class=\"column-1\">go to school<br \/>\ngo to the movies<br \/>\nto to bed<br \/>\n<\/td><td class=\"column-2\">in the country<br \/>\nin the photo\/picture<br \/>\nin the world<br \/>\nin the sky (am Himmel)<\/td><td class=\"column-3\">in Munich<br \/>\nin Germany<br \/>\nin Castle Street<\/td>\n<\/tr>\n<\/tbody>\n<\/table>\n<!-- #tablepress-56 from cache --><\/p>\n<h2>Pr\u00e4positionen der Zeit<\/h2>\n<p>&nbsp;<br \/>\n\n<table id=\"tablepress-57\" class=\"tablepress tablepress-id-57\">\n<thead>\n<tr class=\"row-1\">\n\t<th class=\"column-1\">at <br \/>\n(Uhrzeiten, Zeitr\u00e4ume \u00fcber mehrere Tage)<\/th><th class=\"column-2\">on <br \/>\n(Wochentage, Datum, bestimmte Tage)<\/th><th class=\"column-3\">in <br \/>\n(Monate, Jahreszahlen, Zeitspannen, Jahreszeiten Tageszeiten)<\/th><td class=\"column-4\"><\/td>\n<\/tr>\n<\/thead>\n<tbody class=\"row-striping row-hover\">\n<tr class=\"row-2\">\n\t<td class=\"column-1\">at 8 o'clock<br \/>\nat 10.40<br \/>\nat midnight<br \/>\nat Chritsmas<br \/>\nat the weekend<br \/>\nat night<\/td><td class=\"column-2\">on Monday, Tuesday....<br \/>\non 25 April, 5 Febuary<br \/>\non Easter Monday<br \/>\non Tuesday afternoon<\/td><td class=\"column-3\">in April, May, June...<br \/>\nin 1885, 1984...<br \/>\nin summer, spring<br \/>\nin the afternoon<\/td><td class=\"column-4\"><\/td>\n<\/tr>\n<\/tbody>\n<\/table>\n<!-- #tablepress-57 from cache --><br \/>\n<iframe title=\"Pr\u00e4positionen Englisch einfache Erkl\u00e4rung (at in on, Pr\u00e4positionen der Zeit und des Ortes)\" width=\"625\" height=\"352\" src=\"https:\/\/www.youtube.com\/embed\/1fSpdfkvi0E?feature=oembed\" frameborder=\"0\" allow=\"accelerometer; autoplay; clipboard-write; encrypted-media; gyroscope; picture-in-picture; web-share\" referrerpolicy=\"strict-origin-when-cross-origin\" allowfullscreen><\/iframe><\/p>\n<h2>Pr\u00e4positionen der Richtung<\/h2>\n<p><a href=\"https:\/\/english-munich.de\/blog\/wp-content\/uploads\/2015\/07\/pr\u00e4ositionen-der-Richtung.png\"><img decoding=\"async\" class=\"alignnone size-full wp-image-6493\" src=\"https:\/\/english-munich.de\/blog\/wp-content\/uploads\/2015\/07\/pr\u00e4ositionen-der-Richtung.png\" alt=\"pr\u00e4ositionen der Richtung\" width=\"1005\" height=\"673\" srcset=\"https:\/\/english-munich.de\/blog\/wp-content\/uploads\/2015\/07\/pr\u00e4ositionen-der-Richtung.png 1005w, https:\/\/english-munich.de\/blog\/wp-content\/uploads\/2015\/07\/pr\u00e4ositionen-der-Richtung-300x201.png 300w, https:\/\/english-munich.de\/blog\/wp-content\/uploads\/2015\/07\/pr\u00e4ositionen-der-Richtung-768x514.png 768w, https:\/\/english-munich.de\/blog\/wp-content\/uploads\/2015\/07\/pr\u00e4ositionen-der-Richtung-624x418.png 624w, https:\/\/english-munich.de\/blog\/wp-content\/uploads\/2015\/07\/pr\u00e4ositionen-der-Richtung-20x13.png 20w\" sizes=\"(max-width: 1005px) 100vw, 1005px\" \/><\/a><\/p>\n\n<table id=\"tablepress-58\" class=\"tablepress tablepress-id-58\">\n<tbody class=\"row-striping row-hover\">\n<tr class=\"row-1\">\n\t<td class=\"column-1\">to school<\/td><td class=\"column-2\">from Russia with love<\/td><td class=\"column-3\">into the woods<\/td><td class=\"column-4\">out of nowhere<br \/>\nout of Rosenheim<\/td><td class=\"column-5\">onto the platform<br \/>\nonto trucks<\/td>\n<\/tr>\n<tr class=\"row-2\">\n\t<td class=\"column-1\">off the chair<\/td><td class=\"column-2\">up the stairs <br \/>\ndown the stairs<\/td><td class=\"column-3\">over the town<\/td><td class=\"column-4\">over the fence<\/td><td class=\"column-5\">through the park<\/td>\n<\/tr>\n<tr class=\"row-3\">\n\t<td class=\"column-1\">round the bend<\/td><td class=\"column-2\">along the road<\/td><td class=\"column-3\">across the street<\/td><td class=\"column-4\">under the bridge<\/td><td class=\"column-5\"><\/td>\n<\/tr>\n<\/tbody>\n<\/table>\n<!-- #tablepress-58 from cache -->\n<h2>Pr\u00e4positionen \u00dcbungen<\/h2>\n<p><a href=\"https:\/\/english-munich.de\/blog\/prapositionen-der-zeit\/\"><button>Pr\u00e4positionen der Zeit<\/button><\/a> <a href=\"https:\/\/english-munich.de\/blog\/prapositionen-des-ortes\/\"><button>Pr\u00e4positionen des Ortes<\/button><\/a> <a href=\"https:\/\/english-munich.de\/blog\/prapositionen-der-richtung\/\"><button>Pr\u00e4positionen der Richtung<\/button><\/a><\/p>\n","protected":false},"excerpt":{"rendered":"<p>Pr\u00e4positionen werden in allen Sprachen unterschiedliche gebraucht und stellen f\u00fcr den Lernenden eine erhebliche Schwierigkeit dar. Hier eine \u00dcbersicht \u00fcber die wichtigsten Pr\u00e4positionen im Englischen: Pr\u00e4positionen des Ortes at und on werden folgenderma\u00dfen verwendet: ! Vorsicht bei nachstehenden Ausdr\u00fccken: Pr\u00e4positionen der Zeit &nbsp; Pr\u00e4positionen der Richtung Pr\u00e4positionen \u00dcbungen Pr\u00e4positionen der Zeit Pr\u00e4positionen des Ortes Pr\u00e4positionen [&hellip;]<\/p>\n","protected":false},"author":3,"featured_media":0,"parent":0,"menu_order":0,"comment_status":"closed","ping_status":"open","template":"","meta":{"footnotes":"","_links_to":"","_links_to_target":""},"class_list":["post-6477","page","type-page","status-publish","hentry"],"_links":{"self":[{"href":"https:\/\/english-munich.de\/blog\/wp-json\/wp\/v2\/pages\/6477","targetHints":{"allow":["GET"]}}],"collection":[{"href":"https:\/\/english-munich.de\/blog\/wp-json\/wp\/v2\/pages"}],"about":[{"href":"https:\/\/english-munich.de\/blog\/wp-json\/wp\/v2\/types\/page"}],"author":[{"embeddable":true,"href":"https:\/\/english-munich.de\/blog\/wp-json\/wp\/v2\/users\/3"}],"replies":[{"embeddable":true,"href":"https:\/\/english-munich.de\/blog\/wp-json\/wp\/v2\/comments?post=6477"}],"version-history":[{"count":16,"href":"https:\/\/english-munich.de\/blog\/wp-json\/wp\/v2\/pages\/6477\/revisions"}],"predecessor-version":[{"id":7360,"href":"https:\/\/english-munich.de\/blog\/wp-json\/wp\/v2\/pages\/6477\/revisions\/7360"}],"wp:attachment":[{"href":"https:\/\/english-munich.de\/blog\/wp-json\/wp\/v2\/media?parent=6477"}],"curies":[{"name":"wp","href":"https:\/\/api.w.org\/{rel}","templated":true}]}}