{"id":6433,"date":"2015-07-23T06:15:36","date_gmt":"2015-07-23T05:15:36","guid":{"rendered":"https:\/\/english-munich.de\/blog\/?page_id=6433"},"modified":"2020-12-07T14:19:06","modified_gmt":"2020-12-07T13:19:06","slug":"furworter-pronomen","status":"publish","type":"page","link":"https:\/\/english-munich.de\/blog\/furworter-pronomen\/","title":{"rendered":"F\u00fcrw\u00f6rter &#8211; Pronomen &#8211; Erkl\u00e4rungen"},"content":{"rendered":"<h1>Pronomen F\u00fcrw\u00f6rter im Englischen &#8211; unterschiedlicher Gebrauch<\/h1>\n\n<table id=\"tablepress-49\" class=\"tablepress tablepress-id-49\">\n<thead>\n<tr class=\"row-1\">\n\t<th class=\"column-1\">pers\u00f6nliches F\u00fcrwort<br \/>\nsubjektivisch<\/th><th class=\"column-2\">pers\u00f6nliches F\u00fcrwort<br \/>\nobjetktivisch<\/th><th class=\"column-3\">besitzanzeigendes F\u00fcrwort<br \/>\nadjektivisch<\/th><th class=\"column-4\">besitzanzeignes F\u00fcrwort<br \/>\nsubjektivisch<\/th><th class=\"column-5\">r\u00fcckbez\u00fcgliches F\u00fcrwort<br \/>\n(Reflexivpromen)<\/th>\n<\/tr>\n<\/thead>\n<tbody class=\"row-striping row-hover\">\n<tr class=\"row-2\">\n\t<td class=\"column-1\">I<\/td><td class=\"column-2\">me<\/td><td class=\"column-3\">my<\/td><td class=\"column-4\">mine<\/td><td class=\"column-5\">myself<\/td>\n<\/tr>\n<tr class=\"row-3\">\n\t<td class=\"column-1\">you<\/td><td class=\"column-2\">your<\/td><td class=\"column-3\">your<\/td><td class=\"column-4\">yours<\/td><td class=\"column-5\">yourself<\/td>\n<\/tr>\n<tr class=\"row-4\">\n\t<td class=\"column-1\">he<\/td><td class=\"column-2\">him<\/td><td class=\"column-3\">his<\/td><td class=\"column-4\">his<\/td><td class=\"column-5\">himself<\/td>\n<\/tr>\n<tr class=\"row-5\">\n\t<td class=\"column-1\">she<\/td><td class=\"column-2\">her<\/td><td class=\"column-3\">her<\/td><td class=\"column-4\">hers<\/td><td class=\"column-5\">herself<\/td>\n<\/tr>\n<tr class=\"row-6\">\n\t<td class=\"column-1\">it<\/td><td class=\"column-2\">it<\/td><td class=\"column-3\">its<\/td><td class=\"column-4\">its<\/td><td class=\"column-5\">itself<\/td>\n<\/tr>\n<tr class=\"row-7\">\n\t<td class=\"column-1\">we<\/td><td class=\"column-2\">us<\/td><td class=\"column-3\">our<\/td><td class=\"column-4\">ours<\/td><td class=\"column-5\">ourselves<\/td>\n<\/tr>\n<tr class=\"row-8\">\n\t<td class=\"column-1\">you<\/td><td class=\"column-2\">you<\/td><td class=\"column-3\">your<\/td><td class=\"column-4\">yours<\/td><td class=\"column-5\">yourselves<\/td>\n<\/tr>\n<tr class=\"row-9\">\n\t<td class=\"column-1\">they<\/td><td class=\"column-2\">them<\/td><td class=\"column-3\">their<\/td><td class=\"column-4\">theirs<\/td><td class=\"column-5\">themselves<\/td>\n<\/tr>\n<\/tbody>\n<\/table>\n<!-- #tablepress-49 from cache -->\n<p><em>Pronomen werden im Englischen unterschiedlich verwendet:<\/em><\/p>\n<p>Ein <em>F\u00fcrwort (Pronomen)<\/em> ersetzt in einem Satz den Namen einer Person, oder eines Gegenstandes, um diese nicht st\u00e4ndig wiederholen zu m\u00fcssen, und so den Satzbau <em>abwechslungsreicher<\/em> gestalten zu k\u00f6nnen.<\/p>\n<p><em>zum Beispiel: Jim likes football. &#8211; He likes football.<\/em><\/p>\n<p>G\u00e4be es keine F\u00fcrw\u00f6rter m\u00fcssten wir st\u00e4ndig Jims Namen wiederholen.<\/p>\n<h2>subjektivischer Gebrauch<\/h2>\n<p>Wenn das F\u00fcrwort das <em>Subjekt<\/em> eines Satzes ist, <em>(Frage wer oder was?)<\/em>, dann ist der Gebrauch <em>subjektivisch<\/em>.<br \/>\nWenn also der <em>Ausf\u00fchrende,Handelnde<\/em> des Satzes ein <em>F\u00fcrwort<\/em> ist verwende nachstehende Pronomen:<\/p>\n\n<table id=\"tablepress-50\" class=\"tablepress tablepress-id-50\">\n<tbody class=\"row-striping row-hover\">\n<tr class=\"row-1\">\n\t<td class=\"column-1\">I<\/td><td class=\"column-2\">you<\/td><td class=\"column-3\">he<\/td><td class=\"column-4\">she<\/td><td class=\"column-5\">it<\/td><td class=\"column-6\">we<\/td><td class=\"column-7\">you<\/td><td class=\"column-8\">they<\/td>\n<\/tr>\n<\/tbody>\n<\/table>\n<!-- #tablepress-50 from cache -->\n<h2>objektivischer Gebrauch<\/h2>\n<p>Wird das F\u00fcrwort objektivisch gebraucht, ist es Gegenstand das Satzes.<\/p>\n<p><em>zum Beispiel: Jim likes football. &#8211; Jim likes it.<\/em><\/p>\n\n<table id=\"tablepress-51\" class=\"tablepress tablepress-id-51\">\n<tbody class=\"row-striping row-hover\">\n<tr class=\"row-1\">\n\t<td class=\"column-1\">me<\/td><td class=\"column-2\">you<\/td><td class=\"column-3\">him<\/td><td class=\"column-4\">her<\/td><td class=\"column-5\">it<\/td><td class=\"column-6\">us<\/td><td class=\"column-7\">you<\/td><td class=\"column-8\">them<\/td>\n<\/tr>\n<\/tbody>\n<\/table>\n<!-- #tablepress-51 from cache -->\n<h2>besitzanzeigendes F\u00fcrwort &#8211; Possesivpronomen<\/h2>\n<h3>adjektivischer Gebrauch<\/h3>\n<p>Wird das besitzanzeigende F\u00fcrwort wie ein Eigenschaftswort verwendet, benutze nachstehende Pronomen:<\/p>\n<p><em>zum Beispiel: It&#8217;s Jim&#8217;s book. &#8211; It&#8217;s his book.<\/em><\/p>\n\n<table id=\"tablepress-52\" class=\"tablepress tablepress-id-52\">\n<thead>\n<tr class=\"row-1\">\n\t<th class=\"column-1\">my<\/th><th class=\"column-2\">your<\/th><th class=\"column-3\">his<\/th><th class=\"column-4\">her<\/th><th class=\"column-5\">its<\/th><th class=\"column-6\">our<\/th><th class=\"column-7\">your<\/th><th class=\"column-8\">their<\/th>\n<\/tr>\n<\/thead>\n<tbody class=\"row-striping row-hover\">\n<\/tbody>\n<\/table>\n<!-- #tablepress-52 from cache -->\n<h3>substantivischer Gebrauch<\/h3>\n<p>Wird das besitzanzeigende F\u00fcrwort wie ein Hauptwort gebraucht, ben\u00fctze nachstehende Pronomen:<\/p>\n<p><em>zum Beipiel: It&#8217;s Jim&#8217;s book. &#8211; It&#8217;s his. (es ist Seins)<\/em><\/p>\n\n<table id=\"tablepress-53\" class=\"tablepress tablepress-id-53\">\n<tbody class=\"row-striping row-hover\">\n<tr class=\"row-1\">\n\t<td class=\"column-1\">mine<\/td><td class=\"column-2\">yours<\/td><td class=\"column-3\">his<\/td><td class=\"column-4\">hers<\/td><td class=\"column-5\">its<\/td><td class=\"column-6\">ours<\/td><td class=\"column-7\">yours<\/td><td class=\"column-8\">theirs<\/td>\n<\/tr>\n<\/tbody>\n<\/table>\n<!-- #tablepress-53 from cache -->\n<h2>Reflexivpronomen<\/h2>\n<p>Bezieht sich eine Person auf sich selber, ben\u00fctzt man das r\u00fcckbez\u00fcgliche F\u00fcrwort:<\/p>\n<p><em>zum Beispiel: Jim can see himself in the mirror. &#8211; Jim kann sich selber im Spiegel sehen.<\/em><\/p>\n\n<table id=\"tablepress-54\" class=\"tablepress tablepress-id-54\">\n<tbody class=\"row-striping row-hover\">\n<tr class=\"row-1\">\n\t<td class=\"column-1\">myself<\/td><td class=\"column-2\">yourself<\/td><td class=\"column-3\">himself<\/td><td class=\"column-4\">herself<\/td><td class=\"column-5\">itself<\/td><td class=\"column-6\">ourselves<\/td><td class=\"column-7\">yourselves<\/td><td class=\"column-8\">themselves<\/td>\n<\/tr>\n<\/tbody>\n<\/table>\n<!-- #tablepress-54 from cache -->\n<p><strong>Vorsicht:<\/strong> Manche deutsche Verben ben\u00f6tigen ein Reflexivpronomen, ihre englischen Gegenst\u00fccke jedoch nicht:<\/p>\n<p><em>argue<\/em> \u2013 sich streiten; <em>fall in love<\/em> -sich verlieben; <em>lie down<\/em> \u2013 sich hinlegen;<br \/>\n<em>change<\/em> \u2013 sich ver\u00e4ndern, umziehen;<em> feel<\/em> \u2013 sich f\u00fchlen; <em>meet <\/em>\u2013 sich treffen;<br \/>\n<em>complain<\/em> \u2013 sich beschweren; <em>divorce<\/em> \u2013 sich scheiden lassen; <em>remember<\/em> \u2013 sich erinnern;<br \/>\n<em>concentrate<\/em> \u2013 sich konzentrieren; <em>hurry<\/em> \u2013 sich beeilen; <em>sit down<\/em> \u2013 sich setzen;<br \/>\n<em>decide<\/em> \u2013 sich entscheiden; <em>imagine<\/em> \u2013 sich vorstellen;<br \/>\n<iframe width=\"560\" height=\"315\" src=\"https:\/\/www.youtube.com\/embed\/bgSPSlpZgHs\" frameborder=\"0\" allow=\"accelerometer; autoplay; clipboard-write; encrypted-media; gyroscope; picture-in-picture\" allowfullscreen><\/iframe><br \/>\n&nbsp;<\/p>\n<h2>Pronomen &#8211; F\u00fcrw\u00f6rter &#8211; \u00dcbungen<\/h2>\n<p><a href=\"https:\/\/english-munich.de\/blog\/personalpronomen-personliche-furworter\/\"><button>Personalpronomen<\/button><\/a> <a href=\"https:\/\/english-munich.de\/blog\/besitzanzeigende-furworter-2\/\"><button>besitzanzeigende F\u00fcrw\u00f6rter<\/button><\/a> <a href=\" https:\/\/english-munich.de\/blog\/reflexivpronomen\/\"><button>Reflexivpronomen<\/button><\/a><\/p>\n","protected":false},"excerpt":{"rendered":"<p>Pronomen F\u00fcrw\u00f6rter im Englischen &#8211; unterschiedlicher Gebrauch Pronomen werden im Englischen unterschiedlich verwendet: Ein F\u00fcrwort (Pronomen) ersetzt in einem Satz den Namen einer Person, oder eines Gegenstandes, um diese nicht st\u00e4ndig wiederholen zu m\u00fcssen, und so den Satzbau abwechslungsreicher gestalten zu k\u00f6nnen. zum Beispiel: Jim likes football. &#8211; He likes football. G\u00e4be es keine F\u00fcrw\u00f6rter [&hellip;]<\/p>\n","protected":false},"author":3,"featured_media":0,"parent":0,"menu_order":0,"comment_status":"closed","ping_status":"open","template":"","meta":{"footnotes":"","_links_to":"","_links_to_target":""},"class_list":["post-6433","page","type-page","status-publish","hentry"],"_links":{"self":[{"href":"https:\/\/english-munich.de\/blog\/wp-json\/wp\/v2\/pages\/6433","targetHints":{"allow":["GET"]}}],"collection":[{"href":"https:\/\/english-munich.de\/blog\/wp-json\/wp\/v2\/pages"}],"about":[{"href":"https:\/\/english-munich.de\/blog\/wp-json\/wp\/v2\/types\/page"}],"author":[{"embeddable":true,"href":"https:\/\/english-munich.de\/blog\/wp-json\/wp\/v2\/users\/3"}],"replies":[{"embeddable":true,"href":"https:\/\/english-munich.de\/blog\/wp-json\/wp\/v2\/comments?post=6433"}],"version-history":[{"count":23,"href":"https:\/\/english-munich.de\/blog\/wp-json\/wp\/v2\/pages\/6433\/revisions"}],"predecessor-version":[{"id":7365,"href":"https:\/\/english-munich.de\/blog\/wp-json\/wp\/v2\/pages\/6433\/revisions\/7365"}],"wp:attachment":[{"href":"https:\/\/english-munich.de\/blog\/wp-json\/wp\/v2\/media?parent=6433"}],"curies":[{"name":"wp","href":"https:\/\/api.w.org\/{rel}","templated":true}]}}