{"id":6418,"date":"2015-07-22T20:24:54","date_gmt":"2015-07-22T19:24:54","guid":{"rendered":"https:\/\/english-munich.de\/blog\/?page_id=6418"},"modified":"2020-09-14T16:48:17","modified_gmt":"2020-09-14T15:48:17","slug":"if-satze-erklarungen","status":"publish","type":"page","link":"https:\/\/english-munich.de\/blog\/if-satze-erklarungen\/","title":{"rendered":"If Satze &#8211; Erkl\u00e4rungen"},"content":{"rendered":"<h1>If-S\u00e4tze im Englischen in der praktischen Anwendung<\/h1>\n\n<table id=\"tablepress-48\" class=\"tablepress tablepress-id-48\">\n<thead>\n<tr class=\"row-1\">\n\t<td class=\"column-1\"><\/td><th class=\"column-2\">if-Satz<\/th><th class=\"column-3\">Folgesatz<\/th><th class=\"column-4\">Wahrscheinlichkeit<\/th>\n<\/tr>\n<\/thead>\n<tbody class=\"row-striping row-hover\">\n<tr class=\"row-2\">\n\t<td class=\"column-1\">if-Satz Typ 1<\/td><td class=\"column-2\">simple present<\/td><td class=\"column-3\">will-future, can, need etc.<\/td><td class=\"column-4\">der Bedingung aus dem if-Satz folgt zwingend eine Konsequenz<\/td>\n<\/tr>\n<tr class=\"row-3\">\n\t<td class=\"column-1\">Beispiel:<\/td><td class=\"column-2\">If you work hard,<\/td><td class=\"column-3\">you will be successful.<\/td><td class=\"column-4\"><\/td>\n<\/tr>\n<tr class=\"row-4\">\n\t<td class=\"column-1\">if-Satz Typ 2<\/td><td class=\"column-2\">simple past<\/td><td class=\"column-3\">Konditional I<br \/>\nwould+Grundform<\/td><td class=\"column-4\">Bedingung noch m\u00f6glich, aber nicht wahrscheinlich<\/td>\n<\/tr>\n<tr class=\"row-5\">\n\t<td class=\"column-1\">Beispiel:<\/td><td class=\"column-2\">If I had money,<\/td><td class=\"column-3\">I would buy a BMW.<\/td><td class=\"column-4\"><\/td>\n<\/tr>\n<tr class=\"row-6\">\n\t<td class=\"column-1\">if-Satz Typ 3<\/td><td class=\"column-2\">past perfect<\/td><td class=\"column-3\">Konditional II<br \/>\nwould have+ infinitive perfect<\/td><td class=\"column-4\">Bedingung nicht mehr erf\u00fcllbar<\/td>\n<\/tr>\n<tr class=\"row-7\">\n\t<td class=\"column-1\">Beispiel: <\/td><td class=\"column-2\">If I had had money,<\/td><td class=\"column-3\">I would have bought a BMW.<\/td><td class=\"column-4\"><\/td>\n<\/tr>\n<\/tbody>\n<\/table>\n<!-- #tablepress-48 from cache -->\n<h2>If-Satz Typ I<\/h2>\n<p>Im If-Satz Typ I folgt aus der Vorgabe des if-Satzes <em>zwingend<\/em> eine <em>Konsequenz<\/em> im<em> Folgesatz<\/em>.<br \/>\nWenn A, dann B. Im <em>if-Satz<\/em> steht <em>simple present<\/em>, im<em> Folgesatz<\/em> <em>will-future<\/em> oder ein <em>modales Hilfsverb (can, need etc.) + Infinitiv.<\/em><\/p>\n<p><em>Beispiel: If you eat less, you will lose weight.<\/em><\/p>\n<h2>If Satz Typ II<\/h2>\n<p>Die Bedingung des<em> if-Satzes<\/em> ist zwar <em>unwahrscheinlich<\/em> aber noch <em>erf\u00fcllbar<\/em>. Im if-Satz steht simple <em>past<\/em>, im Folgesatz Konditional I (would + Grundform).<\/p>\n<p><em>Beispiel: If you worked hard, you would be more succesful.<\/em><\/p>\n<p>&nbsp;<br \/>\n<iframe width=\"560\" height=\"315\" src=\"https:\/\/www.youtube.com\/embed\/1S3m06l49oU\" frameborder=\"0\" allow=\"accelerometer; autoplay; encrypted-media; gyroscope; picture-in-picture\" allowfullscreen><\/iframe><\/p>\n<h2>If-Satz Typ III<\/h2>\n<p>Die Bedingung des<em> if-Satzes<\/em> ist<em> nicht mehr erf\u00fcllbar<\/em>. Der if-Satz steht im <em>past perfect,<\/em> der Folgesatz im <em>Konditional II (would have &#8211; present perfect infitive).<\/em><\/p>\n<p><em>Beispiel: If you had worked harder, you would have been more successful.<\/em><\/p>\n<h2>0 Konditional<\/h2>\n<p>Beim sogenannten <em>0-Konditional<\/em> steht im if-Satz eine <em>Bedingung<\/em> im <em>simple present<\/em>, die einen <em>Befehl<\/em> im Imperativ im Konsekutivsatz zur<em> Folge<\/em> hat.<\/p>\n<p><em>Beispiel: If you don&#8217;t like it, go<\/em><\/p>\n<div id=\"attachment_6933\" style=\"width: 659px\" class=\"wp-caption alignnone\"><a href=\"https:\/\/english-munich.de\/blog\/wp-content\/uploads\/2015\/07\/if-s\u00e4tze-Gegen\u00fcberstellung.png\"><img decoding=\"async\" aria-describedby=\"caption-attachment-6933\" class=\" wp-image-6933\" src=\"https:\/\/english-munich.de\/blog\/wp-content\/uploads\/2015\/07\/if-s\u00e4tze-Gegen\u00fcberstellung.png\" alt=\"if-saetze-erkl\u00e4rungen\" width=\"649\" height=\"487\" srcset=\"https:\/\/english-munich.de\/blog\/wp-content\/uploads\/2015\/07\/if-s\u00e4tze-Gegen\u00fcberstellung.png 744w, https:\/\/english-munich.de\/blog\/wp-content\/uploads\/2015\/07\/if-s\u00e4tze-Gegen\u00fcberstellung-300x225.png 300w, https:\/\/english-munich.de\/blog\/wp-content\/uploads\/2015\/07\/if-s\u00e4tze-Gegen\u00fcberstellung-624x468.png 624w, https:\/\/english-munich.de\/blog\/wp-content\/uploads\/2015\/07\/if-s\u00e4tze-Gegen\u00fcberstellung-20x15.png 20w\" sizes=\"(max-width: 649px) 100vw, 649px\" \/><\/a><p id=\"caption-attachment-6933\" class=\"wp-caption-text\">If-S\u00e4tze &#8211; wenn das W\u00f6rtchen wenn nicht w\u00e4r<\/p><\/div>\n<p>&nbsp;<\/p>\n<h2>\u00dcbungen if-S\u00e4tze<\/h2>\n<p><a href=\"https:\/\/english-munich.de\/blog\/if-und-when\/\"> <button>if und when Unterschied<\/button><\/a><\/p>\n<p><a href=\"https:\/\/english-munich.de\/blog\/if-satz-typ-1\/\"> <button>If-Satz Typ 1<\/button><\/a> <a href=\"https:\/\/english-munich.de\/blog\/if-satze-typ-2\/\"> <button>If-Satz Typ 2<\/button><\/a> <a href=\"https:\/\/english-munich.de\/blog\/if-satze-typ-3\/\"> <button>If-Satz Typ 3<\/button><\/a><\/p>\n<p><a href=\"https:\/\/english-munich.de\/blog\/if-satz-typ-i-und-ii\/\"> <button>If-Satz Typ 1 und 2 Gegen\u00fcberstellung<\/button><\/a> <a href=\"https:\/\/english-munich.de\/blog\/if-satze-typ-1-2und-3-gegenuberstellung\/\"> <button>If-Satz Typ 1,2 und 3 Gegen\u00fcberstellung<\/button><\/a><\/p>\n","protected":false},"excerpt":{"rendered":"<p>If-S\u00e4tze im Englischen in der praktischen Anwendung If-Satz Typ I Im If-Satz Typ I folgt aus der Vorgabe des if-Satzes zwingend eine Konsequenz im Folgesatz. Wenn A, dann B. Im if-Satz steht simple present, im Folgesatz will-future oder ein modales Hilfsverb (can, need etc.) + Infinitiv. Beispiel: If you eat less, you will lose weight. [&hellip;]<\/p>\n","protected":false},"author":3,"featured_media":0,"parent":0,"menu_order":0,"comment_status":"closed","ping_status":"open","template":"","meta":{"footnotes":"","_links_to":"","_links_to_target":""},"class_list":["post-6418","page","type-page","status-publish","hentry"],"_links":{"self":[{"href":"https:\/\/english-munich.de\/blog\/wp-json\/wp\/v2\/pages\/6418","targetHints":{"allow":["GET"]}}],"collection":[{"href":"https:\/\/english-munich.de\/blog\/wp-json\/wp\/v2\/pages"}],"about":[{"href":"https:\/\/english-munich.de\/blog\/wp-json\/wp\/v2\/types\/page"}],"author":[{"embeddable":true,"href":"https:\/\/english-munich.de\/blog\/wp-json\/wp\/v2\/users\/3"}],"replies":[{"embeddable":true,"href":"https:\/\/english-munich.de\/blog\/wp-json\/wp\/v2\/comments?post=6418"}],"version-history":[{"count":7,"href":"https:\/\/english-munich.de\/blog\/wp-json\/wp\/v2\/pages\/6418\/revisions"}],"predecessor-version":[{"id":6421,"href":"https:\/\/english-munich.de\/blog\/wp-json\/wp\/v2\/pages\/6418\/revisions\/6421"}],"wp:attachment":[{"href":"https:\/\/english-munich.de\/blog\/wp-json\/wp\/v2\/media?parent=6418"}],"curies":[{"name":"wp","href":"https:\/\/api.w.org\/{rel}","templated":true}]}}