{"id":6339,"date":"2015-07-21T06:00:38","date_gmt":"2015-07-21T05:00:38","guid":{"rendered":"https:\/\/english-munich.de\/blog\/?page_id=6339"},"modified":"2020-07-22T10:02:02","modified_gmt":"2020-07-22T09:02:02","slug":"unterschiede-will-future-going-to-future-ing-form-simple-present","status":"publish","type":"page","link":"https:\/\/english-munich.de\/blog\/unterschiede-will-future-going-to-future-ing-form-simple-present\/","title":{"rendered":"Unterschiede &#8211; will future, going-to-future, -ing Form, simple present"},"content":{"rendered":"<h1>Unterschiedliche Arten die Zukunftsform auszudr\u00fccken im Englischen<\/h1>\n<h2>will future<\/h2>\n<p>Das <em>will future<\/em> wird verwendet, wenn man eine Vorhersage oder Vermutung anstellt, die in der Zukunft m\u00f6glicherweise eintritt. Die Wahrscheinlichkeit, bzw. Verbindlichkeit des Eintreffens diese Ereignisses ist eher vage.<\/p>\n<p><em>zum Beispiel:<\/em><\/p>\n<p>Johnny will <em>probably<\/em> win this match. <em>(Es ist wahrscheinlich, aber keinesfall sicher, dass er gewinnt)<\/em><\/p>\n<div id=\"attachment_6348\" style=\"width: 260px\" class=\"wp-caption alignnone\"><a href=\"https:\/\/english-munich.de\/blog\/wp-content\/uploads\/2015\/07\/tennisguy.png\"><img decoding=\"async\" aria-describedby=\"caption-attachment-6348\" class=\"wp-image-6348 size-medium\" src=\"https:\/\/english-munich.de\/blog\/wp-content\/uploads\/2015\/07\/tennisguy-250x300.png\" alt=\"verschiedene Zukunftsformen - will future, going to future, -ing form, present simple\" width=\"250\" height=\"300\" srcset=\"https:\/\/english-munich.de\/blog\/wp-content\/uploads\/2015\/07\/tennisguy.png 250w, https:\/\/english-munich.de\/blog\/wp-content\/uploads\/2015\/07\/tennisguy-17x20.png 17w\" sizes=\"(max-width: 250px) 100vw, 250px\" \/><\/a><p id=\"caption-attachment-6348\" class=\"wp-caption-text\">Johnny will probably win this match. &#8211; wahrscheilich, aber keinesfalls sicher<\/p><\/div>\n<p>Signalw\u00f6rter:<em> probably, maybe, presumably, in all likelyhood etc.<\/em><\/p>\n<p>Das <em>will-future<\/em> steht auch nach <em>Verben<\/em> der <em>Vermutung und Meinungs\u00e4u\u00dferung:<br \/>\n<\/em><br \/>\n<em>think, presume, hope, I&#8217;m sure, I believe etc.<\/em><\/p>\n<p>Das <em>will future<\/em> wird auch ben\u00fctzt, um eine Aussage f\u00fcr die<em> unmittelbare Zukunft<\/em> zu machen. Dies ist besonders t\u00fcckisch, weil hier im Deutschen das<em> Pr\u00e4sens<\/em> steht.<\/p>\n<p>Johnny will have a beer,<br \/>\nI will drink a lemonade. <em>(Johnny hat sich f\u00fcr ein Bier entschieden, ich\u00a0 trinke eine Limo)<\/em><\/p>\n<h2>going-to-future<\/h2>\n<p><iframe width=\"560\" height=\"315\" src=\"https:\/\/www.youtube.com\/embed\/oNLJZCQMNFU\" frameborder=\"0\" allow=\"accelerometer; autoplay; encrypted-media; gyroscope; picture-in-picture\" allowfullscreen><\/iframe><br \/>\nDas going-to-future wird im Englischen verwendet, wenn es sich bei einer Aussage um einen geplanten Entschluss handelt. Als Bauerregel gilt, dass, immer wenn du im Deutschen gedanklich &#8222;<em>habe vor<\/em>&#8220; erg\u00e4nzen kannst, das going-to-future greift.<\/p>\n<p>We <em>are going to have<\/em> party next week.<\/p>\n<p><em>(Wir haben vor n\u00e4chste Woche eine Party zu geben, dieses vorhaben ist sehr viel verbindlicher als eine Aussage im will future.)<\/em><\/p>\n<p>Au\u00dferdem wird das going-to-future verwendet wenn man etwas aufgrund von \u00e4u\u00dferen Umst\u00e4nden vorhersagen kann.<\/p>\n<p><em>Look at the clouds, it is going to rain.<\/em><\/p>\n<p><em>(Aufgrund der Wolkenbildung am Himmel ist ein Regen sehr wahrscheinlich)<\/em><\/p>\n<h2>-ing Form<\/h2>\n<p>Man kann sich im Englischen auch auf ein Ereignis in der Zukunft beziehen, indem man die <em>Verlaufsform der Gegenwart (-ing Form) <\/em>verwendet. Alle Vorbereitungen sind dann getroffen und dieses Ereignis wird dann mit sehr hoher Wahrscheinlichkeit eintreffen.<\/p>\n<p>I am going to London tomorrow.<\/p>\n<p><em> (die Tickets sind gekauft, und falls keine Naturkatastrophe eintritt, fliege ich morgen nach London)<\/em><\/p>\n<p><em>Signalw\u00f6rter<\/em> sind in diesem Zusammenhang <em>genaue Zeitangaben der Zukunft: tomorrow, next Saturday at 8 etc.<\/em><\/p>\n<p>&nbsp;<\/p>\n<h2>simple present<\/h2>\n<p>Kurioserweise kann man die Zukunft im Englischen auch mit dem <em>simple present (einfache Gegenwart)<\/em> ausdr\u00fccken. Dies ist immer dann der Fall wenn ein Ereignis in der Zukunft <em>regelm\u00e4\u00dfig<\/em> abl\u00e4uft. <em>(Fahrpl\u00e4ne, Kinoprogramm etc.)<\/em><\/p>\n<p>I am going to London tomorrow, the plane leaves at 8.<\/p>\n<p><em>(Ich fliege morgen um 8 nach London und das Flugzeug geht fahrplanm\u00e4\u00dfig um 8.)<\/em><\/p>\n<h2>Future Formen \u00dcbersicht<\/h2>\n\n<table id=\"tablepress-47\" class=\"tablepress tablepress-id-47\">\n<thead>\n<tr class=\"row-1\">\n\t<td class=\"column-1\"><\/td><th class=\"column-2\">will future<\/th><th class=\"column-3\">going-to-future<\/th><th class=\"column-4\">-ing form<\/th><th class=\"column-5\">simple present<\/th>\n<\/tr>\n<\/thead>\n<tbody class=\"row-striping row-hover\">\n<tr class=\"row-2\">\n\t<td class=\"column-1\">Signalw\u00f6rter<\/td><td class=\"column-2\">probably, maybe, presumably<br \/>\nVerben der Vermutung:<br \/>\nI think, I'm sure, I believe<\/td><td class=\"column-3\">wenn man im Deutschen<br \/>\ngedanklich \"habe vor\"<br \/>\nerg\u00e4nzen kann<\/td><td class=\"column-4\">genaue Zeitangaben in der Zukunft:<br \/>\ntomorrow, next Sunday at 8<\/td><td class=\"column-5\">Ereignisse der Zukunft innerhalb von Zeitpl\u00e4nne, Fahrpl\u00e4nen, Kinoprogrammen etc.<\/td>\n<\/tr>\n<tr class=\"row-3\">\n\t<td class=\"column-1\">Wahrscheinlichkeit des<br \/>\nEintreffens<\/td><td class=\"column-2\">durchaus wahrscheinlich aber nicht sicher<\/td><td class=\"column-3\">ziemlich wahrscheinlich, alle Pl\u00e4ne und Vorbereitungn werden getroffen<\/td><td class=\"column-4\">sehr wahrscheinlich, das Eintreffen des Ereignisses kann nur durch h\u00f6here Gewalt verhindert werden<\/td><td class=\"column-5\">planm\u00e4\u00dfig<\/td>\n<\/tr>\n<tr class=\"row-4\">\n\t<td class=\"column-1\">Verwendung<\/td><td class=\"column-2\">Vermutungen<br \/>\nunmittelbare Zukunft<br \/>\nspontane Entschl\u00fcsse<\/td><td class=\"column-3\">geplanter Entschluss<br \/>\nVorhersagen aufgrund von \u00e4u\u00dferen Umst\u00e4nden<\/td><td class=\"column-4\">Terminvereinbarungen, Meetings, Reisevorbereitungen<\/td><td class=\"column-5\">Fahrpl\u00e4n, Zeitpl\u00e4ne, Kinoprogramme<\/td>\n<\/tr>\n<\/tbody>\n<\/table>\n<!-- #tablepress-47 from cache -->\n<h1>\u00dcbungen will future, going-to-future, alle future Formen<\/h1>\n<p><a href=\"https:\/\/english-munich.de\/blog\/will-future-going-to-future\/\"><button> \u00dcbungen Unterschied will future going-to-future <\/button><\/a><\/p>\n<p><a href=\"https:\/\/english-munich.de\/blog\/ubungen-alle-future-formen\/\"><button> \u00dcbungen alle future Formen <\/button><\/a><\/p>\n","protected":false},"excerpt":{"rendered":"<p>Unterschiedliche Arten die Zukunftsform auszudr\u00fccken im Englischen will future Das will future wird verwendet, wenn man eine Vorhersage oder Vermutung anstellt, die in der Zukunft m\u00f6glicherweise eintritt. Die Wahrscheinlichkeit, bzw. Verbindlichkeit des Eintreffens diese Ereignisses ist eher vage. zum Beispiel: Johnny will probably win this match. (Es ist wahrscheinlich, aber keinesfall sicher, dass er gewinnt) [&hellip;]<\/p>\n","protected":false},"author":3,"featured_media":0,"parent":0,"menu_order":0,"comment_status":"closed","ping_status":"open","template":"","meta":{"footnotes":"","_links_to":"","_links_to_target":""},"class_list":["post-6339","page","type-page","status-publish","hentry"],"_links":{"self":[{"href":"https:\/\/english-munich.de\/blog\/wp-json\/wp\/v2\/pages\/6339","targetHints":{"allow":["GET"]}}],"collection":[{"href":"https:\/\/english-munich.de\/blog\/wp-json\/wp\/v2\/pages"}],"about":[{"href":"https:\/\/english-munich.de\/blog\/wp-json\/wp\/v2\/types\/page"}],"author":[{"embeddable":true,"href":"https:\/\/english-munich.de\/blog\/wp-json\/wp\/v2\/users\/3"}],"replies":[{"embeddable":true,"href":"https:\/\/english-munich.de\/blog\/wp-json\/wp\/v2\/comments?post=6339"}],"version-history":[{"count":15,"href":"https:\/\/english-munich.de\/blog\/wp-json\/wp\/v2\/pages\/6339\/revisions"}],"predecessor-version":[{"id":7339,"href":"https:\/\/english-munich.de\/blog\/wp-json\/wp\/v2\/pages\/6339\/revisions\/7339"}],"wp:attachment":[{"href":"https:\/\/english-munich.de\/blog\/wp-json\/wp\/v2\/media?parent=6339"}],"curies":[{"name":"wp","href":"https:\/\/api.w.org\/{rel}","templated":true}]}}