{"id":6322,"date":"2015-07-20T20:31:46","date_gmt":"2015-07-20T19:31:46","guid":{"rendered":"https:\/\/english-munich.de\/blog\/?page_id=6322"},"modified":"2016-04-13T21:12:06","modified_gmt":"2016-04-13T20:12:06","slug":"simple-past-present-perfect-unterschied","status":"publish","type":"page","link":"https:\/\/english-munich.de\/blog\/simple-past-present-perfect-unterschied\/","title":{"rendered":"simple past &#8211; present perfect &#8211; Unterschied"},"content":{"rendered":"<p>\n<a href=\"https:\/\/english-munich.de\/blog\/simple-past-past-perfect-gegenuberstellung-2\/\"><button>Unterschied simple past &#8211; past perfect <\/button><\/a><\/p>\n<p><a href=\"https:\/\/english-munich.de\/blog\/simple-past-past-progressive-gegenuberstellung-2\/\"><button> Unterschied simple past- past progressive <\/button><\/a><\/p>\n<h1>simple past &#8211; present perfect &#8211; unterschiedliche Anwendung in der Praxis<\/h1>\n<h2>simple past<\/h2>\n<p>Das <em>simple past<\/em> wird im Englischen verwendet, um eine einmalige Handlung zu beschreiben, die in der <em>Vergangenheit<\/em> zu einem bestimmten Zeitpunkt stattgefunden hat, und f\u00fcr die <em>Gegenwart<\/em> <em>keine Bedeutung<\/em> mehr hat.<\/p>\n<p><em>typische Signalw\u00f6rter: yesterday, last week, ago, when?(Frage nach einem Zeitpunkt in der Vergangenheit) <\/em><\/p>\n<h2>present perfect<\/h2>\n<p>Das <em>present perfect<\/em> beschreibt einen Vorgang der in der <em>Vergangenheit<\/em> stattgefunden hat,\u00a0 bis in die <em>Gegenwart<\/em> andauert, oder f\u00fcr diese noch eine Bedeutung hat.<\/p>\n<p><em>typische Signalw\u00f6rter: already, never, ever, before, for, since, always, yet? (schon in Fragen)<\/em><\/p>\n<p><a href=\"https:\/\/english-munich.de\/blog\/wp-content\/uploads\/2015\/07\/present-perfect-simple-past-Unterschied.png\"><img decoding=\"async\" class=\"alignnone wp-image-6325 size-full\" src=\"https:\/\/english-munich.de\/blog\/wp-content\/uploads\/2015\/07\/present-perfect-simple-past-Unterschied.png\" alt=\"present perfect -simple past -Unterschied\" width=\"739\" height=\"432\" srcset=\"https:\/\/english-munich.de\/blog\/wp-content\/uploads\/2015\/07\/present-perfect-simple-past-Unterschied.png 739w, https:\/\/english-munich.de\/blog\/wp-content\/uploads\/2015\/07\/present-perfect-simple-past-Unterschied-300x175.png 300w, https:\/\/english-munich.de\/blog\/wp-content\/uploads\/2015\/07\/present-perfect-simple-past-Unterschied-624x365.png 624w, https:\/\/english-munich.de\/blog\/wp-content\/uploads\/2015\/07\/present-perfect-simple-past-Unterschied-20x12.png 20w\" sizes=\"(max-width: 739px) 100vw, 739px\" \/><\/a><\/p>\n<p><em>zum Beispiel:<\/em><\/p>\n<p>Jim <em>has broken<\/em> his leg.<\/p>\n<p>Jim&#8217;s Bein wurde in der <em>Vergangenheit<\/em> gebrochen und ist <em>immer noch<\/em> verletzt.<\/p>\n<p>Jim <em>broke<\/em> his leg.<\/p>\n<p>Jim hat sich das Bein in der <em>Vergangenheit<\/em> gebrochen, und es ist in der Zwischenzeit <em>wieder verheilt<\/em>.<\/p>\n<h2>\u00dcbungen simple past &#8211; present perfect &#8211; Unterschied<\/h2>\n<p><a href=\"https:\/\/english-munich.de\/blog\/simple-past-present-perfect-gegenuberstellung\/\"><button> simple past &#8211; present perfect Gegen\u00fcberstellung \u00dcbung <\/button><\/a><\/p>\n<p><a href=\"https:\/\/english-munich.de\/blog\/simple-past-present-perfect-signalworter\/\"><button> simple past &#8211; present perfect Gegen\u00fcberstellung Signalw\u00f6rter \u00dcbung <\/button><\/a><\/p>\n","protected":false},"excerpt":{"rendered":"<p>Unterschied simple past &#8211; past perfect Unterschied simple past- past progressive simple past &#8211; present perfect &#8211; unterschiedliche Anwendung in der Praxis simple past Das simple past wird im Englischen verwendet, um eine einmalige Handlung zu beschreiben, die in der Vergangenheit zu einem bestimmten Zeitpunkt stattgefunden hat, und f\u00fcr die Gegenwart keine Bedeutung mehr hat. [&hellip;]<\/p>\n","protected":false},"author":3,"featured_media":0,"parent":0,"menu_order":0,"comment_status":"closed","ping_status":"open","template":"","meta":{"footnotes":"","_links_to":"","_links_to_target":""},"class_list":["post-6322","page","type-page","status-publish","hentry"],"_links":{"self":[{"href":"https:\/\/english-munich.de\/blog\/wp-json\/wp\/v2\/pages\/6322","targetHints":{"allow":["GET"]}}],"collection":[{"href":"https:\/\/english-munich.de\/blog\/wp-json\/wp\/v2\/pages"}],"about":[{"href":"https:\/\/english-munich.de\/blog\/wp-json\/wp\/v2\/types\/page"}],"author":[{"embeddable":true,"href":"https:\/\/english-munich.de\/blog\/wp-json\/wp\/v2\/users\/3"}],"replies":[{"embeddable":true,"href":"https:\/\/english-munich.de\/blog\/wp-json\/wp\/v2\/comments?post=6322"}],"version-history":[{"count":6,"href":"https:\/\/english-munich.de\/blog\/wp-json\/wp\/v2\/pages\/6322\/revisions"}],"predecessor-version":[{"id":6324,"href":"https:\/\/english-munich.de\/blog\/wp-json\/wp\/v2\/pages\/6322\/revisions\/6324"}],"wp:attachment":[{"href":"https:\/\/english-munich.de\/blog\/wp-json\/wp\/v2\/media?parent=6322"}],"curies":[{"name":"wp","href":"https:\/\/api.w.org\/{rel}","templated":true}]}}