{"id":6297,"date":"2015-07-20T13:13:49","date_gmt":"2015-07-20T12:13:49","guid":{"rendered":"https:\/\/english-munich.de\/blog\/?page_id=6297"},"modified":"2021-03-21T19:53:46","modified_gmt":"2021-03-21T18:53:46","slug":"unterschied-simple-present-present-progressive","status":"publish","type":"page","link":"https:\/\/english-munich.de\/blog\/unterschied-simple-present-present-progressive\/","title":{"rendered":"Unterschied simple present &#8211; present progressive"},"content":{"rendered":"<h1>Unterschiedliche Verwendung von simple present (einfache Form) und present progressive (Verlaufsform)<\/h1>\n<p>Das Hauptunterscheidungsmerkmal zwischen der <em>einfachen Form (simple present)<\/em> und der <em>Verlaufsform (present progressive)<\/em> liegt darin, dass das <em>simple present<\/em> einen Vorgang beschreibt der <em>regelm\u00e4\u00dfig<\/em> stattfindet, w\u00e4hrend das <em>present progressiv<\/em>e sich auf eine T\u00e4tigkeit bezieht, die gerade <em>im Moment<\/em> stattfindet.<br \/>\n\n<table id=\"tablepress-45\" class=\"tablepress tablepress-id-45\">\n<thead>\n<tr class=\"row-1\">\n\t<td class=\"column-1\"><\/td><th class=\"column-2\">simple present<\/th><th class=\"column-3\">present progressive<\/th>\n<\/tr>\n<\/thead>\n<tbody class=\"row-striping row-hover\">\n<tr class=\"row-2\">\n\t<td class=\"column-1\">Verwendung<\/td><td class=\"column-2\">regelm\u00e4\u00dfige, gewohnheitsm\u00e4\u00dfige Tatigkeit<\/td><td class=\"column-3\">im Moment oder vor\u00fcbergehend<\/td>\n<\/tr>\n<tr class=\"row-3\">\n\t<td class=\"column-1\">Signalw\u00f6rter<\/td><td class=\"column-2\">always, usually, never, sometimes, often, every week<br \/>\nregularly<\/td><td class=\"column-3\">at the moment, now, just<br \/>\nthis week, currently, presently<\/td>\n<\/tr>\n<\/tbody>\n<\/table>\n<br \/>\n<em>zum Beispiel:<\/em><\/p>\n<p>Jim <em>plays<\/em> tennis.\u00a0 (im Verein,<em> regelm\u00e4\u00dfig<\/em>, als Hobby)<br \/>\nJim <em>is playing<\/em> tennis. (er spielt es gerade<em> im Moment<\/em>)<\/p>\n<p>Signalw\u00f6rter present simple: <em>always, sometimes, usually, never, often, every day<\/em><br \/>\nSignalw\u00f6rter present progressive: <em>now, at the moment, just, presently, currently<\/em><\/p>\n<p>Das <em>present progressive<\/em> wird jedoch auch verwendet, um zu beschreiben, dass es sich bei einer T\u00e4tigkeit die v<em>or\u00fcbergehend<\/em> ist.<\/p>\n<p><em>zum Beispiel: My<\/em> son <em>is studying<\/em> medicine.<\/p>\n<p>Das Medizinstudium dauert zwar lange und ist <em>regelm\u00e4\u00dfig<\/em>, jedoch muss hier das <em>present progressive<\/em> verwendet werden, um den<em> vorr\u00fcbergehenden<\/em> Charakter des Studiums zu unterstreichen. Schlie\u00dflich will der Sohnemann irgendwann einmal Arzt sein.<\/p>\n<p><a href=\"https:\/\/english-munich.de\/blog\/wp-content\/uploads\/2015\/07\/simple-present-present-progressive-Beispiel.png\"><img decoding=\"async\" class=\"alignnone wp-image-6298 size-medium\" src=\"https:\/\/english-munich.de\/blog\/wp-content\/uploads\/2015\/07\/simple-present-present-progressive-Beispiel-300x276.png\" alt=\"simple present - present progressive - Beispiel\" width=\"300\" height=\"276\" srcset=\"https:\/\/english-munich.de\/blog\/wp-content\/uploads\/2015\/07\/simple-present-present-progressive-Beispiel.png 300w, https:\/\/english-munich.de\/blog\/wp-content\/uploads\/2015\/07\/simple-present-present-progressive-Beispiel-20x18.png 20w\" sizes=\"(max-width: 300px) 100vw, 300px\" \/><\/a><\/p>\n<p><em>weiteres Beispiel:<\/em>\u00a0 John normally<em> plays<\/em> tennis, but this week <em>he is playing<\/em> football.<\/p>\n<p>Normalerweise spielt John tennis <em>(simple present)<\/em>, aber diese Woche Fu\u00dfball<em> (present progressive).<\/em><\/p>\n<h2>simple present &#8211; Zustandsverben<\/h2>\n<p>Es gibt eine kleine Gruppe von Verben, die einen Zustand bezeichen und deswegen auschlie\u00dflich in der einfachen Form verwendet werden.<br \/>\n<iframe width=\"560\" height=\"315\" src=\"https:\/\/www.youtube.com\/embed\/dC05e8l-p4U\" title=\"YouTube video player\" frameborder=\"0\" allow=\"accelerometer; autoplay; clipboard-write; encrypted-media; gyroscope; picture-in-picture\" allowfullscreen><\/iframe><br \/>\n<em>zum Beispiel: I need your help at the moment.<br \/>\n<\/em><br \/>\nObwohl <em>at the moment<\/em> normalerweise das<em> present progressive<\/em> verlangt, steht <em>need<\/em> im simple present, weil es zu den <em>Zustandsverben<\/em> z\u00e4hlt.<\/p>\n\n<table id=\"tablepress-46\" class=\"tablepress tablepress-id-46\">\n<thead>\n<tr class=\"row-1\">\n\t<th class=\"column-1\">Zustandsverben \u00dcbersicht:<\/th><td class=\"column-2\"><\/td><td class=\"column-3\"><\/td>\n<\/tr>\n<\/thead>\n<tbody class=\"row-striping row-hover\">\n<tr class=\"row-2\">\n\t<td class=\"column-1\">like, m\u00f6gen<\/td><td class=\"column-2\">want, wollen<\/td><td class=\"column-3\">mean, bedeuten<\/td>\n<\/tr>\n<tr class=\"row-3\">\n\t<td class=\"column-1\">love, lieben<\/td><td class=\"column-2\">believe, glauben<\/td><td class=\"column-3\">seem, scheinen<\/td>\n<\/tr>\n<tr class=\"row-4\">\n\t<td class=\"column-1\">hate, hassen<\/td><td class=\"column-2\">remember, sich erinnern<\/td><td class=\"column-3\">depend on, <br \/>\nvon etwas abh\u00e4ngen<\/td>\n<\/tr>\n<tr class=\"row-5\">\n\t<td class=\"column-1\">prefer, bevorzugen<\/td><td class=\"column-2\">forget, vergessen<\/td><td class=\"column-3\">belong to, geh\u00f6ren<\/td>\n<\/tr>\n<tr class=\"row-6\">\n\t<td class=\"column-1\">need, brauchen<\/td><td class=\"column-2\">understand, verstehen<\/td><td class=\"column-3\">know, wissen<\/td>\n<\/tr>\n<\/tbody>\n<\/table>\n\n<h2>Verben mit wechselnder Bedeutung im simple present bzw. present progressive<\/h2>\n<p>Das Wort &#8222;<em>have<\/em>&#8220; bedeutet im <em>simple present<\/em>, haben im Sinne von <em>besitzen<\/em>, in der Hosentasche haben.<br \/>\nEs wird im <em>present progressive<\/em> ausschlie\u00dflich in Verbindung mit einer <em>T\u00e4tigkeit<\/em> verwendet.<br \/>\n<em>zum Beispiel<\/em>: I am having dinner, having a holiday, having a shower etc.<\/p>\n<p>&#8222;<em>Think<\/em>&#8222;, bedeutet im <em>simple present<\/em> &#8222;<em>ich denke<\/em>&#8220; im Sinne einer <em>Meinungs\u00e4u\u00dferung<\/em>.<br \/>\nIm <em>present progressive<\/em> hei\u00dft es &#8222;<em>Ich denke \u00fcber etwas nach&#8220;<\/em>.<\/p>\n<p><em>zum Beispiel:<\/em><\/p>\n<p>I <em>think<\/em> moving to England is a good idea. <em>(Meinungs\u00e4u\u00dferung)<\/em><\/p>\n<p>I <em>am thinking<\/em> of moving to England. <em>(\u00dcberlegung)<\/em><\/p>\n<p><a href=\"https:\/\/english-munich.de\/blog\/simple-present-present-progressive-gegenuberstellung\/\"><button>\u00dcbungen present progressive simple present Gegen\u00fcberstellung<\/button><\/a><\/p>\n<p><a href=\"https:\/\/english-munich.de\/blog\/signalworter-present-progressive-simple-present\/\"><button>\u00dcbungen present progressive simple present Signalw\u00f6rter<\/button><\/a><\/p>\n","protected":false},"excerpt":{"rendered":"<p>Unterschiedliche Verwendung von simple present (einfache Form) und present progressive (Verlaufsform) Das Hauptunterscheidungsmerkmal zwischen der einfachen Form (simple present) und der Verlaufsform (present progressive) liegt darin, dass das simple present einen Vorgang beschreibt der regelm\u00e4\u00dfig stattfindet, w\u00e4hrend das present progressive sich auf eine T\u00e4tigkeit bezieht, die gerade im Moment stattfindet. zum Beispiel: Jim plays tennis.\u00a0 [&hellip;]<\/p>\n","protected":false},"author":3,"featured_media":0,"parent":0,"menu_order":0,"comment_status":"closed","ping_status":"open","template":"","meta":{"footnotes":"","_links_to":"","_links_to_target":""},"class_list":["post-6297","page","type-page","status-publish","hentry"],"_links":{"self":[{"href":"https:\/\/english-munich.de\/blog\/wp-json\/wp\/v2\/pages\/6297","targetHints":{"allow":["GET"]}}],"collection":[{"href":"https:\/\/english-munich.de\/blog\/wp-json\/wp\/v2\/pages"}],"about":[{"href":"https:\/\/english-munich.de\/blog\/wp-json\/wp\/v2\/types\/page"}],"author":[{"embeddable":true,"href":"https:\/\/english-munich.de\/blog\/wp-json\/wp\/v2\/users\/3"}],"replies":[{"embeddable":true,"href":"https:\/\/english-munich.de\/blog\/wp-json\/wp\/v2\/comments?post=6297"}],"version-history":[{"count":10,"href":"https:\/\/english-munich.de\/blog\/wp-json\/wp\/v2\/pages\/6297\/revisions"}],"predecessor-version":[{"id":6304,"href":"https:\/\/english-munich.de\/blog\/wp-json\/wp\/v2\/pages\/6297\/revisions\/6304"}],"wp:attachment":[{"href":"https:\/\/english-munich.de\/blog\/wp-json\/wp\/v2\/media?parent=6297"}],"curies":[{"name":"wp","href":"https:\/\/api.w.org\/{rel}","templated":true}]}}