{"id":6186,"date":"2015-07-19T12:19:44","date_gmt":"2015-07-19T11:19:44","guid":{"rendered":"https:\/\/english-munich.de\/blog\/?page_id=6186"},"modified":"2015-07-22T06:20:59","modified_gmt":"2015-07-22T05:20:59","slug":"going-to-future","status":"publish","type":"page","link":"https:\/\/english-munich.de\/blog\/going-to-future\/","title":{"rendered":"going-to-future -Erkl\u00e4rungen"},"content":{"rendered":"<p><a href=\"https:\/\/english-munich.de\/blog\/unterschiede-will-future-going-to-future-ing-form-simple-present\/\"><button>will future &#8211; going to future &#8211; Gegen\u00fcberstellung <\/button><\/a><\/p>\n<h1>going to future &#8211; Bildung und praktische Anwendung<\/h1>\n<p>Das <em>going-to-future<\/em> wird im Englischen benutzt, wenn eine Handlung in der Zukunft aufgrund von <em>\u00e4u\u00dferen Umst\u00e4nden<\/em> vorausgesagt werden kann:<\/p>\n<p><em>zum Beispiel<\/em>: Look at the clouds, it <em>is going to rain<\/em>.<\/p>\n<p>Aufgrund der Wolken am Himmel, kann man einen Regenguss prophezeien.<\/p>\n<div id=\"attachment_6212\" style=\"width: 244px\" class=\"wp-caption alignnone\"><a href=\"https:\/\/english-munich.de\/blog\/wp-content\/uploads\/2015\/07\/going-to-future.png\"><img decoding=\"async\" aria-describedby=\"caption-attachment-6212\" class=\"wp-image-6212 size-full\" src=\"https:\/\/english-munich.de\/blog\/wp-content\/uploads\/2015\/07\/going-to-future.png\" alt=\"going-to-future\" width=\"234\" height=\"300\" srcset=\"https:\/\/english-munich.de\/blog\/wp-content\/uploads\/2015\/07\/going-to-future.png 234w, https:\/\/english-munich.de\/blog\/wp-content\/uploads\/2015\/07\/going-to-future-16x20.png 16w\" sizes=\"(max-width: 234px) 100vw, 234px\" \/><\/a><p id=\"caption-attachment-6212\" class=\"wp-caption-text\">Look at the clouds. &#8211; It is going to rain.<\/p><\/div>\n<p>Das going to future wird auch bei <em>geplanten Entschl\u00fcssen<\/em> verwendent. Als Eselsbr\u00fccke, immer dann, wenn man im Deutschen &#8222;<em>Ich habe vor..<\/em> &#8222;erg\u00e4nzen kann.<\/p>\n<p><em>zum Beispiel<\/em>: We are <em>going to go<\/em> on holiday next week.<\/p>\n<p>Wir haben vor n\u00e4chste Woche in den Urlaub zu fahren.<\/p>\n<h2>Bildung<\/h2>\n<p>Das going to future wird mit dem Hilfsverb<em> be<\/em> + <em>going to <\/em>in Verbindung mit der\u00a0<em>Grundform des Verbs\u00a0<\/em>gebildet:<\/p>\n<h2>bejahter Aussagesatz<\/h2>\n\n<table id=\"tablepress-30\" class=\"tablepress tablepress-id-30\">\n<tbody class=\"row-striping row-hover\">\n<tr class=\"row-1\">\n\t<td class=\"column-1\">I<\/td><td class=\"column-2\">am<\/td><td class=\"column-3\">going to<\/td><td class=\"column-4\">play.<\/td>\n<\/tr>\n<tr class=\"row-2\">\n\t<td class=\"column-1\">he\/she\/it<\/td><td class=\"column-2\">is<\/td><td class=\"column-3\">going to<\/td><td class=\"column-4\">play.<\/td>\n<\/tr>\n<tr class=\"row-3\">\n\t<td class=\"column-1\">we\/you\/they<\/td><td class=\"column-2\">are<\/td><td class=\"column-3\">going to<\/td><td class=\"column-4\">play.<\/td>\n<\/tr>\n<\/tbody>\n<\/table>\n<!-- #tablepress-30 from cache -->\n<h2>verneinter Aussagesatz<\/h2>\n<p>Bei der <em>Verneinung<\/em> wird einfach ein <em>not<\/em> and das Hilfsverb <em>be<\/em> hinzugef\u00fcgt.<br \/>\nDie Kurzform ist entsprechend <em>&#8218;m not<\/em>\/<em>isn&#8217;t\/aren&#8217;t going to<\/em>.<\/p>\n\n<table id=\"tablepress-31\" class=\"tablepress tablepress-id-31\">\n<tbody class=\"row-striping row-hover\">\n<tr class=\"row-1\">\n\t<td class=\"column-1\">I<\/td><td class=\"column-2\">'m not<br \/>\nam<\/td><td class=\"column-3\">going to<\/td><td class=\"column-4\">play.<\/td>\n<\/tr>\n<tr class=\"row-2\">\n\t<td class=\"column-1\">he\/she\/it<\/td><td class=\"column-2\">is not<br \/>\nisn't<\/td><td class=\"column-3\">going to<\/td><td class=\"column-4\">play.<\/td>\n<\/tr>\n<tr class=\"row-3\">\n\t<td class=\"column-1\">we\/you\/they<\/td><td class=\"column-2\">are not<br \/>\naren't<\/td><td class=\"column-3\">going to<\/td><td class=\"column-4\">play.<\/td>\n<\/tr>\n<\/tbody>\n<\/table>\n<!-- #tablepress-31 from cache -->\n<h2>Frage<\/h2>\n<p>In der Frage wird das Hilfsverb einfach an den Anfang des Satzes gestellt. (Inversion)<\/p>\n\n<table id=\"tablepress-32\" class=\"tablepress tablepress-id-32\">\n<tbody class=\"row-striping row-hover\">\n<tr class=\"row-1\">\n\t<td class=\"column-1\">Am<\/td><td class=\"column-2\">I<\/td><td class=\"column-3\">going to<\/td><td class=\"column-4\">play?<\/td>\n<\/tr>\n<tr class=\"row-2\">\n\t<td class=\"column-1\">Is<\/td><td class=\"column-2\">he\/she\/it<\/td><td class=\"column-3\">going to<\/td><td class=\"column-4\">play?<\/td>\n<\/tr>\n<tr class=\"row-3\">\n\t<td class=\"column-1\">Are<\/td><td class=\"column-2\">we\/you\/they<\/td><td class=\"column-3\">going to<\/td><td class=\"column-4\">play?<\/td>\n<\/tr>\n<\/tbody>\n<\/table>\n<!-- #tablepress-32 from cache -->\n<h2>\u00dcbungen going to future<\/h2>\n<p><a href=\"https:\/\/english-munich.de\/blog\/going-to-future-aussagesatz-2\/\"><button>\u00dcbungen going to future Aussagesatz<\/button><\/a><\/p>\n<p><a href=\"https:\/\/english-munich.de\/blog\/going-to-future-frage-2\/\"><button>\u00dcbungen going to future Frage<\/button><\/a><\/p>\n<p><a href=\"https:\/\/english-munich.de\/blog\/going-to-future-verneinung-2\/\"><button> \u00dcbungen going to future Verneinung<\/button><\/a><\/p>\n<p><a href=\"https:\/\/english-munich.de\/blog\/going-to-future-gemischte-ubungen\/\"><button>\u00dcbungen going to future gemischt<\/button><\/a><\/p>\n","protected":false},"excerpt":{"rendered":"<p>will future &#8211; going to future &#8211; Gegen\u00fcberstellung going to future &#8211; Bildung und praktische Anwendung Das going-to-future wird im Englischen benutzt, wenn eine Handlung in der Zukunft aufgrund von \u00e4u\u00dferen Umst\u00e4nden vorausgesagt werden kann: zum Beispiel: Look at the clouds, it is going to rain. Aufgrund der Wolken am Himmel, kann man einen Regenguss [&hellip;]<\/p>\n","protected":false},"author":3,"featured_media":0,"parent":0,"menu_order":0,"comment_status":"closed","ping_status":"open","template":"","meta":{"footnotes":"","_links_to":"","_links_to_target":""},"class_list":["post-6186","page","type-page","status-publish","hentry"],"_links":{"self":[{"href":"https:\/\/english-munich.de\/blog\/wp-json\/wp\/v2\/pages\/6186","targetHints":{"allow":["GET"]}}],"collection":[{"href":"https:\/\/english-munich.de\/blog\/wp-json\/wp\/v2\/pages"}],"about":[{"href":"https:\/\/english-munich.de\/blog\/wp-json\/wp\/v2\/types\/page"}],"author":[{"embeddable":true,"href":"https:\/\/english-munich.de\/blog\/wp-json\/wp\/v2\/users\/3"}],"replies":[{"embeddable":true,"href":"https:\/\/english-munich.de\/blog\/wp-json\/wp\/v2\/comments?post=6186"}],"version-history":[{"count":11,"href":"https:\/\/english-munich.de\/blog\/wp-json\/wp\/v2\/pages\/6186\/revisions"}],"predecessor-version":[{"id":6190,"href":"https:\/\/english-munich.de\/blog\/wp-json\/wp\/v2\/pages\/6186\/revisions\/6190"}],"wp:attachment":[{"href":"https:\/\/english-munich.de\/blog\/wp-json\/wp\/v2\/media?parent=6186"}],"curies":[{"name":"wp","href":"https:\/\/api.w.org\/{rel}","templated":true}]}}