{"id":5962,"date":"2015-07-16T04:39:54","date_gmt":"2015-07-16T03:39:54","guid":{"rendered":"https:\/\/english-munich.de\/blog\/?page_id=5962"},"modified":"2016-11-21T20:54:51","modified_gmt":"2016-11-21T19:54:51","slug":"grammtik-erlauterung","status":"publish","type":"page","link":"https:\/\/english-munich.de\/blog\/grammtik-erlauterung\/","title":{"rendered":"Grammatik Erkl\u00e4rungen"},"content":{"rendered":"<h1>Erkl\u00e4rungen und Erl\u00e4uterungen zu allen g\u00e4ngigen Grammatikthemen im Englischen.<\/h1>\n<p><a href=\"https:\/\/english-munich.de\/blog\/erklarungen-zeiten\/\"><button> Zeiten <\/button><\/a> <a href=\"https:\/\/english-munich.de\/blog\/if-satze-erklarungen\/\"><button> if-S\u00e4tze <\/button><\/a> <a href=\"https:\/\/english-munich.de\/blog\/passive-leideform\/\"><button> Passiv <\/button><\/a> <a href=\"https:\/\/english-munich.de\/blog\/adjektiv-adverb-unterschied\/\"><button> Adverb \/ Adjektiv <\/button><\/a> <a href=\"https:\/\/english-munich.de\/blog\/satzstellung-relativsatze-2\/\"><button> Satzstellung, Relativs\u00e4tze -Erkl\u00e4rungen <\/button><\/a><\/p>\n<p><a href=\"https:\/\/english-munich.de\/blog\/furworter-pronomen\/\"><button> Pronomen &#8211; F\u00fcrw\u00f6rter <\/button><\/a> <a href=\"https:\/\/english-munich.de\/blog\/prapositonen-erklarungen\/\"><button> Pr\u00e4positionen <\/button><\/a> <a href=\"https:\/\/english-munich.de\/blog\/modalverben-hilfsverben-erklarungen\/\"><button> Hilfsverben\/Modalverben <\/button><\/a> <a href=\"https:\/\/english-munich.de\/blog\/infinitive-gerund-unterschied\/\"><button> Infinitiv \/ Gerund <\/button><\/a><\/p>\n<p><a href=\"https:\/\/english-munich.de\/blog\/some-any-2\/\"><button> some &#8211; any <\/button><\/a> <a href=\"https:\/\/english-munich.de\/blog\/steigerung-komparativ-superlativ\/\"><button> Steigerung <\/button><\/a> <a href=\"https:\/\/english-munich.de\/blog\/unregelmasige-verben-erklarungen\/\"><button>unregelm\u00e4\u00dfige Verben <\/button><\/a> <a href=\"https:\/\/english-munich.de\/blog\/indirekte-rede-direkte-rede\/\"><button> indirekte Rede &#8211; indirekter Fragesatz <\/button><\/a><\/p>\n<p>Grammatik ist f\u00fcr viele Englisch Lernende ein notwendiges \u00dcbel. Leider ist es besonders am Anfang wichtig die Grundlagen der Sprache zu erlernen, bevor man<br \/>\ntats\u00e4chlich Englisch sprechen kann. Diese Seite soll Dich dabei unterst\u00fctzen die manchmal ein wenig eint\u00f6nige Arbeit mit der englischen Grammatik ein wenig abwechslungsreicher zu gestalten.<br \/>\nHier findest Du Erkl\u00e4rungen zu allen g\u00e4ngigen Grammatik Themen, so aufbereitet, dass Du sofort findest, was Du brauchst.<\/p>\n<p>Wenn Du regelm\u00e4\u00dfig nachschaust, macht es irgendwann vielleicht sogar einmal Spass. Aber nicht vergessen, Grammatik ist kein Selsbstzweck, schlie\u00dflich willst Du ja irgendwann einmal Englisch sprechen.<\/p>\n<div id=\"attachment_6917\" style=\"width: 460px\" class=\"wp-caption alignnone\"><a href=\"https:\/\/english-munich.de\/blog\/wp-content\/uploads\/2015\/07\/Englisch-Grammatik-\u00dcbungen.jpg\"><img decoding=\"async\" aria-describedby=\"caption-attachment-6917\" class=\"wp-image-6917\" src=\"https:\/\/english-munich.de\/blog\/wp-content\/uploads\/2015\/07\/Englisch-Grammatik-\u00dcbungen.jpg\" alt=\"Englisch Grammatik \u00dcbungen\" width=\"450\" height=\"303\" srcset=\"https:\/\/english-munich.de\/blog\/wp-content\/uploads\/2015\/07\/Englisch-Grammatik-\u00dcbungen.jpg 640w, https:\/\/english-munich.de\/blog\/wp-content\/uploads\/2015\/07\/Englisch-Grammatik-\u00dcbungen-300x202.jpg 300w, https:\/\/english-munich.de\/blog\/wp-content\/uploads\/2015\/07\/Englisch-Grammatik-\u00dcbungen-624x420.jpg 624w, https:\/\/english-munich.de\/blog\/wp-content\/uploads\/2015\/07\/Englisch-Grammatik-\u00dcbungen-20x13.jpg 20w\" sizes=\"(max-width: 450px) 100vw, 450px\" \/><\/a><p id=\"caption-attachment-6917\" class=\"wp-caption-text\">Grammatik \u00dcbungen &#8211; notwendiges \u00dcbel, aber kein Selbstzweck<\/p><\/div>\n<p>&nbsp;<\/p>\n","protected":false},"excerpt":{"rendered":"<p>Erkl\u00e4rungen und Erl\u00e4uterungen zu allen g\u00e4ngigen Grammatikthemen im Englischen. Zeiten if-S\u00e4tze Passiv Adverb \/ Adjektiv Satzstellung, Relativs\u00e4tze -Erkl\u00e4rungen Pronomen &#8211; F\u00fcrw\u00f6rter Pr\u00e4positionen Hilfsverben\/Modalverben Infinitiv \/ Gerund some &#8211; any Steigerung unregelm\u00e4\u00dfige Verben indirekte Rede &#8211; indirekter Fragesatz Grammatik ist f\u00fcr viele Englisch Lernende ein notwendiges \u00dcbel. Leider ist es besonders am Anfang wichtig die Grundlagen [&hellip;]<\/p>\n","protected":false},"author":3,"featured_media":0,"parent":0,"menu_order":0,"comment_status":"closed","ping_status":"open","template":"","meta":{"footnotes":"","_links_to":"","_links_to_target":""},"class_list":["post-5962","page","type-page","status-publish","hentry"],"_links":{"self":[{"href":"https:\/\/english-munich.de\/blog\/wp-json\/wp\/v2\/pages\/5962","targetHints":{"allow":["GET"]}}],"collection":[{"href":"https:\/\/english-munich.de\/blog\/wp-json\/wp\/v2\/pages"}],"about":[{"href":"https:\/\/english-munich.de\/blog\/wp-json\/wp\/v2\/types\/page"}],"author":[{"embeddable":true,"href":"https:\/\/english-munich.de\/blog\/wp-json\/wp\/v2\/users\/3"}],"replies":[{"embeddable":true,"href":"https:\/\/english-munich.de\/blog\/wp-json\/wp\/v2\/comments?post=5962"}],"version-history":[{"count":22,"href":"https:\/\/english-munich.de\/blog\/wp-json\/wp\/v2\/pages\/5962\/revisions"}],"predecessor-version":[{"id":6922,"href":"https:\/\/english-munich.de\/blog\/wp-json\/wp\/v2\/pages\/5962\/revisions\/6922"}],"wp:attachment":[{"href":"https:\/\/english-munich.de\/blog\/wp-json\/wp\/v2\/media?parent=5962"}],"curies":[{"name":"wp","href":"https:\/\/api.w.org\/{rel}","templated":true}]}}