{"id":5942,"date":"2015-07-15T12:48:30","date_gmt":"2015-07-15T11:48:30","guid":{"rendered":"https:\/\/english-munich.de\/blog\/?page_id=5942"},"modified":"2015-07-20T15:49:13","modified_gmt":"2015-07-20T14:49:13","slug":"present-progressive-verlaufsform-der-gegenwart-erklarungen","status":"publish","type":"page","link":"https:\/\/english-munich.de\/blog\/present-progressive-verlaufsform-der-gegenwart-erklarungen\/","title":{"rendered":"present progressive &#8211; Verlaufsform der Gegenwart &#8211; Erkl\u00e4rungen"},"content":{"rendered":"<p><a href=\"https:\/\/english-munich.de\/blog\/unterschied-simple-present-present-progressive\/\"><button>Unterschied simple present- present progressive <\/button><\/a><\/p>\n<h1>present progressive &#8211; Verlaufsform der Gegenwart\u00a0\u00a0\u00a0\u00a0\u00a0\u00a0\u00a0\u00a0\u00a0\u00a0\u00a0\u00a0\u00a0\u00a0\u00a0 (-ing Form)<\/h1>\n<p>Das <em>present progressive (-ing Form)<\/em> wird verwendet, wenn man gerade dabei ist etwas zu tun, etwas gerade in einem bestimmten Augenblick macht, oder wenn man etwas vor\u00fcbergehend tut.<\/p>\n<p>\u25ba Die Verlaufsform wird gebildet, indem man eine Form von <em>be<\/em> als <em>Hilfsverb<\/em> mit dem Hauptverb verbindet, an das Anh\u00e4ngsel <em>-ing<\/em> hinzugef\u00fcgt\u00a0 wird.<\/p>\n<p>zum Beispiel: I <strong>am<\/strong> play<strong>ing<\/strong> football.<\/p>\n<div id=\"attachment_5571\" style=\"width: 635px\" class=\"wp-caption alignnone\"><a href=\"https:\/\/english-munich.de\/blog\/wp-content\/uploads\/2015\/06\/10863776_1549699331948771_5749374379208883416_o.png\"><img decoding=\"async\" aria-describedby=\"caption-attachment-5571\" class=\"wp-image-5571 size-large\" src=\"https:\/\/english-munich.de\/blog\/wp-content\/uploads\/2015\/06\/10863776_1549699331948771_5749374379208883416_o-1024x703.png\" alt=\"present progressive\" width=\"625\" height=\"429\" srcset=\"https:\/\/english-munich.de\/blog\/wp-content\/uploads\/2015\/06\/10863776_1549699331948771_5749374379208883416_o-1024x703.png 1024w, https:\/\/english-munich.de\/blog\/wp-content\/uploads\/2015\/06\/10863776_1549699331948771_5749374379208883416_o-300x206.png 300w, https:\/\/english-munich.de\/blog\/wp-content\/uploads\/2015\/06\/10863776_1549699331948771_5749374379208883416_o-768x527.png 768w, https:\/\/english-munich.de\/blog\/wp-content\/uploads\/2015\/06\/10863776_1549699331948771_5749374379208883416_o-624x428.png 624w, https:\/\/english-munich.de\/blog\/wp-content\/uploads\/2015\/06\/10863776_1549699331948771_5749374379208883416_o-20x14.png 20w, https:\/\/english-munich.de\/blog\/wp-content\/uploads\/2015\/06\/10863776_1549699331948771_5749374379208883416_o.png 1049w\" sizes=\"(max-width: 625px) 100vw, 625px\" \/><\/a><p id=\"caption-attachment-5571\" class=\"wp-caption-text\">das present progressive &#8211; &#8222;I am playing football.&#8220; &#8211; &#8222;Ich bin Fu\u00dfball spielend.&#8220;<\/p><\/div>\n<p>\u25ba nat\u00fcrlich gibt es auch im present progressive verschiedene Ausnahmen, auf die man achten muss:<\/p>\n<p>\u25ba stummes -e entf\u00e4llt:\u00a0\u00a0\u00a0\u00a0 <\/p>\n\n<table id=\"tablepress-28\" class=\"tablepress tablepress-id-28\">\n<tbody class=\"row-striping row-hover\">\n<tr class=\"row-1\">\n\t<td class=\"column-1\">come        <\/td><td class=\"column-2\">move<\/td>\n<\/tr>\n<tr class=\"row-2\">\n\t<td class=\"column-1\">coming     <\/td><td class=\"column-2\">moving<\/td>\n<\/tr>\n<\/tbody>\n<\/table>\n<!-- #tablepress-28 from cache -->\n<p>\u25ba Konsonantenverdoppelung:\u00a0\u00a0\u00a0\u00a0 <\/p>\n\n<table id=\"tablepress-29\" class=\"tablepress tablepress-id-29\">\n<tbody class=\"row-striping row-hover\">\n<tr class=\"row-1\">\n\t<td class=\"column-1\">stop<\/td><td class=\"column-2\">hit<\/td>\n<\/tr>\n<tr class=\"row-2\">\n\t<td class=\"column-1\">stopping<\/td><td class=\"column-2\">hitting<\/td>\n<\/tr>\n<\/tbody>\n<\/table>\n<!-- #tablepress-29 from cache -->\n<p>\u25ba In der Verneinung wird einfach das Hilfsverb<em> (be)<\/em> verneint.<\/p>\n\n<table id=\"tablepress-16\" class=\"tablepress tablepress-id-16\">\n<tbody class=\"row-striping row-hover\">\n<tr class=\"row-1\">\n\t<td class=\"column-1\">I<\/td><td class=\"column-2\">am not<br \/>\n'm not<\/td><td class=\"column-3\">playing.<\/td>\n<\/tr>\n<tr class=\"row-2\">\n\t<td class=\"column-1\">he\/she\/it<\/td><td class=\"column-2\">is not<br \/>\nisn't<\/td><td class=\"column-3\">playing.<\/td>\n<\/tr>\n<tr class=\"row-3\">\n\t<td class=\"column-1\">we\/you\/they<\/td><td class=\"column-2\">are not<br \/>\naren't<\/td><td class=\"column-3\">playing.<\/td>\n<\/tr>\n<\/tbody>\n<\/table>\n<!-- #tablepress-16 from cache -->\n<p>\u25ba In der Frage wird es vorangestellt.<\/p>\n\n<table id=\"tablepress-17\" class=\"tablepress tablepress-id-17\">\n<tbody class=\"row-striping row-hover\">\n<tr class=\"row-1\">\n\t<td class=\"column-1\">Am<\/td><td class=\"column-2\">I<\/td><td class=\"column-3\">playing?<\/td>\n<\/tr>\n<tr class=\"row-2\">\n\t<td class=\"column-1\">Is<\/td><td class=\"column-2\">he\/she\/it<\/td><td class=\"column-3\">playing?<\/td>\n<\/tr>\n<tr class=\"row-3\">\n\t<td class=\"column-1\">Are<\/td><td class=\"column-2\">we\/you\/they<\/td><td class=\"column-3\">playing?<\/td>\n<\/tr>\n<\/tbody>\n<\/table>\n<!-- #tablepress-17 from cache -->\n<p>P.S. Dieses Ph\u00e4nomen exisitert \u00fcbrigens auch im Deutschen: die<em> -ing Form<\/em>, zum Beispiel von &#8222;<em>playing<\/em>&#8222;, enspricht dem deutschen &#8222;<em>spielend<\/em>&#8222;.<\/p>\n<p>&#8222;<em>I am playing football<\/em>&#8222;, hie\u00dfe w\u00f6rtlich ins Deutsche \u00fcbersetzt: &#8222;<em>Ich bin Fu\u00dfball spielend<\/em>.&#8220;<\/p>\n<h2>\u00dcbungen present progressive:<\/h2>\n<p><a href=\"https:\/\/english-munich.de\/blog\/ubungen-present-progressive-ing-form-bejahter-aussagesatz\/ \"><button>present progressive Aussagesatz<\/button><\/a> <a href=\"https:\/\/english-munich.de\/blog\/ubungen-verneinte-aussagesatze-im-present-progressive\/\"><button>present progressive Verneinung<\/button><\/a><\/p>\n<p><a href=\"https:\/\/english-munich.de\/blog\/present-progressive-fragen\/\"><button>present progressive Fragen<\/button><\/a> <a href=\"https:\/\/english-munich.de\/blog\/present-progressive-ing-form-gemischte-ubungen\/ \"><button>present progressive gemischte \u00dcbungen<\/button><\/a><\/p>\n","protected":false},"excerpt":{"rendered":"<p>Unterschied simple present- present progressive present progressive &#8211; Verlaufsform der Gegenwart\u00a0\u00a0\u00a0\u00a0\u00a0\u00a0\u00a0\u00a0\u00a0\u00a0\u00a0\u00a0\u00a0\u00a0\u00a0 (-ing Form) Das present progressive (-ing Form) wird verwendet, wenn man gerade dabei ist etwas zu tun, etwas gerade in einem bestimmten Augenblick macht, oder wenn man etwas vor\u00fcbergehend tut. \u25ba Die Verlaufsform wird gebildet, indem man eine Form von be als Hilfsverb mit [&hellip;]<\/p>\n","protected":false},"author":3,"featured_media":0,"parent":0,"menu_order":0,"comment_status":"closed","ping_status":"open","template":"","meta":{"footnotes":"","_links_to":"","_links_to_target":""},"class_list":["post-5942","page","type-page","status-publish","hentry"],"_links":{"self":[{"href":"https:\/\/english-munich.de\/blog\/wp-json\/wp\/v2\/pages\/5942","targetHints":{"allow":["GET"]}}],"collection":[{"href":"https:\/\/english-munich.de\/blog\/wp-json\/wp\/v2\/pages"}],"about":[{"href":"https:\/\/english-munich.de\/blog\/wp-json\/wp\/v2\/types\/page"}],"author":[{"embeddable":true,"href":"https:\/\/english-munich.de\/blog\/wp-json\/wp\/v2\/users\/3"}],"replies":[{"embeddable":true,"href":"https:\/\/english-munich.de\/blog\/wp-json\/wp\/v2\/comments?post=5942"}],"version-history":[{"count":17,"href":"https:\/\/english-munich.de\/blog\/wp-json\/wp\/v2\/pages\/5942\/revisions"}],"predecessor-version":[{"id":6321,"href":"https:\/\/english-munich.de\/blog\/wp-json\/wp\/v2\/pages\/5942\/revisions\/6321"}],"wp:attachment":[{"href":"https:\/\/english-munich.de\/blog\/wp-json\/wp\/v2\/media?parent=5942"}],"curies":[{"name":"wp","href":"https:\/\/api.w.org\/{rel}","templated":true}]}}