{"id":5918,"date":"2015-07-15T06:04:58","date_gmt":"2015-07-15T05:04:58","guid":{"rendered":"https:\/\/english-munich.de\/blog\/?page_id=5918"},"modified":"2019-07-08T12:57:22","modified_gmt":"2019-07-08T11:57:22","slug":"simple-present-erklarungen","status":"publish","type":"page","link":"https:\/\/english-munich.de\/blog\/simple-present-erklarungen\/","title":{"rendered":"simple present &#8211; Erkl\u00e4rungen"},"content":{"rendered":"<p><a href=\"https:\/\/english-munich.de\/blog\/unterschied-simple-present-present-progressive\/\"><button>simple present &#8211; present progressive Gegen\u00fcberstellung<\/button><\/a><\/p>\n<h1>simple present (einfache Form)<\/h1>\n<p>Verwendet wird das simple present immer dann, wenn man eine T\u00e4tigkeit <em>regelm\u00e4\u00dfig<\/em>, bzw. <em>gewohnheitsm\u00e4\u00dfig<\/em> ausf\u00fchrt.<\/p>\n<p><em>typische Signalw\u00f6rter<\/em>: sometimes, usually, never, always, often, every day, mostly<\/p>\n<p><a href=\"https:\/\/english-munich.de\/blog\/wp-content\/uploads\/2015\/07\/simple-present-Beispiel.png\"><img decoding=\"async\" class=\"alignnone size-full wp-image-6294\" src=\"https:\/\/english-munich.de\/blog\/wp-content\/uploads\/2015\/07\/simple-present-Beispiel.png\" alt=\"simple present-Beispiel\" width=\"300\" height=\"204\" srcset=\"https:\/\/english-munich.de\/blog\/wp-content\/uploads\/2015\/07\/simple-present-Beispiel.png 300w, https:\/\/english-munich.de\/blog\/wp-content\/uploads\/2015\/07\/simple-present-Beispiel-20x14.png 20w\" sizes=\"(max-width: 300px) 100vw, 300px\" \/><\/a><\/p>\n<p>zum Beispiel: He alwas <em>goes<\/em> to the gym.<\/p>\n<p>Er geht<em> immer<\/em> ins Fitnesstudio, regelm\u00e4\u00dfig, also <em>simple present<\/em>.<\/p>\n<h2>Bildung<\/h2>\n<p>Die Bildung des<em> simple present (einfache Form)<\/em> macht im Englischen keine allzu gro\u00dfen Probleme.<br \/>\nAlle grammatikalischen Personen benutzen einfach die <em>Grundform<\/em> des Verbs.<br \/>\nDie einzige Ausnahme ist die <em>dritte<\/em> Person<em> Einzahl<\/em>, bei der ein <em>-s<\/em> an die Grundform angeh\u00e4ngt wird.<em> (he\/she\/it das -s muss mit).<\/em><\/p>\n\n<table id=\"tablepress-44\" class=\"tablepress tablepress-id-44\">\n<tbody class=\"row-striping row-hover\">\n<tr class=\"row-1\">\n\t<td class=\"column-1\">I\/you\/we\/they<\/td><td class=\"column-2\">drink<\/td>\n<\/tr>\n<tr class=\"row-2\">\n\t<td class=\"column-1\">he\/she\/it<\/td><td class=\"column-2\">drinks<\/td>\n<\/tr>\n<\/tbody>\n<\/table>\n<!-- #tablepress-44 from cache -->\n<p>Es gibt jedoch einige Ausnahmen die haupts\u00e4chlich darauf beruhen die Aussprache weicher zu machen:<\/p>\n<p>Nach einem Zischlaut <strong>(sh, ch)<\/strong> wird die Endung zu<strong> -es<\/strong>:<\/p>\n\n<table id=\"tablepress-1\" class=\"tablepress tablepress-id-1\">\n<tbody class=\"row-striping row-hover\">\n<tr class=\"row-1\">\n\t<td class=\"column-1\">I\/you\/\/we\/they<\/td><td class=\"column-2\">catch<\/td><td class=\"column-3\">wash<\/td>\n<\/tr>\n<tr class=\"row-2\">\n\t<td class=\"column-1\">he\/she\/it<\/td><td class=\"column-2\">catches<\/td><td class=\"column-3\">washes<\/td>\n<\/tr>\n<\/tbody>\n<\/table>\n<!-- #tablepress-1 from cache -->\n<p>Nach einem Konsonaten wird\u00a0 <strong>-y<\/strong> +<strong> s<\/strong> zu <strong>-ies<\/strong>:<\/p>\n\n<table id=\"tablepress-2\" class=\"tablepress tablepress-id-2\">\n<tbody class=\"row-striping row-hover\">\n<tr class=\"row-1\">\n\t<td class=\"column-1\">I\/we\/you\/they<\/td><td class=\"column-2\">fly<\/td><td class=\"column-3\">try<\/td><td class=\"column-4\">hurry<\/td><td class=\"column-5\">study<\/td>\n<\/tr>\n<tr class=\"row-2\">\n\t<td class=\"column-1\">he\/she\/it<\/td><td class=\"column-2\">flies<\/td><td class=\"column-3\">tries<\/td><td class=\"column-4\">hurries<\/td><td class=\"column-5\">studies<\/td>\n<\/tr>\n<\/tbody>\n<\/table>\n<!-- #tablepress-2 from cache -->\n<p><strong>aber<\/strong>: nach einem Vokal bleibt <strong>-y<\/strong> vor <strong>-s<\/strong> unver\u00e4ndert: <strong>pay &#8211; pays<\/strong>,\u00a0<strong> stay &#8211; stays<\/strong><\/p>\n<p><strong>have,<\/strong> <strong>do<\/strong> und<strong> does<\/strong> haben in der 3. Person Einzahl spezielle Formen:<\/p>\n\n<table id=\"tablepress-3\" class=\"tablepress tablepress-id-3\">\n<tbody class=\"row-striping row-hover\">\n<tr class=\"row-1\">\n\t<td class=\"column-1\">I\/you\/we\/they<\/td><td class=\"column-2\">have<\/td><td class=\"column-3\">go<\/td><td class=\"column-4\">do<\/td>\n<\/tr>\n<tr class=\"row-2\">\n\t<td class=\"column-1\">he\/she\/it<\/td><td class=\"column-2\">has<\/td><td class=\"column-3\">goes<\/td><td class=\"column-4\">does<\/td>\n<\/tr>\n<\/tbody>\n<\/table>\n<!-- #tablepress-3 from cache -->\n<p>Das Verb <strong>be<\/strong> ist komplett unregelm\u00e4\u00dfig:<\/p>\n\n<table id=\"tablepress-36\" class=\"tablepress tablepress-id-36\">\n<tbody class=\"row-striping row-hover\">\n<tr class=\"row-1\">\n\t<td class=\"column-1\">I<\/td><td class=\"column-2\">am<\/td>\n<\/tr>\n<tr class=\"row-2\">\n\t<td class=\"column-1\">he\/she\/it<\/td><td class=\"column-2\">is<\/td>\n<\/tr>\n<tr class=\"row-3\">\n\t<td class=\"column-1\">we\/you\/they<\/td><td class=\"column-2\">are<\/td>\n<\/tr>\n<\/tbody>\n<\/table>\n<!-- #tablepress-36 from cache -->\n<h2>Verneinung<\/h2>\n<p>Die englische Sprache verneint einen Aussagesatz indem sie diesen mit den Hilfsverben <em>do not<\/em> <em>(don\u2019t)<\/em> , bzw. <em>does not (doesn\u2019t)<\/em> umschreibt. W\u00f6rtlich \u00fcbersetzt w\u00fcrde der Satz \u201c<em>I don\u2019t like Coca<\/em> <em>Cola.<\/em>\u201d also \u201c<em>Ich tue Coca Cola nicht m\u00f6gen.<\/em>\u201d bedeuten. Etwas merkw\u00fcrdig, aber mit etwas \u00dcbung kein Problem.<br \/>\n\n<table id=\"tablepress-42\" class=\"tablepress tablepress-id-42\">\n<tbody class=\"row-striping row-hover\">\n<tr class=\"row-1\">\n\t<td class=\"column-1\">I\/you\/we\/they<\/td><td class=\"column-2\">do not<br \/>\ndon't<\/td><td class=\"column-3\">play.<\/td>\n<\/tr>\n<tr class=\"row-2\">\n\t<td class=\"column-1\">he\/she\/it<\/td><td class=\"column-2\">does not<br \/>\ndoesn't<\/td><td class=\"column-3\">play.<\/td>\n<\/tr>\n<\/tbody>\n<\/table>\n<!-- #tablepress-42 from cache --><\/p>\n<p>! Also <em>nicht<\/em> so verneinen:<em> I not play football.<\/em> oder <em>I play football not.<\/em><\/p>\n<p>Vorsicht auch, wie immer, in der dritten Person Einzahl:<\/p>\n<p>Nach der Verneinung mit <em>does not<\/em>, bzw. <em>doesn\u2019t<\/em> entf\u00e4llt beim Hauptverb das <em>s:<\/em><\/p>\n<p>She <em>doesn\u2019t<\/em> like<em>(kein s)<\/em> football.<\/p>\n<p>Die dritte Person Einzahl ist durch das<em> s<\/em> in <em>doesn\u2019t<\/em> schon ausreichend definiert.<\/p>\n<h2>Fragesatz<\/h2>\n<p>Genau wie die Verneinung umschreibt auch die Frage im simple present das Hauptverb mit den<br \/>\nHilfsverben <em>do<\/em> bzw.<em> does<\/em>.<\/p>\n<p><em>\u201cDo<\/em> you like Coca Cola?\u201d \u2013 \u201cMagst du Coca Cola?\u201d w\u00f6rtlich (\u201c<em>Tust du Coca Cola m\u00f6gen<\/em>?\u201d).<\/p>\n\n<table id=\"tablepress-43\" class=\"tablepress tablepress-id-43\">\n<tbody class=\"row-striping row-hover\">\n<tr class=\"row-1\">\n\t<td class=\"column-1\">Do<\/td><td class=\"column-2\">I\/you\/we\/they<\/td><td class=\"column-3\">play?<\/td>\n<\/tr>\n<tr class=\"row-2\">\n\t<td class=\"column-1\">Does<\/td><td class=\"column-2\">he\/she\/it<\/td><td class=\"column-3\">play?<\/td>\n<\/tr>\n<\/tbody>\n<\/table>\n<!-- #tablepress-43 from cache -->\n<div id=\"attachment_7220\" style=\"width: 130px\" class=\"wp-caption alignnone\"><a href=\"https:\/\/english-munich.de\/blog\/wp-content\/uploads\/2015\/07\/simple_present-bell.jpg\"><img decoding=\"async\" aria-describedby=\"caption-attachment-7220\" class=\"size-medium wp-image-7220\" src=\"https:\/\/english-munich.de\/blog\/wp-content\/uploads\/2015\/07\/simple_present-bell-120x300.jpg\" alt=\"simple-present-overview\" width=\"120\" height=\"300\" srcset=\"https:\/\/english-munich.de\/blog\/wp-content\/uploads\/2015\/07\/simple_present-bell-120x300.jpg 120w, https:\/\/english-munich.de\/blog\/wp-content\/uploads\/2015\/07\/simple_present-bell-768x1920.jpg 768w, https:\/\/english-munich.de\/blog\/wp-content\/uploads\/2015\/07\/simple_present-bell-410x1024.jpg 410w, https:\/\/english-munich.de\/blog\/wp-content\/uploads\/2015\/07\/simple_present-bell-624x1560.jpg 624w, https:\/\/english-munich.de\/blog\/wp-content\/uploads\/2015\/07\/simple_present-bell-8x20.jpg 8w, https:\/\/english-munich.de\/blog\/wp-content\/uploads\/2015\/07\/simple_present-bell.jpg 1600w\" sizes=\"(max-width: 120px) 100vw, 120px\" \/><\/a><p id=\"caption-attachment-7220\" class=\"wp-caption-text\">simple present &#8211; Bildung \u00dcbersicht<\/p><\/div>\n<p><a href=\"https:\/\/english-munich.de\/blog\/simple-present-bejahte-aussagesatze\/\"><button> simple present bejahte Aussages\u00e4tze \u00dcbungen <\/button><\/a><\/p>\n<p><a href=\"https:\/\/english-munich.de\/blog\/5416-2\/\"><button> simple present Verneinung \u00dcbungen <\/button><\/a><\/p>\n<p><a href=\"https:\/\/english-munich.de\/blog\/ubungen-simple-present-frage\/\"><button> simple present Frage \u00dcbungen <\/button><\/a><\/p>\n<p><a href=\"https:\/\/english-munich.de\/blog\/simple-present-gemischte-ubungen\/\"><button> simple present gemischte \u00dcbungen <\/button><\/a><\/p>\n","protected":false},"excerpt":{"rendered":"<p>simple present &#8211; present progressive Gegen\u00fcberstellung simple present (einfache Form) Verwendet wird das simple present immer dann, wenn man eine T\u00e4tigkeit regelm\u00e4\u00dfig, bzw. gewohnheitsm\u00e4\u00dfig ausf\u00fchrt. typische Signalw\u00f6rter: sometimes, usually, never, always, often, every day, mostly zum Beispiel: He alwas goes to the gym. Er geht immer ins Fitnesstudio, regelm\u00e4\u00dfig, also simple present. Bildung Die Bildung [&hellip;]<\/p>\n","protected":false},"author":3,"featured_media":0,"parent":0,"menu_order":0,"comment_status":"closed","ping_status":"open","template":"","meta":{"footnotes":"","_links_to":"","_links_to_target":""},"class_list":["post-5918","page","type-page","status-publish","hentry"],"_links":{"self":[{"href":"https:\/\/english-munich.de\/blog\/wp-json\/wp\/v2\/pages\/5918","targetHints":{"allow":["GET"]}}],"collection":[{"href":"https:\/\/english-munich.de\/blog\/wp-json\/wp\/v2\/pages"}],"about":[{"href":"https:\/\/english-munich.de\/blog\/wp-json\/wp\/v2\/types\/page"}],"author":[{"embeddable":true,"href":"https:\/\/english-munich.de\/blog\/wp-json\/wp\/v2\/users\/3"}],"replies":[{"embeddable":true,"href":"https:\/\/english-munich.de\/blog\/wp-json\/wp\/v2\/comments?post=5918"}],"version-history":[{"count":23,"href":"https:\/\/english-munich.de\/blog\/wp-json\/wp\/v2\/pages\/5918\/revisions"}],"predecessor-version":[{"id":7221,"href":"https:\/\/english-munich.de\/blog\/wp-json\/wp\/v2\/pages\/5918\/revisions\/7221"}],"wp:attachment":[{"href":"https:\/\/english-munich.de\/blog\/wp-json\/wp\/v2\/media?parent=5918"}],"curies":[{"name":"wp","href":"https:\/\/api.w.org\/{rel}","templated":true}]}}