{"id":5843,"date":"2015-07-07T07:13:38","date_gmt":"2015-07-07T06:13:38","guid":{"rendered":"https:\/\/english-munich.de\/blog\/?page_id=5843"},"modified":"2015-07-29T07:50:30","modified_gmt":"2015-07-29T06:50:30","slug":"satzstellung-relativsatze","status":"publish","type":"page","link":"https:\/\/english-munich.de\/blog\/satzstellung-relativsatze\/","title":{"rendered":"Satzstellung \/ Relativs\u00e4tze"},"content":{"rendered":"<br \/>\n<h1>\u00dcbungen, Aufgaben und L\u00f6sungen zum Thema Satztellung und Relativs\u00e4tze im Englischen:<\/h1>\n<p><a href=\"https:\/\/english-munich.de\/blog\/satzstellung\/\"><button> Satzstellung <\/button><\/a> <a href=\"https:\/\/english-munich.de\/blog\/relativsatze\/\"><button> Relativs\u00e4tze <\/button><\/a><\/p>\n","protected":false},"excerpt":{"rendered":"<p>\u00dcbungen, Aufgaben und L\u00f6sungen zum Thema Satztellung und Relativs\u00e4tze im Englischen: Satzstellung Relativs\u00e4tze<\/p>\n","protected":false},"author":3,"featured_media":0,"parent":0,"menu_order":0,"comment_status":"closed","ping_status":"open","template":"","meta":{"footnotes":"","_links_to":"","_links_to_target":""},"class_list":["post-5843","page","type-page","status-publish","hentry"],"_links":{"self":[{"href":"https:\/\/english-munich.de\/blog\/wp-json\/wp\/v2\/pages\/5843","targetHints":{"allow":["GET"]}}],"collection":[{"href":"https:\/\/english-munich.de\/blog\/wp-json\/wp\/v2\/pages"}],"about":[{"href":"https:\/\/english-munich.de\/blog\/wp-json\/wp\/v2\/types\/page"}],"author":[{"embeddable":true,"href":"https:\/\/english-munich.de\/blog\/wp-json\/wp\/v2\/users\/3"}],"replies":[{"embeddable":true,"href":"https:\/\/english-munich.de\/blog\/wp-json\/wp\/v2\/comments?post=5843"}],"version-history":[{"count":5,"href":"https:\/\/english-munich.de\/blog\/wp-json\/wp\/v2\/pages\/5843\/revisions"}],"predecessor-version":[{"id":6621,"href":"https:\/\/english-munich.de\/blog\/wp-json\/wp\/v2\/pages\/5843\/revisions\/6621"}],"wp:attachment":[{"href":"https:\/\/english-munich.de\/blog\/wp-json\/wp\/v2\/media?parent=5843"}],"curies":[{"name":"wp","href":"https:\/\/api.w.org\/{rel}","templated":true}]}}