{"id":5796,"date":"2015-07-03T15:05:56","date_gmt":"2015-07-03T14:05:56","guid":{"rendered":"https:\/\/english-munich.de\/blog\/?page_id=5796"},"modified":"2015-07-27T06:25:23","modified_gmt":"2015-07-27T05:25:23","slug":"adjektiv-adverb","status":"publish","type":"page","link":"https:\/\/english-munich.de\/blog\/adjektiv-adverb\/","title":{"rendered":"Adjektiv \/Adverb"},"content":{"rendered":"<h1>\u00dcbungen, Aufgaben und L\u00f6sungen zum Unterschied zwischen Adjektiv und Adverb im Englischen:<\/h1>\n<p><a href=\"https:\/\/english-munich.de\/blog\/adjektiv-vs-adverb\/\"><button>Adverb &#8211; Adjektiv regelm\u00e4\u00dfig<\/button><\/a> <a href=\"https:\/\/english-munich.de\/blog\/adjektivadverb-ausnahmen\/\"><button>Adverb &#8211; Adjektiv Ausnahmen<\/button><\/a><\/p>\n","protected":false},"excerpt":{"rendered":"<p>\u00dcbungen, Aufgaben und L\u00f6sungen zum Unterschied zwischen Adjektiv und Adverb im Englischen: Adverb &#8211; Adjektiv regelm\u00e4\u00dfig Adverb &#8211; Adjektiv Ausnahmen<\/p>\n","protected":false},"author":3,"featured_media":0,"parent":0,"menu_order":0,"comment_status":"closed","ping_status":"open","template":"","meta":{"footnotes":"","_links_to":"","_links_to_target":""},"class_list":["post-5796","page","type-page","status-publish","hentry"],"_links":{"self":[{"href":"https:\/\/english-munich.de\/blog\/wp-json\/wp\/v2\/pages\/5796","targetHints":{"allow":["GET"]}}],"collection":[{"href":"https:\/\/english-munich.de\/blog\/wp-json\/wp\/v2\/pages"}],"about":[{"href":"https:\/\/english-munich.de\/blog\/wp-json\/wp\/v2\/types\/page"}],"author":[{"embeddable":true,"href":"https:\/\/english-munich.de\/blog\/wp-json\/wp\/v2\/users\/3"}],"replies":[{"embeddable":true,"href":"https:\/\/english-munich.de\/blog\/wp-json\/wp\/v2\/comments?post=5796"}],"version-history":[{"count":7,"href":"https:\/\/english-munich.de\/blog\/wp-json\/wp\/v2\/pages\/5796\/revisions"}],"predecessor-version":[{"id":6565,"href":"https:\/\/english-munich.de\/blog\/wp-json\/wp\/v2\/pages\/5796\/revisions\/6565"}],"wp:attachment":[{"href":"https:\/\/english-munich.de\/blog\/wp-json\/wp\/v2\/media?parent=5796"}],"curies":[{"name":"wp","href":"https:\/\/api.w.org\/{rel}","templated":true}]}}