{"id":5765,"date":"2015-06-30T19:56:06","date_gmt":"2015-06-30T18:56:06","guid":{"rendered":"https:\/\/english-munich.de\/blog\/?page_id=5765"},"modified":"2015-07-24T12:45:33","modified_gmt":"2015-07-24T11:45:33","slug":"prapositionen","status":"publish","type":"page","link":"https:\/\/english-munich.de\/blog\/prapositionen\/","title":{"rendered":"Pr\u00e4positionen"},"content":{"rendered":"<p>\u00dcbungen, Aufgaben und L\u00f6sungen um Bezug auf Pr\u00e4positionen (Verh\u00e4ltnisw\u00f6rter) im Englischen:<\/p>\n<p><a href=\"https:\/\/english-munich.de\/blog\/prapositionen-der-zeit\/\"><button>Pr\u00e4positionen der Zeit<\/button><\/a> <a href=\"https:\/\/english-munich.de\/blog\/prapositionen-des-ortes\/\"><button>Pr\u00e4positionen des Ortes<\/button><\/a> <a href=\"https:\/\/english-munich.de\/blog\/prapositionen-der-richtung\/\"><button>Pr\u00e4positionen der Richtung<\/button><\/a><\/p>\n","protected":false},"excerpt":{"rendered":"<p>\u00dcbungen, Aufgaben und L\u00f6sungen um Bezug auf Pr\u00e4positionen (Verh\u00e4ltnisw\u00f6rter) im Englischen: Pr\u00e4positionen der Zeit Pr\u00e4positionen des Ortes Pr\u00e4positionen der Richtung<\/p>\n","protected":false},"author":3,"featured_media":0,"parent":0,"menu_order":0,"comment_status":"closed","ping_status":"open","template":"","meta":{"footnotes":"","_links_to":"","_links_to_target":""},"class_list":["post-5765","page","type-page","status-publish","hentry"],"_links":{"self":[{"href":"https:\/\/english-munich.de\/blog\/wp-json\/wp\/v2\/pages\/5765","targetHints":{"allow":["GET"]}}],"collection":[{"href":"https:\/\/english-munich.de\/blog\/wp-json\/wp\/v2\/pages"}],"about":[{"href":"https:\/\/english-munich.de\/blog\/wp-json\/wp\/v2\/types\/page"}],"author":[{"embeddable":true,"href":"https:\/\/english-munich.de\/blog\/wp-json\/wp\/v2\/users\/3"}],"replies":[{"embeddable":true,"href":"https:\/\/english-munich.de\/blog\/wp-json\/wp\/v2\/comments?post=5765"}],"version-history":[{"count":3,"href":"https:\/\/english-munich.de\/blog\/wp-json\/wp\/v2\/pages\/5765\/revisions"}],"predecessor-version":[{"id":5808,"href":"https:\/\/english-munich.de\/blog\/wp-json\/wp\/v2\/pages\/5765\/revisions\/5808"}],"wp:attachment":[{"href":"https:\/\/english-munich.de\/blog\/wp-json\/wp\/v2\/media?parent=5765"}],"curies":[{"name":"wp","href":"https:\/\/api.w.org\/{rel}","templated":true}]}}