{"id":5616,"date":"2015-06-21T08:09:55","date_gmt":"2015-06-21T07:09:55","guid":{"rendered":"https:\/\/english-munich.de\/blog\/?page_id=5616"},"modified":"2015-06-22T16:53:09","modified_gmt":"2015-06-22T15:53:09","slug":"ubungen-zunkunftwill-futuregoing-to-future","status":"publish","type":"page","link":"https:\/\/english-munich.de\/blog\/ubungen-zunkunftwill-futuregoing-to-future\/","title":{"rendered":"\u00dcbungen Zunkunft\/will-future\/going-to-future"},"content":{"rendered":"<p>\n<a href=\"https:\/\/english-munich.de\/blog\/will-future-aussagesatze\/\"><button>\u00dcbungen will-future Aussagesatz<\/button><\/a> <a href=\"https:\/\/english-munich.de\/blog\/will-future-verneinter-aussagesatz\/ \"><button>\u00dcbungen will-future Verneinung<\/button><\/a>  <\/p>\n<p><a href=\" https:\/\/english-munich.de\/blog\/will-future-frage-2\/\"><button>\u00dcbungen will-future Frage<\/button><\/a> <a href=\"https:\/\/english-munich.de\/blog\/will-future-gemischte-aufgaben\/\"><button>\u00dcbungen will-future gemischt<\/button><\/a>  <\/p>\n<p><a href=\" https:\/\/english-munich.de\/blog\/going-to-future-aussagesatz-2\/\"><button>\u00dcbungen going to future Aussagesatz<\/button><\/a> <a href=\"https:\/\/english-munich.de\/blog\/going-to-future-verneinung-2\/\"><button>\u00dcbungen going to future Verneinung<\/button><\/a><\/p>\n<p><a href=\" https:\/\/english-munich.de\/blog\/going-to-future-frage-2\/ \"><button>\u00dcbungen going to future Frage<\/button><\/a> <a href=\"https:\/\/english-munich.de\/blog\/going-to-future-gemischte-ubungen\/\"><button>\u00dcbungen going to future gemischte Aufgaben<\/button><\/a><\/p>\n","protected":false},"excerpt":{"rendered":"<p>\u00dcbungen will-future Aussagesatz \u00dcbungen will-future Verneinung \u00dcbungen will-future Frage \u00dcbungen will-future gemischt \u00dcbungen going to future Aussagesatz \u00dcbungen going to future Verneinung \u00dcbungen going to future Frage \u00dcbungen going to future gemischte Aufgaben<\/p>\n","protected":false},"author":3,"featured_media":0,"parent":0,"menu_order":0,"comment_status":"closed","ping_status":"open","template":"","meta":{"footnotes":"","_links_to":"","_links_to_target":""},"class_list":["post-5616","page","type-page","status-publish","hentry"],"_links":{"self":[{"href":"https:\/\/english-munich.de\/blog\/wp-json\/wp\/v2\/pages\/5616","targetHints":{"allow":["GET"]}}],"collection":[{"href":"https:\/\/english-munich.de\/blog\/wp-json\/wp\/v2\/pages"}],"about":[{"href":"https:\/\/english-munich.de\/blog\/wp-json\/wp\/v2\/types\/page"}],"author":[{"embeddable":true,"href":"https:\/\/english-munich.de\/blog\/wp-json\/wp\/v2\/users\/3"}],"replies":[{"embeddable":true,"href":"https:\/\/english-munich.de\/blog\/wp-json\/wp\/v2\/comments?post=5616"}],"version-history":[{"count":11,"href":"https:\/\/english-munich.de\/blog\/wp-json\/wp\/v2\/pages\/5616\/revisions"}],"predecessor-version":[{"id":5652,"href":"https:\/\/english-munich.de\/blog\/wp-json\/wp\/v2\/pages\/5616\/revisions\/5652"}],"wp:attachment":[{"href":"https:\/\/english-munich.de\/blog\/wp-json\/wp\/v2\/media?parent=5616"}],"curies":[{"name":"wp","href":"https:\/\/api.w.org\/{rel}","templated":true}]}}