{"id":5579,"date":"2015-06-19T15:05:22","date_gmt":"2015-06-19T14:05:22","guid":{"rendered":"https:\/\/english-munich.de\/blog\/?page_id=5579"},"modified":"2015-06-20T19:09:01","modified_gmt":"2015-06-20T18:09:01","slug":"ubungen-present-perfect-past-perfect","status":"publish","type":"page","link":"https:\/\/english-munich.de\/blog\/ubungen-present-perfect-past-perfect\/","title":{"rendered":"\u00dcbungen present perfect \/ past perfect"},"content":{"rendered":"<p>praktische \u00dcbungen zur Anwendung des present perfect, bzw. des past perfect im Englischen<\/p>\n<p><a href=\" https:\/\/english-munich.de\/blog\/present-perfect-aussagesatze\/\"><button>present perfect Aussages\u00e4tze<\/button><\/a> <a href=\" https:\/\/english-munich.de\/blog\/ubungen-present-perfect-aussagesatze-unregelmasige-verben\/\"><button>present perfect Aussages\u00e4tze unregelm\u00e4\u00dfige Verben<\/button><\/a><\/p>\n<p><a href=\" https:\/\/english-munich.de\/blog\/present-perfect-frage\/\"><button>present perfect Frage<\/button><\/a> <a href=\" https:\/\/english-munich.de\/blog\/verneinte-aussagesatze-im-present-perfect\/\"><button>present perfect verneinte Aussages\u00e4tze<\/button><\/a> <\/p>\n<p><a href=\"https:\/\/english-munich.de\/blog\/present-perfect-gemischte-ubungen\/\"><button>present perfect gemischte \u00dcbungen<\/button><\/a> <a href=\"https:\/\/english-munich.de\/blog\/present-perfect-progressive-aussagesatz\/\"><button>present perfect progressive Aussagesatz<\/button><\/a><\/p>\n<p><a href=\"https:\/\/english-munich.de\/blog\/present-perfect-progressive-frage\/\"><button>present perfect progressive Frage<\/button><\/a> <a href=\"https:\/\/english-munich.de\/blog\/ubungen-present-perfect-progressive\/\"><button>present perfect progressive Verneinung<\/button><\/a><\/p>\n<p><a href=\"https:\/\/english-munich.de\/blog\/present-perfect-progressive-gemischte-ubungen\/\"><button>present perfect progressive gemischte \u00dcbungen<\/button><\/a><\/p>\n<p><a href=\"https:\/\/english-munich.de\/blog\/past-perfect-ubungen-und-aufgaben\/\"><button>past perfect Aussages\u00e4tze<\/button><\/a> <a href=\" https:\/\/english-munich.de\/blog\/past-perfect-frage-2\/\"><button>past perfect Frage<\/button><\/a><\/p>\n<p><a href=\"https:\/\/english-munich.de\/blog\/past-perfect-verneinung-2\/\"><button>past perfect Verneinung<\/button><\/a>  <a href=\"https:\/\/english-munich.de\/blog\/past-perfect-gemischte-ubung\/\"><button>past perfect gemischte \u00dcbung<\/button><\/a><\/p>\n","protected":false},"excerpt":{"rendered":"<p>praktische \u00dcbungen zur Anwendung des present perfect, bzw. des past perfect im Englischen present perfect Aussages\u00e4tze present perfect Aussages\u00e4tze unregelm\u00e4\u00dfige Verben present perfect Frage present perfect verneinte Aussages\u00e4tze present perfect gemischte \u00dcbungen present perfect progressive Aussagesatz present perfect progressive Frage present perfect progressive Verneinung present perfect progressive gemischte \u00dcbungen past perfect Aussages\u00e4tze past perfect Frage [&hellip;]<\/p>\n","protected":false},"author":3,"featured_media":0,"parent":0,"menu_order":0,"comment_status":"closed","ping_status":"open","template":"","meta":{"footnotes":"","_links_to":"","_links_to_target":""},"class_list":["post-5579","page","type-page","status-publish","hentry"],"_links":{"self":[{"href":"https:\/\/english-munich.de\/blog\/wp-json\/wp\/v2\/pages\/5579","targetHints":{"allow":["GET"]}}],"collection":[{"href":"https:\/\/english-munich.de\/blog\/wp-json\/wp\/v2\/pages"}],"about":[{"href":"https:\/\/english-munich.de\/blog\/wp-json\/wp\/v2\/types\/page"}],"author":[{"embeddable":true,"href":"https:\/\/english-munich.de\/blog\/wp-json\/wp\/v2\/users\/3"}],"replies":[{"embeddable":true,"href":"https:\/\/english-munich.de\/blog\/wp-json\/wp\/v2\/comments?post=5579"}],"version-history":[{"count":10,"href":"https:\/\/english-munich.de\/blog\/wp-json\/wp\/v2\/pages\/5579\/revisions"}],"predecessor-version":[{"id":5607,"href":"https:\/\/english-munich.de\/blog\/wp-json\/wp\/v2\/pages\/5579\/revisions\/5607"}],"wp:attachment":[{"href":"https:\/\/english-munich.de\/blog\/wp-json\/wp\/v2\/media?parent=5579"}],"curies":[{"name":"wp","href":"https:\/\/api.w.org\/{rel}","templated":true}]}}