{"id":5565,"date":"2015-06-19T05:57:33","date_gmt":"2015-06-19T04:57:33","guid":{"rendered":"https:\/\/english-munich.de\/blog\/?page_id=5565"},"modified":"2015-06-19T15:08:47","modified_gmt":"2015-06-19T14:08:47","slug":"ubungen-vergangenheitpast","status":"publish","type":"page","link":"https:\/\/english-munich.de\/blog\/ubungen-vergangenheitpast\/","title":{"rendered":"\u00dcbungen Vergangenheit\/past"},"content":{"rendered":"<p>\u00dcbungen zur Anwendung der Vergangenheit im Englischen (simple past, past progressive, present perfect, present perfect progressive, past perfect)<\/p>\n<p><a href=\"https:\/\/english-munich.de\/blog\/ubungen-simple-past-regelmasige-verben\/ \"><button>simple past regelm\u00e4\u00dfig<\/button><\/a>  <a href=\"https:\/\/english-munich.de\/blog\/ubungen-simple-past-verneinung\/\"><button>simple past Verneinung<\/button><\/a> <a href=\"https:\/\/english-munich.de\/blog\/ubungen-simple-past-unregelmasige-formen\/\"><button>simple past unregelm\u00e4\u00dfig<\/button><\/a>  <\/p>\n<p><a href=\"https:\/\/english-munich.de\/blog\/ubungen-simple-past-frage\/\"><button>simple past Frage<\/button><\/a> <a href=\"https:\/\/english-munich.de\/blog\/simple-past-gemischte-ubungen\/\"><button>simple past gemischte \u00dcbungen<\/button><\/a><\/p>\n<p><a href=\"https:\/\/english-munich.de\/blog\/past-progressive-aussagesatze\/\"><button>past progressive Aussages\u00e4tze<\/button><\/a> <a href=\"https:\/\/english-munich.de\/blog\/past-progressive-verneinung\/\"><button>past progressive Verneinung<\/button><\/a>  <\/p>\n<p><a href=\"https:\/\/english-munich.de\/blog\/past-progressive-frage\/\"><button>past progressive Frage<\/button><\/a> <a href=\" https:\/\/english-munich.de\/blog\/ubungen-past-progressive\/\"><button>past progressive gemischte \u00dcbungen<\/button><\/a><\/p>\n","protected":false},"excerpt":{"rendered":"<p>\u00dcbungen zur Anwendung der Vergangenheit im Englischen (simple past, past progressive, present perfect, present perfect progressive, past perfect) simple past regelm\u00e4\u00dfig simple past Verneinung simple past unregelm\u00e4\u00dfig simple past Frage simple past gemischte \u00dcbungen past progressive Aussages\u00e4tze past progressive Verneinung past progressive Frage past progressive gemischte \u00dcbungen<\/p>\n","protected":false},"author":3,"featured_media":0,"parent":0,"menu_order":0,"comment_status":"closed","ping_status":"open","template":"","meta":{"footnotes":"","_links_to":"","_links_to_target":""},"class_list":["post-5565","page","type-page","status-publish","hentry"],"_links":{"self":[{"href":"https:\/\/english-munich.de\/blog\/wp-json\/wp\/v2\/pages\/5565","targetHints":{"allow":["GET"]}}],"collection":[{"href":"https:\/\/english-munich.de\/blog\/wp-json\/wp\/v2\/pages"}],"about":[{"href":"https:\/\/english-munich.de\/blog\/wp-json\/wp\/v2\/types\/page"}],"author":[{"embeddable":true,"href":"https:\/\/english-munich.de\/blog\/wp-json\/wp\/v2\/users\/3"}],"replies":[{"embeddable":true,"href":"https:\/\/english-munich.de\/blog\/wp-json\/wp\/v2\/comments?post=5565"}],"version-history":[{"count":5,"href":"https:\/\/english-munich.de\/blog\/wp-json\/wp\/v2\/pages\/5565\/revisions"}],"predecessor-version":[{"id":5582,"href":"https:\/\/english-munich.de\/blog\/wp-json\/wp\/v2\/pages\/5565\/revisions\/5582"}],"wp:attachment":[{"href":"https:\/\/english-munich.de\/blog\/wp-json\/wp\/v2\/media?parent=5565"}],"curies":[{"name":"wp","href":"https:\/\/api.w.org\/{rel}","templated":true}]}}