{"id":5560,"date":"2015-06-19T05:52:32","date_gmt":"2015-06-19T04:52:32","guid":{"rendered":"https:\/\/english-munich.de\/blog\/?page_id=5560"},"modified":"2018-09-01T07:15:57","modified_gmt":"2018-09-01T06:15:57","slug":"gegenwartpresent","status":"publish","type":"page","link":"https:\/\/english-munich.de\/blog\/gegenwartpresent\/","title":{"rendered":"\u00dcbungen Gegenwart\/present"},"content":{"rendered":"<div class=\"trp_language_switcher_shortcode\">\n<div class=\"trp-language-switcher trp-language-switcher-container\" data-no-translation >\n    <div class=\"trp-ls-shortcode-current-language\">\n        <a href=\"#\" class=\"trp-ls-shortcode-disabled-language trp-ls-disabled-language\" title=\"Deutsch\" onclick=\"event.preventDefault()\">\n\t\t\t<img decoding=\"async\" class=\"trp-flag-image\" src=\"https:\/\/english-munich.de\/blog\/wp-content\/plugins\/translatepress-multilingual\/assets\/images\/flags\/de_DE.png\" width=\"18\" height=\"12\" alt=\"de_DE\" title=\"Deutsch\"> Deutsch\t\t<\/a>\n    <\/div>\n    <div class=\"trp-ls-shortcode-language\">\n                <a href=\"#\" class=\"trp-ls-shortcode-disabled-language trp-ls-disabled-language\"  title=\"Deutsch\" onclick=\"event.preventDefault()\">\n\t\t\t<img decoding=\"async\" class=\"trp-flag-image\" src=\"https:\/\/english-munich.de\/blog\/wp-content\/plugins\/translatepress-multilingual\/assets\/images\/flags\/de_DE.png\" width=\"18\" height=\"12\" alt=\"de_DE\" title=\"Deutsch\"> Deutsch\t\t<\/a>\n                    <a href=\"https:\/\/english-munich.de\/blog\/wp-json\/wp\/v2\/pages\/5560\" title=\"English\">\n            <img decoding=\"async\" class=\"trp-flag-image\" src=\"https:\/\/english-munich.de\/blog\/wp-content\/plugins\/translatepress-multilingual\/assets\/images\/flags\/en_US.png\" width=\"18\" height=\"12\" alt=\"en_US\" title=\"English\"> English        <\/a>\n\n        <\/div>\n    <script type=\"application\/javascript\">\n        \/\/ need to have the same with set from JS on both divs. Otherwise it can push stuff around in HTML\n        var trp_ls_shortcodes = document.querySelectorAll('.trp_language_switcher_shortcode .trp-language-switcher');\n        if ( trp_ls_shortcodes.length > 0) {\n            \/\/ get the last language switcher added\n            var trp_el = trp_ls_shortcodes[trp_ls_shortcodes.length - 1];\n\n            var trp_shortcode_language_item = trp_el.querySelector( '.trp-ls-shortcode-language' )\n            \/\/ set width\n            var trp_ls_shortcode_width                                               = trp_shortcode_language_item.offsetWidth + 16;\n            trp_shortcode_language_item.style.width                                  = trp_ls_shortcode_width + 'px';\n            trp_el.querySelector( '.trp-ls-shortcode-current-language' ).style.width = trp_ls_shortcode_width + 'px';\n\n            \/\/ We're putting this on display: none after we have its width.\n            trp_shortcode_language_item.style.display = 'none';\n        }\n    <\/script>\n<\/div>\n<\/div>\n<p>praktische \u00dcbungen zur Gegenwart im Englischen (simple present, present progressive (-ing Form))<\/p>\n<p><a href=\"https:\/\/english-munich.de\/blog\/simple-present-bejahte-aussagesatze\/\"><button>simple present Aussages\u00e4tze<\/button><\/a> <a href=\"https:\/\/english-munich.de\/blog\/ubungen-simple-present-frage\/\"><button>simple present Frage<\/button><\/a><\/p>\n<p><a href=\"https:\/\/english-munich.de\/blog\/5416-2\/\"><button>simple present Verneinung<\/button><\/a> <a href=\"https:\/\/english-munich.de\/blog\/simple-present-gemischte-ubungen\/\"><button>simple present gemischte \u00dcbungen<\/button><\/a><\/p>\n<p><a href=\"https:\/\/english-munich.de\/blog\/ubungen-present-progressive-ing-form-bejahter-aussagesatz\/ \"><button>present progressive Aussagesatz<\/button><\/a> <a href=\"https:\/\/english-munich.de\/blog\/ubungen-verneinte-aussagesatze-im-present-progressive\/\"><button>present progressive Verneinung<\/button><\/a><\/p>\n<p><a href=\"https:\/\/english-munich.de\/blog\/present-progressive-fragen\/\"><button>present progressive Fragen<\/button><\/a> <a href=\"https:\/\/english-munich.de\/blog\/present-progressive-ing-form-gemischte-ubungen\/ \"><button>present progressive gemischte \u00dcbungen<\/button><\/a><\/p>\n<p>No time like the present. F\u00fcr Englisch Lernenden sind oft die feinen Unterschiede bei der Verwendung des Pr\u00e4sens\/Gegenwart eine gro\u00dfe H\u00fcrde.<br \/>\nOft werden Bedeutungsunterschiede, die im Deutschen mit Adverbien ausgedr\u00fcckt werden, im Englischen durch die Verwendung einer bestimmten Zeitform interpretiert.<br \/>\nSo verwendet man zum Beispiel das Present Progressive (-ing Form), wenn man etwas gerade im Moment, oder vorr\u00fcbergehend tut.<br \/>\nDas Present Simple (einfache Form der Gegenwart) verwendet man hingegen, wenn man etwas regelm\u00e4\u00dfig, bzw. aus Gewohnheit macht.<\/p>\n<p><a href=\"https:\/\/english-munich.de\/blog\/wp-content\/uploads\/2015\/06\/grammar-389907_1280.jpg\"><img decoding=\"async\" class=\"alignnone size-medium wp-image-6899\" src=\"https:\/\/english-munich.de\/blog\/wp-content\/uploads\/2015\/06\/grammar-389907_1280-300x199.jpg\" alt=\"present\/gegenwart\/englisch\" width=\"300\" height=\"199\" srcset=\"https:\/\/english-munich.de\/blog\/wp-content\/uploads\/2015\/06\/grammar-389907_1280-300x199.jpg 300w, https:\/\/english-munich.de\/blog\/wp-content\/uploads\/2015\/06\/grammar-389907_1280-768x508.jpg 768w, https:\/\/english-munich.de\/blog\/wp-content\/uploads\/2015\/06\/grammar-389907_1280-1024x678.jpg 1024w, https:\/\/english-munich.de\/blog\/wp-content\/uploads\/2015\/06\/grammar-389907_1280-624x413.jpg 624w, https:\/\/english-munich.de\/blog\/wp-content\/uploads\/2015\/06\/grammar-389907_1280-20x13.jpg 20w, https:\/\/english-munich.de\/blog\/wp-content\/uploads\/2015\/06\/grammar-389907_1280.jpg 1280w\" sizes=\"(max-width: 300px) 100vw, 300px\" \/><\/a><\/p>\n","protected":false},"excerpt":{"rendered":"<p>praktische \u00dcbungen zur Gegenwart im Englischen (simple present, present progressive (-ing Form)) simple present Aussages\u00e4tze simple present Frage simple present Verneinung simple present gemischte \u00dcbungen present progressive Aussagesatz present progressive Verneinung present progressive Fragen present progressive gemischte \u00dcbungen No time like the present. F\u00fcr Englisch Lernenden sind oft die feinen Unterschiede bei der Verwendung des [&hellip;]<\/p>\n","protected":false},"author":3,"featured_media":0,"parent":0,"menu_order":0,"comment_status":"closed","ping_status":"open","template":"","meta":{"footnotes":"","_links_to":"","_links_to_target":""},"class_list":["post-5560","page","type-page","status-publish","hentry"],"_links":{"self":[{"href":"https:\/\/english-munich.de\/blog\/wp-json\/wp\/v2\/pages\/5560","targetHints":{"allow":["GET"]}}],"collection":[{"href":"https:\/\/english-munich.de\/blog\/wp-json\/wp\/v2\/pages"}],"about":[{"href":"https:\/\/english-munich.de\/blog\/wp-json\/wp\/v2\/types\/page"}],"author":[{"embeddable":true,"href":"https:\/\/english-munich.de\/blog\/wp-json\/wp\/v2\/users\/3"}],"replies":[{"embeddable":true,"href":"https:\/\/english-munich.de\/blog\/wp-json\/wp\/v2\/comments?post=5560"}],"version-history":[{"count":7,"href":"https:\/\/english-munich.de\/blog\/wp-json\/wp\/v2\/pages\/5560\/revisions"}],"predecessor-version":[{"id":7098,"href":"https:\/\/english-munich.de\/blog\/wp-json\/wp\/v2\/pages\/5560\/revisions\/7098"}],"wp:attachment":[{"href":"https:\/\/english-munich.de\/blog\/wp-json\/wp\/v2\/media?parent=5560"}],"curies":[{"name":"wp","href":"https:\/\/api.w.org\/{rel}","templated":true}]}}