{"id":5381,"date":"2015-06-13T05:37:08","date_gmt":"2015-06-13T04:37:08","guid":{"rendered":"https:\/\/english-munich.de\/blog\/?page_id=5381"},"modified":"2018-08-31T21:22:30","modified_gmt":"2018-08-31T20:22:30","slug":"grammatik-ubungen","status":"publish","type":"page","link":"https:\/\/english-munich.de\/blog\/grammatik-ubungen\/","title":{"rendered":"Grammatik \u00dcbungen"},"content":{"rendered":"<div class=\"trp_language_switcher_shortcode\">\n<div class=\"trp-language-switcher trp-language-switcher-container\" data-no-translation >\n    <div class=\"trp-ls-shortcode-current-language\">\n        <a href=\"#\" class=\"trp-ls-shortcode-disabled-language trp-ls-disabled-language\" title=\"Deutsch\" onclick=\"event.preventDefault()\">\n\t\t\t<img decoding=\"async\" class=\"trp-flag-image\" src=\"https:\/\/english-munich.de\/blog\/wp-content\/plugins\/translatepress-multilingual\/assets\/images\/flags\/de_DE.png\" width=\"18\" height=\"12\" alt=\"de_DE\" title=\"Deutsch\"> Deutsch\t\t<\/a>\n    <\/div>\n    <div class=\"trp-ls-shortcode-language\">\n                <a href=\"#\" class=\"trp-ls-shortcode-disabled-language trp-ls-disabled-language\"  title=\"Deutsch\" onclick=\"event.preventDefault()\">\n\t\t\t<img decoding=\"async\" class=\"trp-flag-image\" src=\"https:\/\/english-munich.de\/blog\/wp-content\/plugins\/translatepress-multilingual\/assets\/images\/flags\/de_DE.png\" width=\"18\" height=\"12\" alt=\"de_DE\" title=\"Deutsch\"> Deutsch\t\t<\/a>\n                    <a href=\"https:\/\/english-munich.de\/blog\/wp-json\/wp\/v2\/pages\/5381\" title=\"English\">\n            <img decoding=\"async\" class=\"trp-flag-image\" src=\"https:\/\/english-munich.de\/blog\/wp-content\/plugins\/translatepress-multilingual\/assets\/images\/flags\/en_US.png\" width=\"18\" height=\"12\" alt=\"en_US\" title=\"English\"> English        <\/a>\n\n        <\/div>\n    <script type=\"application\/javascript\">\n        \/\/ need to have the same with set from JS on both divs. Otherwise it can push stuff around in HTML\n        var trp_ls_shortcodes = document.querySelectorAll('.trp_language_switcher_shortcode .trp-language-switcher');\n        if ( trp_ls_shortcodes.length > 0) {\n            \/\/ get the last language switcher added\n            var trp_el = trp_ls_shortcodes[trp_ls_shortcodes.length - 1];\n\n            var trp_shortcode_language_item = trp_el.querySelector( '.trp-ls-shortcode-language' )\n            \/\/ set width\n            var trp_ls_shortcode_width                                               = trp_shortcode_language_item.offsetWidth + 16;\n            trp_shortcode_language_item.style.width                                  = trp_ls_shortcode_width + 'px';\n            trp_el.querySelector( '.trp-ls-shortcode-current-language' ).style.width = trp_ls_shortcode_width + 'px';\n\n            \/\/ We're putting this on display: none after we have its width.\n            trp_shortcode_language_item.style.display = 'none';\n        }\n    <\/script>\n<\/div>\n<\/div>\n<p><a href=\"https:\/\/english-munich.de\/blog\/ubungen-zeiten-englisch\/\"><button> \u00dcbungen Zeiten<\/button><\/a> <a href=\"https:\/\/english-munich.de\/blog\/zeiten-gegenuberstellungen\/\"> <button> Zeiten Gegen\u00fcberstellungen<\/button><\/a> <a href=\"https:\/\/english-munich.de\/blog\/if-satze\/\"><button> \u00dcbungen If-S\u00e4tze <\/button><\/a><\/p>\n<p><a href=\"https:\/\/english-munich.de\/blog\/pronomen-furworter\/\"><button>Pronomen\/F\u00fcrw\u00f6rter<\/button><\/a> <a href=\"https:\/\/english-munich.de\/blog\/prapositionen\/\"><button>Pr\u00e4positionen<\/button><\/a> <a href=\"https:\/\/english-munich.de\/blog\/passiv\/\"><button>Passiv<\/button><\/a> <a href=\"https:\/\/english-munich.de\/blog\/adjektiv-adverb\/\"><button>Adjektiv\/Abverb<\/button><\/a><\/p>\n<p><a href=\" https:\/\/english-munich.de\/blog\/hilfsverbenmodalverben\/\"><button>Modalverben<\/button><\/a> <a href=\"https:\/\/english-munich.de\/blog\/satzstellung-relativsatze\/\"><button> Satzstellung\/Relativs\u00e4tze <\/button><\/a> <a href=\"https:\/\/english-munich.de\/blog\/gerund-oder-to-infinitve\/\"><button> gerund \/ to-infinitive <\/button><\/a><\/p>\n<p><a href=\"https:\/\/english-munich.de\/blog\/some-any\/\"><button> some &#8211; any <\/button><\/a> <a href=\"https:\/\/english-munich.de\/blog\/steigerung\/\"><button> Steigerung <\/button><\/a> <a href=\"https:\/\/english-munich.de\/blog\/indirekt-rede\/\"><button>indirekte Rede <\/button><\/a> <a href=\"https:\/\/english-munich.de\/blog\/unregelmasige-verben\/\"><button> unregelm\u00e4\u00dfige Verben <\/button> <\/a><\/p>\n<p><strong>\u00dcbungen englische Grammatik online<\/strong><\/p>\n<p>Die Zeiten des traditionellen Frontalunterrichtes sind gez\u00e4hlt. Viele Menschen wollen nicht mehr Zeit und Ressourcen darauf verschwenden, sich an den Ort des Unterrichts begeben zu m\u00fcssen.<br \/>\nWarum auch? Man kann es auch bequem von zu Hause aus vor dem Computer machen. Englisch \u00dcbungen online stellen ein \u00e4u\u00dferst n\u00fctzliches Tool dar, das erg\u00e4nzend zu anderen Lernmethoden den Lernenden effizient dabei unterst\u00fctzt Englisch zu lernen. Besonders wenn es darum geht Grammatik auf Englisch zu \u00fcben ist es ideal, weil man unabh\u00e4nig von Ort und Zeit entspannt Englisch lernen kann.<br \/>\nMan braucht keinen Lehrer und kann die \u00dcbungen so oft wiederholen, wie man m\u00f6chte. Der Englisch Lehrer ist sozusagen nur einen Mausklick entfernt. So kann man das Wohnzimmer bequem in ein Klassenzimmer verwandeln.<\/p>\n<p><a href=\"https:\/\/english-munich.de\/blog\/wp-content\/uploads\/2015\/06\/Englisch-online-lernen.jpg\"><img decoding=\"async\" class=\"alignnone size-large wp-image-6903\" src=\"https:\/\/english-munich.de\/blog\/wp-content\/uploads\/2015\/06\/Englisch-online-lernen-1024x373.jpg\" alt=\"Englisch online lernen\" width=\"625\" height=\"228\" srcset=\"https:\/\/english-munich.de\/blog\/wp-content\/uploads\/2015\/06\/Englisch-online-lernen-1024x373.jpg 1024w, https:\/\/english-munich.de\/blog\/wp-content\/uploads\/2015\/06\/Englisch-online-lernen-300x109.jpg 300w, https:\/\/english-munich.de\/blog\/wp-content\/uploads\/2015\/06\/Englisch-online-lernen-768x280.jpg 768w, https:\/\/english-munich.de\/blog\/wp-content\/uploads\/2015\/06\/Englisch-online-lernen-624x227.jpg 624w, https:\/\/english-munich.de\/blog\/wp-content\/uploads\/2015\/06\/Englisch-online-lernen-20x7.jpg 20w, https:\/\/english-munich.de\/blog\/wp-content\/uploads\/2015\/06\/Englisch-online-lernen.jpg 1170w\" sizes=\"(max-width: 625px) 100vw, 625px\" \/><\/a><\/p>\n","protected":false},"excerpt":{"rendered":"<p>\u00dcbungen Zeiten Zeiten Gegen\u00fcberstellungen \u00dcbungen If-S\u00e4tze Pronomen\/F\u00fcrw\u00f6rter Pr\u00e4positionen Passiv Adjektiv\/Abverb Modalverben Satzstellung\/Relativs\u00e4tze gerund \/ to-infinitive some &#8211; any Steigerung indirekte Rede unregelm\u00e4\u00dfige Verben \u00dcbungen englische Grammatik online Die Zeiten des traditionellen Frontalunterrichtes sind gez\u00e4hlt. Viele Menschen wollen nicht mehr Zeit und Ressourcen darauf verschwenden, sich an den Ort des Unterrichts begeben zu m\u00fcssen. Warum auch? [&hellip;]<\/p>\n","protected":false},"author":3,"featured_media":0,"parent":0,"menu_order":0,"comment_status":"closed","ping_status":"open","template":"","meta":{"footnotes":"","_links_to":"","_links_to_target":""},"class_list":["post-5381","page","type-page","status-publish","hentry"],"_links":{"self":[{"href":"https:\/\/english-munich.de\/blog\/wp-json\/wp\/v2\/pages\/5381","targetHints":{"allow":["GET"]}}],"collection":[{"href":"https:\/\/english-munich.de\/blog\/wp-json\/wp\/v2\/pages"}],"about":[{"href":"https:\/\/english-munich.de\/blog\/wp-json\/wp\/v2\/types\/page"}],"author":[{"embeddable":true,"href":"https:\/\/english-munich.de\/blog\/wp-json\/wp\/v2\/users\/3"}],"replies":[{"embeddable":true,"href":"https:\/\/english-munich.de\/blog\/wp-json\/wp\/v2\/comments?post=5381"}],"version-history":[{"count":47,"href":"https:\/\/english-munich.de\/blog\/wp-json\/wp\/v2\/pages\/5381\/revisions"}],"predecessor-version":[{"id":7096,"href":"https:\/\/english-munich.de\/blog\/wp-json\/wp\/v2\/pages\/5381\/revisions\/7096"}],"wp:attachment":[{"href":"https:\/\/english-munich.de\/blog\/wp-json\/wp\/v2\/media?parent=5381"}],"curies":[{"name":"wp","href":"https:\/\/api.w.org\/{rel}","templated":true}]}}