{"id":5321,"date":"2015-06-03T17:50:53","date_gmt":"2015-06-03T16:50:53","guid":{"rendered":"https:\/\/english-munich.de\/blog\/error-403\/"},"modified":"2018-09-08T15:56:36","modified_gmt":"2018-09-08T14:56:36","slug":"error-403","status":"publish","type":"page","link":"https:\/\/english-munich.de\/blog\/","title":{"rendered":"Englisch f\u00fcr alle &#8211; kostenlose Englisch\u00fcbungen"},"content":{"rendered":"<p>Du willst schnell und effektiv deine englische Grammatik auf Vordermann bringen?<br \/>\nDann bist du hier genau richtig. Klick einfach auf einen button und leg los:<\/p>\n<p><a href=\"https:\/\/english-munich.de\/blog\/grammatik-ubungen\/\"> <button> Grammatik \u00dcbungen <\/button><\/a> <a href=\"https:\/\/english-munich.de\/blog\/grammtik-erlauterung\/\"><button> Grammatik Erl\u00e4uterungen <\/button><\/a> <a href=\"https:\/\/english-munich.de\/blog\/uebungen-alltagssituationen-englisch\/\"> <button> \u00dcbungen Alltagssituationen Englisch <\/button><\/a><\/p>\n<p>Interaktive Englisch \u00dcbungen sind l\u00e4ngst nichts Exotisches mehr. Im Gegenteil, mehr und mehr \u00fcberholen sie die klassische Art zu lernen, denn sie haben eigentlich nur Vorteile.<br \/>\nMan kann sie so oft wiederholen, wie man will, ohne genervte Reaktionen zu verursachen. Man ist unabh\u00e4ngig von Ort und Zeit, und kann an seinem Englisch feilen, wann und wo man will.<br \/>\nNat\u00fcrlich muss man auch das Sprechen trainieren, aber interaktive Englisch Aufgaben sind eine einfache und bequeme Art, die l\u00e4stige Arbeit des Grammatik Lernens ein wenig leichter zu machen.<\/p>\n<p><a href=\"https:\/\/english-munich.de\/blog\/wp-content\/uploads\/2015\/06\/Englisch-online-lernen-1.png\"><img decoding=\"async\" class=\"alignnone size-full wp-image-7057\" src=\"https:\/\/english-munich.de\/blog\/wp-content\/uploads\/2015\/06\/Englisch-online-lernen-1.png\" alt=\"Englisch-online-lernen\" width=\"286\" height=\"188\" srcset=\"https:\/\/english-munich.de\/blog\/wp-content\/uploads\/2015\/06\/Englisch-online-lernen-1.png 286w, https:\/\/english-munich.de\/blog\/wp-content\/uploads\/2015\/06\/Englisch-online-lernen-1-20x13.png 20w\" sizes=\"(max-width: 286px) 100vw, 286px\" \/><\/a><\/p>\n","protected":false},"excerpt":{"rendered":"<p>Du willst schnell und effektiv deine englische Grammatik auf Vordermann bringen? Dann bist du hier genau richtig. Klick einfach auf einen button und leg los: Grammatik \u00dcbungen Grammatik Erl\u00e4uterungen \u00dcbungen Alltagssituationen Englisch Interaktive Englisch \u00dcbungen sind l\u00e4ngst nichts Exotisches mehr. Im Gegenteil, mehr und mehr \u00fcberholen sie die klassische Art zu lernen, denn sie haben [&hellip;]<\/p>\n","protected":false},"author":3,"featured_media":0,"parent":0,"menu_order":0,"comment_status":"closed","ping_status":"closed","template":"","meta":{"footnotes":"","_links_to":"","_links_to_target":""},"class_list":["post-5321","page","type-page","status-publish","hentry"],"_links":{"self":[{"href":"https:\/\/english-munich.de\/blog\/wp-json\/wp\/v2\/pages\/5321","targetHints":{"allow":["GET"]}}],"collection":[{"href":"https:\/\/english-munich.de\/blog\/wp-json\/wp\/v2\/pages"}],"about":[{"href":"https:\/\/english-munich.de\/blog\/wp-json\/wp\/v2\/types\/page"}],"author":[{"embeddable":true,"href":"https:\/\/english-munich.de\/blog\/wp-json\/wp\/v2\/users\/3"}],"replies":[{"embeddable":true,"href":"https:\/\/english-munich.de\/blog\/wp-json\/wp\/v2\/comments?post=5321"}],"version-history":[{"count":20,"href":"https:\/\/english-munich.de\/blog\/wp-json\/wp\/v2\/pages\/5321\/revisions"}],"predecessor-version":[{"id":7116,"href":"https:\/\/english-munich.de\/blog\/wp-json\/wp\/v2\/pages\/5321\/revisions\/7116"}],"wp:attachment":[{"href":"https:\/\/english-munich.de\/blog\/wp-json\/wp\/v2\/media?parent=5321"}],"curies":[{"name":"wp","href":"https:\/\/api.w.org\/{rel}","templated":true}]}}