{"id":6572,"date":"2015-07-28T07:02:38","date_gmt":"2015-07-28T06:02:38","guid":{"rendered":"https:\/\/english-munich.de\/blog\/?page_id=6572"},"modified":"2015-08-02T08:55:58","modified_gmt":"2015-08-02T07:55:58","slug":"modalverben-hilfsverben-erklarungen","status":"publish","type":"page","link":"https:\/\/english-munich.de\/blog\/en\/modalverben-hilfsverben-erklarungen\/","title":{"rendered":"modal auxiliaries explanations"},"content":{"rendered":"<h1>must - have to - difference<\/h1>\n<p>In English there are to ways expressing an obligation depending if you are doing something on your free will or if this obligation is imposed on you by somebody else.<\/p>\n<p class=\"translation-block\">The verb \"must\" is used in relation to an obligation of your on free will. \"Have to\" is used when the obligation is imposed on you by somebody else.<\/p>\n<p><strong>for example:<\/strong><\/p>\n<p><em>I must see my woman. ( du bist verliebt)<br \/>\nI have to see my woman. (du bist verheiratet)<\/p>\n<p><div id=\"attachment_6667\" style=\"width: 268px\" class=\"wp-caption alignnone\"><a href=\"https:\/\/english-munich.de\/blog\/wp-content\/uploads\/2015\/07\/blindfoldedarrows.png\"><img decoding=\"async\" aria-describedby=\"caption-attachment-6667\" src=\"https:\/\/english-munich.de\/blog\/wp-content\/uploads\/2015\/07\/blindfoldedarrows.png\" alt=\"must - have - to Unterschied\" width=\"258\" height=\"300\" class=\"size-full wp-image-6667\" srcset=\"https:\/\/english-munich.de\/blog\/wp-content\/uploads\/2015\/07\/blindfoldedarrows.png 258w, https:\/\/english-munich.de\/blog\/wp-content\/uploads\/2015\/07\/blindfoldedarrows-17x20.png 17w\" sizes=\"(max-width: 258px) 100vw, 258px\" \/><\/a><p id=\"caption-attachment-6667\" class=\"wp-caption-text\">I have to see my woman.<\/p><\/div><br \/>\n<\/em><\/p>\n<h1>can and be able<\/h1>\n<p>Can has to be transformed into <em>\"be able\" <\/em>when two auxiliaries stand next to each other, as it is impossible to say \"you must can\".<\/p>\n<p class=\"translation-block\">In this case you will have to say <em>\" you have to be able\" <\/em><\/p>\n<p>This holds especially true the future tense:<\/p>\n<p><strong>for example:<\/strong><\/p>\n<p class=\"translation-block\"><del datetime=\"2015-07-28T06:02:37+00:00\">you will can do it<\/del>, <em> but <\/em>you will be able to do it.<\/p>\n<h1>mustn&#8217;t &#8211; needn&#8217;t &#8211; don&#8217;t have to<\/h1>\n<p class=\"translation-block\">!Beware <strong> must not <\/strong> is not related to not following an obligation but refers to an restriction.<\/p>\n<p class=\"translation-block\"><em>Not following an obligation<\/em> is expressed by using <em>don't have to or needn't<\/em><\/p>\n<p class=\"translation-block\">Therefore: You <em>don\u2019t have to (needn\u2019t)<\/em> wash the car,<\/p>\n<h1>should &#8211; shall<\/h1>\n<h3>shall:<\/h3>\n<p class=\"translation-block\"><em> Shall<\/em> is used as option to <em>will<\/em> in the future tense. This usage, however, is dated.<\/p>\n<p class=\"translation-block\">Apart from that <em>shall<\/em> means , especially in <em>manuals<\/em> <em>instructions<\/em> that are to be followed unconditionally. <br> Therefore, the ten commandments in English are stated like this e.g.:<\/p>\n<p><em>Thou shall not steal<\/em><\/p>\n<h3>should:<\/h3>\n<p class=\"translation-block\">Is used as the past tense, especially in reported speech.<\/p>\n<p>He thought we should be able to do it.<\/p>\n<p class=\"translation-block\">In comparison to <em> should <\/em> the auxiliary <em> shall <\/em> is more in relation to a mandatory requirement. <em> Should <\/em> is used more in terms of a more loose agreement.<\/p>\n<h1>used to<\/h1>\n<p class=\"translation-block\"><em>Used to<\/em> is used if an action was performed regularly to a certain point in time in the past.<\/p>\n<p class=\"translation-block\">for example: <em>I used to smoke<\/em> = ich habe <em>fr\u00fcher einmal<\/em> geraucht.<\/p>\n<p class=\"translation-block\">!Beware: If <em> used to <\/em> is used in its gerund form, it relates to an existing habit.<\/p>\n<p class=\"translation-block\">I am <em>used to drinking<\/em> a glass of milk in the morning. = I<em> normally<\/em> morgens drink a glass of milk.<\/p>\n<h1>could \/ might \/ may<\/h1>\n<h2>could<\/h2>\n<p class=\"translation-block\">different usage of the verb <em>could<\/em><\/p>\n<p class=\"translation-block\">a.) <em> simple past<\/em> of can. \u2013 I <em>couldn\u2019t<\/em> come yesterday<br> b.) introduction of polite questions \u2013<em> Could<\/em> you please open the window.<br> c.) as conditional \u2013 I wish I<em> could<\/em> do it.<\/p>\n<h2>may &#8211; might<\/h2>\n<p class=\"translation-block\">The modal auxiliaries <em>may<\/em> and <em>might<\/em> refer to a possiblitiy. In this context <em>\"it might be\"<\/em> is a tad bit more likely than <em> \"it may be\" <\/em>.<\/p>\n<p class=\"translation-block\">The modal auxiliary <em> may <\/em> is used just as <em> could <\/em> in a polite question:<\/p>\n<p><em>May<\/em> you please close the door. (<em>may<\/em> ist in diesem Kontext einen Tick <em>h\u00f6flicher<\/em> als<em> could<\/em>)<br \/>\n\n<table id=\"tablepress-65\" class=\"tablepress tablepress-id-65\">\n<thead>\n<tr class=\"row-1\">\n\t<th class=\"column-1\">can<\/th><th class=\"column-2\">be able<\/th><th class=\"column-3\">could<\/th><th class=\"column-4\">may \/ might<\/th>\n<\/tr>\n<\/thead>\n<tbody class=\"row-striping row-hover\">\n<tr class=\"row-2\">\n\t<td class=\"column-1\">ability<\/td><td class=\"column-2\">ability<\/td><td class=\"column-3\">past for can<\/td><td class=\"column-4\">possibility<\/td>\n<\/tr>\n<tr class=\"row-3\">\n\t<td class=\"column-1\">statements<\/td><td class=\"column-2\">transformation of can<br \/>\nin the future tense, present perfect, past perfect etc.<br \/>\n<\/td><td class=\"column-3\">simple past von can,<br \/>\nconditional<br \/>\npolite questions<\/td><td class=\"column-4\">may in polite questions<\/td>\n<\/tr>\n<tr class=\"row-4\">\n\t<td class=\"column-1\"><\/td><td class=\"column-2\"><\/td><td class=\"column-3\"><\/td><td class=\"column-4\"><\/td>\n<\/tr>\n<\/tbody>\n<\/table>\n<!-- #tablepress-65 from cache --><br \/>\n\n<table id=\"tablepress-66\" class=\"tablepress tablepress-id-66\">\n<thead>\n<tr class=\"row-1\">\n\t<th class=\"column-1\">shall<\/th><th class=\"column-2\">should<\/th><th class=\"column-3\">mustn't<\/th><th class=\"column-4\">needn't \/ don't doesn't have to<\/th>\n<\/tr>\n<\/thead>\n<tbody class=\"row-striping row-hover\">\n<tr class=\"row-2\">\n\t<td class=\"column-1\">option<\/td><td class=\"column-2\">option<\/td><td class=\"column-3\">restriction<\/td><td class=\"column-4\">no necessity<\/td>\n<\/tr>\n<tr class=\"row-3\">\n\t<td class=\"column-1\">strict instructions<br \/>\nfuture - tense<br \/>\nsuggestions<\/td><td class=\"column-2\">past of shall reported speech<br \/>\nlenient instructions<br \/>\n <\/td><td class=\"column-3\">restriction<\/td><td class=\"column-4\">suggestions<\/td>\n<\/tr>\n<tr class=\"row-4\">\n\t<td class=\"column-1\"><\/td><td class=\"column-2\"><\/td><td class=\"column-3\"><\/td><td class=\"column-4\"><\/td>\n<\/tr>\n<\/tbody>\n<\/table>\n<!-- #tablepress-66 from cache --><\/p>\n<p>&nbsp;<\/p>\n<h2>\u00dcbungen Hilfsverben &#8211; Modalverben<\/h2>\n<p><a href=\"https:\/\/english-munich.de\/blog\/en\/must-have-to-unterschied\/\"><button> must-have to <\/button><\/a> <a href=\"https:\/\/english-munich.de\/blog\/en\/can-be-able\/\"><button> can \/ be able <\/button><\/a> <a href=\"https:\/\/english-munich.de\/blog\/en\/mustnt-neednt-dont-have-to-unterschied-ubungen\/\"><button>mustn\u2019t\/needn\u2019t\/don\u2019t have to<\/button><\/a> <a href=\"https:\/\/english-munich.de\/blog\/en\/shall-should-unterschied-ubungen\/\"><button>shall\/should<\/button><\/a> <a href=\"https:\/\/english-munich.de\/blog\/en\/used-to-2\/\"><button> used to <\/button><\/a><\/p>","protected":false},"excerpt":{"rendered":"<p>must &#8211; have to Unterschied Im Englischen gibt es bei dem modalen Hilfsverb &#8222;m\u00fcssen&#8220; zwei M\u00f6glichkeiten der Ausdrucksweise, je nachdem inwiefern dieses &#8222;m\u00fcssen&#8220; freiwilling oder durch eine von au\u00dfen auerlegte Verpflichtung beding ist. Das Wort must beschreibt ein freiwilliges M\u00fcssen aus eine inneren Antrieb heraus. Der Ausdruck have to ein einer Verpflichtung folgendes M\u00fcssen. zum [&hellip;]<\/p>","protected":false},"author":3,"featured_media":0,"parent":0,"menu_order":0,"comment_status":"closed","ping_status":"open","template":"","meta":{"footnotes":"","_links_to":"","_links_to_target":""},"class_list":["post-6572","page","type-page","status-publish","hentry"],"_links":{"self":[{"href":"https:\/\/english-munich.de\/blog\/en\/wp-json\/wp\/v2\/pages\/6572","targetHints":{"allow":["GET"]}}],"collection":[{"href":"https:\/\/english-munich.de\/blog\/en\/wp-json\/wp\/v2\/pages"}],"about":[{"href":"https:\/\/english-munich.de\/blog\/en\/wp-json\/wp\/v2\/types\/page"}],"author":[{"embeddable":true,"href":"https:\/\/english-munich.de\/blog\/en\/wp-json\/wp\/v2\/users\/3"}],"replies":[{"embeddable":true,"href":"https:\/\/english-munich.de\/blog\/en\/wp-json\/wp\/v2\/comments?post=6572"}],"version-history":[{"count":15,"href":"https:\/\/english-munich.de\/blog\/en\/wp-json\/wp\/v2\/pages\/6572\/revisions"}],"predecessor-version":[{"id":6668,"href":"https:\/\/english-munich.de\/blog\/en\/wp-json\/wp\/v2\/pages\/6572\/revisions\/6668"}],"wp:attachment":[{"href":"https:\/\/english-munich.de\/blog\/en\/wp-json\/wp\/v2\/media?parent=6572"}],"curies":[{"name":"wp","href":"https:\/\/api.w.org\/{rel}","templated":true}]}}