{"id":6547,"date":"2015-07-27T06:01:26","date_gmt":"2015-07-27T05:01:26","guid":{"rendered":"https:\/\/english-munich.de\/blog\/?page_id=6547"},"modified":"2020-11-20T20:50:10","modified_gmt":"2020-11-20T19:50:10","slug":"adjektiv-adverb-unterschied","status":"publish","type":"page","link":"https:\/\/english-munich.de\/blog\/en\/adjektiv-adverb-unterschied\/","title":{"rendered":"adjective\/adverb - difference - rules"},"content":{"rendered":"<h1>adjective \/adverb - different usage explanations<\/h1>\n<p class=\"translation-block\">An adjective describes a noun. An adverb, however, describes a verb. As simple as that.<\/p>\n<p class=\"translation-block\">If an adverb is regular, you simply add <em>-ly<\/em>.<\/p>\n<p><em>I will take a quick look. \u2192 I will look quickly.<\/em><\/p>\n<p>Of course, there are some exceptions:<\/p>\n\n<table id=\"tablepress-62\" class=\"tablepress tablepress-id-62\">\n<tbody class=\"row-striping row-hover\">\n<tr class=\"row-1\">\n\t<td class=\"column-1\">consonant + -y<br \/>\neasy<\/td><td class=\"column-2\">consonant + -y <br \/>\neasily<\/td>\n<\/tr>\n<tr class=\"row-2\">\n\t<td class=\"column-1\">ending le + ly<br \/>\npossible<\/td><td class=\"column-2\">ly<br \/>\npossibly<\/td>\n<\/tr>\n<tr class=\"row-3\">\n\t<td class=\"column-1\">ending ic + ly<br \/>\nautomatic<\/td><td class=\"column-2\">ically<br \/>\nautomatically<\/td>\n<\/tr>\n<\/tbody>\n<\/table>\n<!-- #tablepress-62 from cache -->\n<p><em>other exceptions:<\/em><\/p>\n<p class=\"translation-block\"><em>good \u2192 well,<br> fast, early, late und hard remain as is<\/em><\/p>\n\n<table id=\"tablepress-63\" class=\"tablepress tablepress-id-63\">\n<tbody class=\"row-striping row-hover\">\n<tr class=\"row-1\">\n\t<td class=\"column-1\">good<br \/>\n<br \/>\na good man<\/td><td class=\"column-2\">well<br \/>\n<br \/>\nhe played well<\/td>\n<\/tr>\n<tr class=\"row-2\">\n\t<td class=\"column-1\">hard<br \/>\n<br \/>\na hard work<\/td><td class=\"column-2\">hard<br \/>\n<br \/>\nhe worked hard<\/td>\n<\/tr>\n<tr class=\"row-3\">\n\t<td class=\"column-1\">late<br \/>\n<br \/>\na late night<\/td><td class=\"column-2\">late<br \/>\n<br \/>\nhe came late<\/td>\n<\/tr>\n<tr class=\"row-4\">\n\t<td class=\"column-1\">early<br \/>\n<br \/>\nthe early bird<\/td><td class=\"column-2\">early<br \/>\n<br \/>\nhe came early<\/td>\n<\/tr>\n<tr class=\"row-5\">\n\t<td class=\"column-1\">fast<br \/>\n<br \/>\na fast car<\/td><td class=\"column-2\">fast<br \/>\n<br \/>\nhe drives fast<\/td>\n<\/tr>\n<\/tbody>\n<\/table>\n<!-- #tablepress-63 from cache -->\n<p><em>Beware:<\/em><\/p>\n<p class=\"translation-block\">The adverbs <em>lately<\/em> and <em>hardly<\/em> exist. However, their meaning is entirely different form the meaning of the adjectives <em>late<\/em> and <em>hard<\/em><\/p>\n<p class=\"translation-block\"><em>lately<\/em> means:<em> recently, currently<\/em>;<em> hardly<\/em> means <em>rarely<\/em>.<\/p>\n<p class=\"translation-block\">Especially in the case of hardly there could be confusion:<\/p>\n<p>He worked<em> hard<\/em>. (Er hat <em>hart<\/em> gearbeitet) vs. He hardly worked. (Er hat <em>kaum<\/em> gearbeitet)<br \/>\n\n<table id=\"tablepress-64\" class=\"tablepress tablepress-id-64\">\n<tbody class=\"row-striping row-hover\">\n<tr class=\"row-1\">\n\t<td class=\"column-1\">hardly = rarely<\/td><td class=\"column-2\">he hardly worked<\/td>\n<\/tr>\n<tr class=\"row-2\">\n\t<td class=\"column-1\">lately = recently<\/td><td class=\"column-2\">he has been ill lately<\/td>\n<\/tr>\n<\/tbody>\n<\/table>\n<!-- #tablepress-64 from cache --><\/p>\n<p><a href=\"https:\/\/english-munich.de\/blog\/wp-content\/uploads\/2015\/07\/Adverb-vs.-Adjektiv1.png\"><img decoding=\"async\" class=\"alignnone size-full wp-image-5792\" src=\"https:\/\/english-munich.de\/blog\/wp-content\/uploads\/2015\/07\/Adverb-vs.-Adjektiv1.png\" alt=\"Adverb vs. Adjektiv\" width=\"761\" height=\"633\" srcset=\"https:\/\/english-munich.de\/blog\/wp-content\/uploads\/2015\/07\/Adverb-vs.-Adjektiv1.png 761w, https:\/\/english-munich.de\/blog\/wp-content\/uploads\/2015\/07\/Adverb-vs.-Adjektiv1-300x250.png 300w, https:\/\/english-munich.de\/blog\/wp-content\/uploads\/2015\/07\/Adverb-vs.-Adjektiv1-624x519.png 624w, https:\/\/english-munich.de\/blog\/wp-content\/uploads\/2015\/07\/Adverb-vs.-Adjektiv1-20x17.png 20w\" sizes=\"(max-width: 761px) 100vw, 761px\" \/><\/a><br \/>\n<iframe title=\"Adjektiv Adverb Unterschied Englisch - alles f\u00fcr die Pr\u00fcfung kurz und knackig erkl\u00e4rt!\" width=\"625\" height=\"352\" src=\"https:\/\/www.youtube.com\/embed\/M7a-CjpbP6U?feature=oembed\" frameborder=\"0\" allow=\"accelerometer; autoplay; clipboard-write; encrypted-media; gyroscope; picture-in-picture; web-share\" referrerpolicy=\"strict-origin-when-cross-origin\" allowfullscreen><\/iframe><\/p>\n<h2>Verbs of sentiment and perception<\/h2>\n<p class=\"translation-block\">Verbs of <em>sentiment and perception<\/em> <em> don't use <\/em> its<em> adverbial<\/em> form.<br><\/p>\n<p>sound <em>good<\/em>, feel <em>good<\/em>, smell <em>good<\/em>, taste <em>good<\/em>, look <em>good<\/em><\/p>\n<h2>Adverb describing an adjective<\/h2>\n<p class=\"translation-block\">If an <em>adjective<\/em> relates to an <em>adjectives<\/em> or <em>adverb<\/em> and describes it further, it is also put into its <em>adverbial form<\/em>:<\/p>\n<p><em>extremely<\/em> nice, <em>awfully<\/em> slow, <em>unexpectedly<\/em> easy, <em>painfully<\/em> slowly etc.<\/p>\n<h2>excercises adjective adverb<\/h2>\n<p><a href=\"https:\/\/english-munich.de\/blog\/en\/adjektiv-vs-adverb\/\"><button>adverb - adjectives regular<\/button><\/a> <a href=\"https:\/\/english-munich.de\/blog\/en\/adjektivadverb-ausnahmen\/\"><button>adverb - adjective exceptions<\/button><\/a><\/p>","protected":false},"excerpt":{"rendered":"<p>Adjektiv \/ Adverb &#8211; unterschiedlicher Gebrauch Erkl\u00e4rungen Im Deutschen existiert der Unterschied zwischen Adverb und Adjektiv nur als grammtikalisches Ph\u00e4nomen, macht aber in der Praxis keinen Unterschied. Im Englischen jedoch muss genau unterschieden werden, ob ein Eigenschaftswort ein Hauptwort n\u00e4her beschreibt, dann ist es ein Adjektiv, oder ein Zeitwort (Verb), dann wird es zum Adverb. [&hellip;]<\/p>","protected":false},"author":3,"featured_media":0,"parent":0,"menu_order":0,"comment_status":"closed","ping_status":"open","template":"","meta":{"footnotes":"","_links_to":"","_links_to_target":""},"class_list":["post-6547","page","type-page","status-publish","hentry"],"_links":{"self":[{"href":"https:\/\/english-munich.de\/blog\/en\/wp-json\/wp\/v2\/pages\/6547","targetHints":{"allow":["GET"]}}],"collection":[{"href":"https:\/\/english-munich.de\/blog\/en\/wp-json\/wp\/v2\/pages"}],"about":[{"href":"https:\/\/english-munich.de\/blog\/en\/wp-json\/wp\/v2\/types\/page"}],"author":[{"embeddable":true,"href":"https:\/\/english-munich.de\/blog\/en\/wp-json\/wp\/v2\/users\/3"}],"replies":[{"embeddable":true,"href":"https:\/\/english-munich.de\/blog\/en\/wp-json\/wp\/v2\/comments?post=6547"}],"version-history":[{"count":20,"href":"https:\/\/english-munich.de\/blog\/en\/wp-json\/wp\/v2\/pages\/6547\/revisions"}],"predecessor-version":[{"id":7361,"href":"https:\/\/english-munich.de\/blog\/en\/wp-json\/wp\/v2\/pages\/6547\/revisions\/7361"}],"wp:attachment":[{"href":"https:\/\/english-munich.de\/blog\/en\/wp-json\/wp\/v2\/media?parent=6547"}],"curies":[{"name":"wp","href":"https:\/\/api.w.org\/{rel}","templated":true}]}}