{"id":6216,"date":"2015-07-19T14:22:54","date_gmt":"2015-07-19T13:22:54","guid":{"rendered":"https:\/\/english-munich.de\/blog\/?page_id=6216"},"modified":"2015-07-22T06:20:22","modified_gmt":"2015-07-22T05:20:22","slug":"will-future-erklarungen","status":"publish","type":"page","link":"https:\/\/english-munich.de\/blog\/en\/will-future-erklarungen\/","title":{"rendered":"will  future &#8211; Erkl\u00e4rungen"},"content":{"rendered":"<p><a href=\"https:\/\/english-munich.de\/blog\/en\/unterschiede-will-future-going-to-future-ing-form-simple-present\/\"><button>will future \u2013 going to future \u2013 contrast <\/button><\/a><\/p>\n<h1>will future &#8211; Bildung und praktische Anwendung<\/h1>\n<p>Das will <em>future<\/em> wird im Englischen benutzt, wenn eine Handlung in der Zukunft vermutet wird, oder als wahrscheinlich angenommen wird:<\/p>\n<p>typische Signalw\u00f6rter sind: <em>probably, maybe, likely<\/em> bzw. Verben des Vermutens und der Meinungs\u00e4u\u00dferung: <em>I&#8217;m sure, I think, I&#8217;m certain.<\/em><\/p>\n<p><em>for example<\/em>:<em> It probably won&#8217;t hurt.<br \/>\n<\/em><\/p>\n<p>Die Krankenschwester vermutet, dass die Spritze nicht wehtun wird.<\/p>\n<p><a href=\"https:\/\/english-munich.de\/blog\/wp-content\/uploads\/2015\/07\/will-future.png\"><img decoding=\"async\" class=\"alignnone size-full wp-image-6217\" src=\"https:\/\/english-munich.de\/blog\/wp-content\/uploads\/2015\/07\/will-future.png\" alt=\"will future\" width=\"300\" height=\"224\" srcset=\"https:\/\/english-munich.de\/blog\/wp-content\/uploads\/2015\/07\/will-future.png 300w, https:\/\/english-munich.de\/blog\/wp-content\/uploads\/2015\/07\/will-future-20x15.png 20w\" sizes=\"(max-width: 300px) 100vw, 300px\" \/><\/a><\/p>\n<p>Das will future wird auch bei spontanen <em>Entschl\u00fcssen<\/em> verwendent.\u00a0 Dies ist besonders f\u00fcr Deutsche\u00a0 t\u00fcckisch, weil im Deutschen hier Pr\u00e4sens steht.<\/p>\n<p><em>for example<\/em>:\u00a0 I will have a beer.\u00a0 \/\u00a0 Ich entscheide mich spontan, ein Bier zu bestellen.<br \/>\n<em>oder<\/em>:\u00a0 Wait, I will help you.\u00a0 \/ Spontaner Entschluss jemandem zu helfen.<\/p>\n<h2>formation:<\/h2>\n<p>Das will future wird mit dem Hilfsverb<em> will<\/em> in Verbindung mit der <em>Grundform des Verbs <\/em>gebildet. In der Kurzform wird einfach <em>&#8218;ll<\/em> an das Personalpronomen angeh\u00e4ngt.<\/p>\n<h2>affirmative sentence:<\/h2>\n\n<table id=\"tablepress-33\" class=\"tablepress tablepress-id-33\">\n<tbody class=\"row-striping row-hover\">\n<tr class=\"row-1\">\n\t<td class=\"column-1\">I\/he\/she\/it<br \/>\nwe\/you\/they<\/td><td class=\"column-2\">will<br \/>\n'll<\/td><td class=\"column-3\">play<\/td>\n<\/tr>\n<\/tbody>\n<\/table>\n<!-- #tablepress-33 from cache -->\n<h2>negation:<\/h2>\n<p>Bei der <em>negation<\/em> wird einfach ein <em>not<\/em> and das Hilfsverb <em>will<\/em> hinzugef\u00fcgt.<br \/>\nDie Kurzform ist unregelm\u00e4\u00dfig:\u00a0<em> won&#8217;t<\/em>.<\/p>\n\n<table id=\"tablepress-34\" class=\"tablepress tablepress-id-34\">\n<tbody class=\"row-striping row-hover\">\n<tr class=\"row-1\">\n\t<td class=\"column-1\">I\/he\/she\/it<br \/>\nwe\/you\/they<\/td><td class=\"column-2\">will not<br \/>\nwon't<\/td><td class=\"column-3\">play.<\/td>\n<\/tr>\n<\/tbody>\n<\/table>\n<!-- #tablepress-34 from cache -->\n<h2>question:<\/h2>\n<p>The question shifts the auxiliary to the front of the sentence: <em>(inversion)<\/em><\/p>\n\n<table id=\"tablepress-35\" class=\"tablepress tablepress-id-35\">\n<tbody class=\"row-striping row-hover\">\n<tr class=\"row-1\">\n\t<td class=\"column-1\">Will<\/td><td class=\"column-2\">I\/he\/she\/it<br \/>\nwe\/you\/they<\/td><td class=\"column-3\">play?<\/td>\n<\/tr>\n<\/tbody>\n<\/table>\n<!-- #tablepress-35 from cache -->\n<p><strong>Beware:<\/strong> das deutsche<em> wollen<\/em> kann nicht mit englischen &#8222;<em>will<\/em>&#8220; \u00fcbersetzt werden. Vergiss also S\u00e4tze wie.&#8220;<em> I will a lemonade<\/em>.&#8220; In diesem Zusammenhang muss im Englischen unbeding &#8222;<em>want<\/em>&#8220; verwendet werden.<\/p>\n<h2>\u00dcbungen will-future<\/h2>\n<p><a href=\"https:\/\/english-munich.de\/blog\/en\/will-future-aussagesatze\/\"><button>\u00dcbungen will future Aussagesatz<\/button><\/a><\/p>\n<p><a href=\"https:\/\/english-munich.de\/blog\/en\/will-future-frage-2\/\"><button>\u00dcbungen will future Frage<\/button><\/a><\/p>\n<p><a href=\"https:\/\/english-munich.de\/blog\/en\/will-future-verneinter-aussagesatz\/\"><button> \u00dcbungen will future Verneinung<\/button><\/a><\/p>\n<p><a href=\"https:\/\/english-munich.de\/blog\/en\/will-future-gemischte-aufgaben\/\"><button>\u00dcbungen will future gemischt<\/button><\/a><\/p>","protected":false},"excerpt":{"rendered":"<p>will future &#8211; going to future &#8211; Gegen\u00fcberstellung will future &#8211; Bildung und praktische Anwendung Das will future wird im Englischen benutzt, wenn eine Handlung in der Zukunft vermutet wird, oder als wahrscheinlich angenommen wird: typische Signalw\u00f6rter sind: probably, maybe, likely bzw. Verben des Vermutens und der Meinungs\u00e4u\u00dferung: I&#8217;m sure, I think, I&#8217;m certain. zum [&hellip;]<\/p>","protected":false},"author":3,"featured_media":0,"parent":0,"menu_order":0,"comment_status":"closed","ping_status":"open","template":"","meta":{"footnotes":"","_links_to":"","_links_to_target":""},"class_list":["post-6216","page","type-page","status-publish","hentry"],"_links":{"self":[{"href":"https:\/\/english-munich.de\/blog\/en\/wp-json\/wp\/v2\/pages\/6216","targetHints":{"allow":["GET"]}}],"collection":[{"href":"https:\/\/english-munich.de\/blog\/en\/wp-json\/wp\/v2\/pages"}],"about":[{"href":"https:\/\/english-munich.de\/blog\/en\/wp-json\/wp\/v2\/types\/page"}],"author":[{"embeddable":true,"href":"https:\/\/english-munich.de\/blog\/en\/wp-json\/wp\/v2\/users\/3"}],"replies":[{"embeddable":true,"href":"https:\/\/english-munich.de\/blog\/en\/wp-json\/wp\/v2\/comments?post=6216"}],"version-history":[{"count":10,"href":"https:\/\/english-munich.de\/blog\/en\/wp-json\/wp\/v2\/pages\/6216\/revisions"}],"predecessor-version":[{"id":6391,"href":"https:\/\/english-munich.de\/blog\/en\/wp-json\/wp\/v2\/pages\/6216\/revisions\/6391"}],"wp:attachment":[{"href":"https:\/\/english-munich.de\/blog\/en\/wp-json\/wp\/v2\/media?parent=6216"}],"curies":[{"name":"wp","href":"https:\/\/api.w.org\/{rel}","templated":true}]}}