{"id":6083,"date":"2015-07-18T06:50:19","date_gmt":"2015-07-18T05:50:19","guid":{"rendered":"https:\/\/english-munich.de\/blog\/?page_id=6083"},"modified":"2015-07-20T15:39:07","modified_gmt":"2015-07-20T14:39:07","slug":"present-perfect-progressive-erklarungen","status":"publish","type":"page","link":"https:\/\/english-munich.de\/blog\/en\/present-perfect-progressive-erklarungen\/","title":{"rendered":"present perfect progressive &#8211; Erkl\u00e4rungen"},"content":{"rendered":"<br \/>\n<h1>present perfect progressive - formation and practical application<\/h1>\n<p class=\"translation-block\">The <em>present perfect progressive<\/em> in English is used when an action started in the past and lasts into the present and is still ongoing.<\/p>\n<p class=\"translation-block\">The present perfect progressive is used also in order to highlight the <em>duration<\/em>, <em>intensity<\/em> or<em> difficulty<\/em> of an action. Typical verbs used in the<em> present perfect progressive<\/em> are :<em> work, wait, drink, rain, study<\/em> etc.<\/p>\n<div id=\"attachment_6084\" style=\"width: 749px\" class=\"wp-caption alignnone\"><a href=\"https:\/\/english-munich.de\/blog\/wp-content\/uploads\/2015\/07\/present-perfect-progressive.png\"><img decoding=\"async\" aria-describedby=\"caption-attachment-6084\" class=\"wp-image-6084 size-full\" src=\"https:\/\/english-munich.de\/blog\/wp-content\/uploads\/2015\/07\/present-perfect-progressive.png\" alt=\"present perfect progressive\" width=\"739\" height=\"378\" srcset=\"https:\/\/english-munich.de\/blog\/wp-content\/uploads\/2015\/07\/present-perfect-progressive.png 739w, https:\/\/english-munich.de\/blog\/wp-content\/uploads\/2015\/07\/present-perfect-progressive-300x153.png 300w, https:\/\/english-munich.de\/blog\/wp-content\/uploads\/2015\/07\/present-perfect-progressive-624x319.png 624w, https:\/\/english-munich.de\/blog\/wp-content\/uploads\/2015\/07\/present-perfect-progressive-20x10.png 20w\" sizes=\"(max-width: 739px) 100vw, 739px\" \/><\/a><p id=\"caption-attachment-6084\" class=\"wp-caption-text\">The present perfect progressive is used also in order to highlight the <em>duration<\/em>, <em>intensity<\/em> or<em> difficulty<\/em> of an action.<\/p><\/div>\n<h2>formation:<\/h2>\n<p class=\"translation-block\">The present perfect progressive is formed by help of the auxiliary <em>has\/have<\/em> in connection with the <em>past participle of to be = been<\/em> and the <em>gerund<\/em> of the main verb.<\/p>\n<h2>affirmative sentence:<\/h2>\n\n<table id=\"tablepress-13\" class=\"tablepress tablepress-id-13\">\n<tbody class=\"row-striping row-hover\">\n<tr class=\"row-1\">\n\t<td class=\"column-1\">I\/you\/we\/you\/they<\/td><td class=\"column-2\">have been <br \/>\n've been<\/td><td class=\"column-3\">playing.<\/td>\n<\/tr>\n<tr class=\"row-2\">\n\t<td class=\"column-1\">he\/she\/it<\/td><td class=\"column-2\">has been<br \/>\n's been<\/td><td class=\"column-3\">playing.<\/td>\n<\/tr>\n<\/tbody>\n<\/table>\n<!-- #tablepress-13 from cache -->\n<h2>negation:<\/h2>\n<p class=\"translation-block\">When negating the present perfect progressive you simply add <em>not<\/em> to the auxiliary <em>have\/has<\/em>. The short forms are accordingly <em>hasn't\/haven't<\/em>.<\/p>\n\n<table id=\"tablepress-14\" class=\"tablepress tablepress-id-14\">\n<tbody class=\"row-striping row-hover\">\n<tr class=\"row-1\">\n\t<td class=\"column-1\">I\/you\/we\/you\/they<\/td><td class=\"column-2\">haven't been<br \/>\nhave not been<\/td><td class=\"column-3\">playing.<\/td>\n<\/tr>\n<tr class=\"row-2\">\n\t<td class=\"column-1\">he\/she\/it<\/td><td class=\"column-2\">hasn't been<br \/>\nhas not been<\/td><td class=\"column-3\">playing.<\/td>\n<\/tr>\n<\/tbody>\n<\/table>\n<!-- #tablepress-14 from cache -->\n<h2>question:<\/h2>\n<p>The question shifts the auxiliary to the front of the sentence: <em>(inversion)<\/em><\/p>\n\n<table id=\"tablepress-15\" class=\"tablepress tablepress-id-15\">\n<tbody class=\"row-striping row-hover\">\n<tr class=\"row-1\">\n\t<td class=\"column-1\">Have<\/td><td class=\"column-2\">I\/you\/we\/they<\/td><td class=\"column-3\">been playing?<\/td>\n<\/tr>\n<tr class=\"row-2\">\n\t<td class=\"column-1\">Has<\/td><td class=\"column-2\">he\/she\/it<\/td><td class=\"column-3\">been playing?<\/td>\n<\/tr>\n<\/tbody>\n<\/table>\n<!-- #tablepress-15 from cache -->\n<h2>\u00dcbungen present perfect progressive<\/h2>\n<p><a href=\"https:\/\/english-munich.de\/blog\/en\/present-perfect-progressive-aussagesatz\/\"><button>exercises present perfect progressive<\/button><\/a><\/p>\n<p><a href=\"https:\/\/english-munich.de\/blog\/en\/present-perfect-progressive-frage\/\"><button>exercises presen perfect progressive question<\/button><\/a><\/p>\n<p><a href=\"https:\/\/english-munich.de\/blog\/en\/ubungen-present-perfect-progressive\/\"><button> exercises present perfect progressive negation<\/button><\/a><\/p>\n<p><a href=\"https:\/\/english-munich.de\/blog\/en\/present-perfect-progressive-gemischte-ubungen\/\"><button>exercises present perfect progressive mixed<\/button><\/a><\/p>","protected":false},"excerpt":{"rendered":"<p>present perfect progressive- Bildung und praktische Anwendung Das present perfect progressive wird im Englischen benutzt, wenn eine Handlung in der Vergangenheit begonnen hat, bis in die Gegenwart andauert und dar\u00fcber hinaus noch weiter ausgef\u00fchrt wird. Gerne wird das present perfect progressive verwendet, um die Dauer, Intensit\u00e4t oder Schwere einer T\u00e4tigkeit zu unterstreichen. Typische Verben die [&hellip;]<\/p>","protected":false},"author":3,"featured_media":0,"parent":0,"menu_order":0,"comment_status":"closed","ping_status":"open","template":"","meta":{"footnotes":"","_links_to":"","_links_to_target":""},"class_list":["post-6083","page","type-page","status-publish","hentry"],"_links":{"self":[{"href":"https:\/\/english-munich.de\/blog\/en\/wp-json\/wp\/v2\/pages\/6083","targetHints":{"allow":["GET"]}}],"collection":[{"href":"https:\/\/english-munich.de\/blog\/en\/wp-json\/wp\/v2\/pages"}],"about":[{"href":"https:\/\/english-munich.de\/blog\/en\/wp-json\/wp\/v2\/types\/page"}],"author":[{"embeddable":true,"href":"https:\/\/english-munich.de\/blog\/en\/wp-json\/wp\/v2\/users\/3"}],"replies":[{"embeddable":true,"href":"https:\/\/english-munich.de\/blog\/en\/wp-json\/wp\/v2\/comments?post=6083"}],"version-history":[{"count":5,"href":"https:\/\/english-munich.de\/blog\/en\/wp-json\/wp\/v2\/pages\/6083\/revisions"}],"predecessor-version":[{"id":6314,"href":"https:\/\/english-munich.de\/blog\/en\/wp-json\/wp\/v2\/pages\/6083\/revisions\/6314"}],"wp:attachment":[{"href":"https:\/\/english-munich.de\/blog\/en\/wp-json\/wp\/v2\/media?parent=6083"}],"curies":[{"name":"wp","href":"https:\/\/api.w.org\/{rel}","templated":true}]}}