{"id":5994,"date":"2015-07-16T12:15:15","date_gmt":"2015-07-16T11:15:15","guid":{"rendered":"https:\/\/english-munich.de\/blog\/?page_id=5994"},"modified":"2015-07-16T12:34:12","modified_gmt":"2015-07-16T11:34:12","slug":"unregelmasige-verben-erklarungen","status":"publish","type":"page","link":"https:\/\/english-munich.de\/blog\/en\/unregelmasige-verben-erklarungen\/","title":{"rendered":"unregelm\u00e4\u00dfige Verben &#8211; Erkl\u00e4rungen"},"content":{"rendered":"<h1>Aufstellung der wichtigsten unregelm\u00e4\u00dfigen Verben<\/h1>\n<table>\n<thead>\n<tr>\n<th>infinitive<\/th>\n<th>the simple past<\/th>\n<th>past participle<\/th>\n<th>Deutsch<\/th>\n<\/tr>\n<\/thead>\n<tbody>\n<tr>\n<td>be<\/td>\n<td>was\/were<\/td>\n<td>been<\/td>\n<td>sein<\/td>\n<\/tr>\n<tr>\n<td>I am<\/td>\n<td>I was<\/td>\n<td>I have been<\/td>\n<td>ich bin<\/td>\n<\/tr>\n<tr>\n<td>he is<\/td>\n<td>he was<\/td>\n<td>he has been<\/td>\n<td>er ist<\/td>\n<\/tr>\n<tr>\n<td>we are<\/td>\n<td>we were<\/td>\n<td>we have been<\/td>\n<td>wir sind<\/td>\n<\/tr>\n<tr>\n<td>beat<\/td>\n<td>beat<\/td>\n<td>beaten<\/td>\n<td>schlagen<\/td>\n<\/tr>\n<tr>\n<td>become<\/td>\n<td>became<\/td>\n<td>become<\/td>\n<td>werden (FALSE FRIEND!)<\/td>\n<\/tr>\n<tr>\n<td>begin<\/td>\n<td>began<\/td>\n<td>begun<\/td>\n<td>beginnen, anfangen<\/td>\n<\/tr>\n<tr>\n<td>bet*<\/td>\n<td>bet<\/td>\n<td>bet<\/td>\n<td>wetten<\/td>\n<\/tr>\n<tr>\n<td>blow<\/td>\n<td>blew<\/td>\n<td>blown<\/td>\n<td>blasen<\/td>\n<\/tr>\n<tr>\n<td>break<\/td>\n<td>broke<\/td>\n<td>broken<\/td>\n<td>zerbrechen<\/td>\n<\/tr>\n<tr>\n<td>bring<\/td>\n<td>brought<\/td>\n<td>brought<\/td>\n<td>herbringen<\/td>\n<\/tr>\n<tr>\n<td>build<\/td>\n<td>built<\/td>\n<td>built<\/td>\n<td>bauen<\/td>\n<\/tr>\n<tr>\n<td>burst<\/td>\n<td>burst<\/td>\n<td>burst<\/td>\n<td>zerplatzen<\/td>\n<\/tr>\n<tr>\n<td>buy<\/td>\n<td>bought<\/td>\n<td>bought<\/td>\n<td>kaufen<\/td>\n<\/tr>\n<tr>\n<td>catch<\/td>\n<td>caught<\/td>\n<td>caught<\/td>\n<td>fangen<\/td>\n<\/tr>\n<tr>\n<td>choose<\/td>\n<td>chose<\/td>\n<td>chosen<\/td>\n<td>w\u00e4hlen<\/td>\n<\/tr>\n<tr>\n<td>come<\/td>\n<td>came<\/td>\n<td>come<\/td>\n<td>kommen<\/td>\n<\/tr>\n<tr>\n<td>cost<\/td>\n<td>cost<\/td>\n<td>cost<\/td>\n<td>kosten<\/td>\n<\/tr>\n<tr>\n<td>cut<\/td>\n<td>cut<\/td>\n<td>cut<\/td>\n<td>schneiden<\/td>\n<\/tr>\n<tr>\n<td>deal<\/td>\n<td>dealt<\/td>\n<td>dealt<\/td>\n<td>verhandeln, verteilen<\/td>\n<\/tr>\n<tr>\n<td>do<\/td>\n<td>did<\/td>\n<td>done<\/td>\n<td>tun, machen<\/td>\n<\/tr>\n<tr>\n<td>draw<\/td>\n<td>drew<\/td>\n<td>drawn<\/td>\n<td>zeichnen<\/td>\n<\/tr>\n<tr>\n<td>drink<\/td>\n<td>drank<\/td>\n<td>drunk<\/td>\n<td>trinken<\/td>\n<\/tr>\n<tr>\n<td>drive<\/td>\n<td>drove<\/td>\n<td>driven<\/td>\n<td>ein Fahrzeug f\u00fchren<\/td>\n<\/tr>\n<tr>\n<td>eat<\/td>\n<td>ate<\/td>\n<td>eaten<\/td>\n<td>essen<\/td>\n<\/tr>\n<tr>\n<td>fall<\/td>\n<td>fell<\/td>\n<td>fallen<\/td>\n<td>fallen<\/td>\n<\/tr>\n<tr>\n<td>feed<\/td>\n<td>fed<\/td>\n<td>fed<\/td>\n<td>f\u00fcttern<\/td>\n<\/tr>\n<tr>\n<td>feel<\/td>\n<td>felt<\/td>\n<td>felt<\/td>\n<td>f\u00fchlen<\/td>\n<\/tr>\n<tr>\n<td>fight<\/td>\n<td>fought<\/td>\n<td>fought<\/td>\n<td>k\u00e4mpfen<\/td>\n<\/tr>\n<tr>\n<td>find<\/td>\n<td>found<\/td>\n<td>found<\/td>\n<td>finden<\/td>\n<\/tr>\n<tr>\n<td>fly<\/td>\n<td>flew<\/td>\n<td>flown<\/td>\n<td>fliegen<\/td>\n<\/tr>\n<tr>\n<td>forget<\/td>\n<td>forgot<\/td>\n<td>forgotten<\/td>\n<td>vergessen<\/td>\n<\/tr>\n<tr>\n<td>freeze<\/td>\n<td>froze<\/td>\n<td>frozen<\/td>\n<td>frieren<\/td>\n<\/tr>\n<tr>\n<td>get<\/td>\n<td>got<\/td>\n<td>got, gotten <img decoding=\"async\" title=\"Amerikanisches Englisch\" src=\"http:\/\/www.englisch-hilfen.de\/img\/svg\/ae.svg\" alt=\"\" \/><\/td>\n<td>bekommen<\/td>\n<\/tr>\n<tr>\n<td>give<\/td>\n<td>gave<\/td>\n<td>given<\/td>\n<td>geben<\/td>\n<\/tr>\n<tr>\n<td>go<\/td>\n<td>went<\/td>\n<td>gone<\/td>\n<td>gehen<\/td>\n<\/tr>\n<tr>\n<td>grow<\/td>\n<td>grew<\/td>\n<td>grown<\/td>\n<td>wachsen<\/td>\n<\/tr>\n<tr>\n<td>hang<\/td>\n<td>hung<\/td>\n<td>hung<\/td>\n<td>h\u00e4ngen, aufh\u00e4ngen<\/td>\n<\/tr>\n<tr>\n<td>an offer<\/td>\n<td>had<\/td>\n<td>had<\/td>\n<td>haben<\/td>\n<\/tr>\n<tr>\n<td>hear<\/td>\n<td>heard<\/td>\n<td>heard<\/td>\n<td>h\u00f6ren<\/td>\n<\/tr>\n<tr>\n<td>hide<\/td>\n<td>hid<\/td>\n<td>hidden<\/td>\n<td>verstecken<\/td>\n<\/tr>\n<tr>\n<td>hit<\/td>\n<td>hit<\/td>\n<td>hit<\/td>\n<td>schlagen, treffen<\/td>\n<\/tr>\n<tr>\n<td>hold<\/td>\n<td>held<\/td>\n<td>held<\/td>\n<td>halten<\/td>\n<\/tr>\n<tr>\n<td>hurt<\/td>\n<td>hurt<\/td>\n<td>hurt<\/td>\n<td>verletzen<\/td>\n<\/tr>\n<tr>\n<td>keep<\/td>\n<td>kept<\/td>\n<td>kept<\/td>\n<td>behalten<\/td>\n<\/tr>\n<tr>\n<td>know<\/td>\n<td>knew<\/td>\n<td>known<\/td>\n<td>wissen, kennen<\/td>\n<\/tr>\n<tr>\n<td>lay<\/td>\n<td>laid<\/td>\n<td>laid<\/td>\n<td>legen<\/td>\n<\/tr>\n<tr>\n<td>lead<\/td>\n<td>led<\/td>\n<td>led<\/td>\n<td>f\u00fchren, leiten<\/td>\n<\/tr>\n<tr>\n<td>leave<\/td>\n<td>left<\/td>\n<td>left<\/td>\n<td>verlassen<\/td>\n<\/tr>\n<tr>\n<td>lend<\/td>\n<td>lent<\/td>\n<td>lent<\/td>\n<td>verleihen<\/td>\n<\/tr>\n<tr>\n<td>let<\/td>\n<td>let<\/td>\n<td>let<\/td>\n<td>lassen<\/td>\n<\/tr>\n<tr>\n<td>lie**<\/td>\n<td>lay<\/td>\n<td>lain<\/td>\n<td>liegen<\/td>\n<\/tr>\n<tr>\n<td>light*<\/td>\n<td>lit<\/td>\n<td>lit<\/td>\n<td>anz\u00fcnden<\/td>\n<\/tr>\n<tr>\n<td>lose<\/td>\n<td>lost<\/td>\n<td>lost<\/td>\n<td>verlieren<\/td>\n<\/tr>\n<tr>\n<td>make<\/td>\n<td>made<\/td>\n<td>made<\/td>\n<td>machen (herstellen)<\/td>\n<\/tr>\n<tr>\n<td>mean<\/td>\n<td>meant<\/td>\n<td>meant<\/td>\n<td>bedeuten<\/td>\n<\/tr>\n<tr>\n<td>meet<\/td>\n<td>met<\/td>\n<td>met<\/td>\n<td>treffen<\/td>\n<\/tr>\n<tr>\n<td>pay<\/td>\n<td>paid<\/td>\n<td>paid<\/td>\n<td>bezahlen<\/td>\n<\/tr>\n<tr>\n<td>put<\/td>\n<td>put<\/td>\n<td>put<\/td>\n<td>setzen, stellen, legen<\/td>\n<\/tr>\n<tr>\n<td>read<\/td>\n<td>read<\/td>\n<td>read<\/td>\n<td>lesen (Aussprache!)<\/td>\n<\/tr>\n<tr>\n<td>ride<\/td>\n<td>rode<\/td>\n<td>ridden<\/td>\n<td>reiten<\/td>\n<\/tr>\n<tr>\n<td>ring<\/td>\n<td>rang<\/td>\n<td>rung<\/td>\n<td>klingeln, l\u00e4uten<\/td>\n<\/tr>\n<tr>\n<td>rise<\/td>\n<td>rose<\/td>\n<td>risen<\/td>\n<td>aufgehen, ansteigen<\/td>\n<\/tr>\n<tr>\n<td>run<\/td>\n<td>ran<\/td>\n<td>run<\/td>\n<td>rennen<\/td>\n<\/tr>\n<tr>\n<td>say<\/td>\n<td>said<\/td>\n<td>said<\/td>\n<td>sagen<\/td>\n<\/tr>\n<tr>\n<td>see<\/td>\n<td>saw<\/td>\n<td>seen<\/td>\n<td>sehen<\/td>\n<\/tr>\n<tr>\n<td>sell<\/td>\n<td>sold<\/td>\n<td>sold<\/td>\n<td>verkaufen<\/td>\n<\/tr>\n<tr>\n<td>send<\/td>\n<td>sent<\/td>\n<td>sent<\/td>\n<td>schicken<\/td>\n<\/tr>\n<tr>\n<td>set<\/td>\n<td>set<\/td>\n<td>set<\/td>\n<td>setzen, stellen, legen<\/td>\n<\/tr>\n<tr>\n<td>shake<\/td>\n<td>shook<\/td>\n<td>shaken<\/td>\n<td>sch\u00fctteln<\/td>\n<\/tr>\n<tr>\n<td>steal<\/td>\n<td>stole<\/td>\n<td>stolen<\/td>\n<td>stehlen<\/td>\n<\/tr>\n<tr>\n<td>shine<\/td>\n<td>shone<\/td>\n<td>shone<\/td>\n<td>scheinen<\/td>\n<\/tr>\n<tr>\n<td>shoot<\/td>\n<td>shot<\/td>\n<td>shot<\/td>\n<td>schie\u00dfen<\/td>\n<\/tr>\n<tr>\n<td>show*<\/td>\n<td>showed<\/td>\n<td>shown<\/td>\n<td>zeigen<\/td>\n<\/tr>\n<tr>\n<td>shut<\/td>\n<td>shut<\/td>\n<td>shut<\/td>\n<td>schlie\u00dfen<\/td>\n<\/tr>\n<tr>\n<td>sing<\/td>\n<td>sang<\/td>\n<td>sung<\/td>\n<td>singen<\/td>\n<\/tr>\n<tr>\n<td>sink<\/td>\n<td>sank<\/td>\n<td>sunk<\/td>\n<td>sinken, untergehen<\/td>\n<\/tr>\n<tr>\n<td>sit<\/td>\n<td>sat<\/td>\n<td>sat<\/td>\n<td>sitzen<\/td>\n<\/tr>\n<tr>\n<td>sleep<\/td>\n<td>slept<\/td>\n<td>slept<\/td>\n<td>schlafen<\/td>\n<\/tr>\n<tr>\n<td>slide<\/td>\n<td>slid<\/td>\n<td>slid<\/td>\n<td>gleiten, rutschen<\/td>\n<\/tr>\n<tr>\n<td>speak<\/td>\n<td>spoke<\/td>\n<td>spoken<\/td>\n<td>sprechen<\/td>\n<\/tr>\n<tr>\n<td>spend<\/td>\n<td>spent<\/td>\n<td>spent<\/td>\n<td>Geld ausgeben, Zeit verbringen<\/td>\n<\/tr>\n<tr>\n<td>spring<\/td>\n<td>sprang<\/td>\n<td>sprung<\/td>\n<td>springen<\/td>\n<\/tr>\n<tr>\n<td>stand<\/td>\n<td>stood<\/td>\n<td>stood<\/td>\n<td>stehen<\/td>\n<\/tr>\n<tr>\n<td>stick<\/td>\n<td>stuck<\/td>\n<td>stuck<\/td>\n<td>kleben, stecken bleiben<\/td>\n<\/tr>\n<tr>\n<td>swear<\/td>\n<td>swore<\/td>\n<td>sworn<\/td>\n<td>schw\u00f6ren<\/td>\n<\/tr>\n<tr>\n<td>sweep<\/td>\n<td>swept<\/td>\n<td>swept<\/td>\n<td>kehren<\/td>\n<\/tr>\n<tr>\n<td>swim<\/td>\n<td>swam<\/td>\n<td>swum<\/td>\n<td>schwimmen<\/td>\n<\/tr>\n<tr>\n<td>swing<\/td>\n<td>swung<\/td>\n<td>swung<\/td>\n<td>schwingen<\/td>\n<\/tr>\n<tr>\n<td>take<\/td>\n<td>took<\/td>\n<td>taken<\/td>\n<td>nehmen, (weg)bringen; dauern<\/td>\n<\/tr>\n<tr>\n<td>teach<\/td>\n<td>taught<\/td>\n<td>taught<\/td>\n<td>lehren, unterrichten<\/td>\n<\/tr>\n<tr>\n<td>tear<\/td>\n<td>tore<\/td>\n<td>torn<\/td>\n<td>zerrei\u00dfen<\/td>\n<\/tr>\n<tr>\n<td>tell<\/td>\n<td>told<\/td>\n<td>told<\/td>\n<td>erz\u00e4hlen, berichten<\/td>\n<\/tr>\n<tr>\n<td>think<\/td>\n<td>thought<\/td>\n<td>thought<\/td>\n<td>denken<\/td>\n<\/tr>\n<tr>\n<td>throw<\/td>\n<td>threw<\/td>\n<td>thrown<\/td>\n<td>werfen<\/td>\n<\/tr>\n<tr>\n<td>understand<\/td>\n<td>understood<\/td>\n<td>understood<\/td>\n<td>verstehen<\/td>\n<\/tr>\n<tr>\n<td>wake*<\/td>\n<td>woke<\/td>\n<td>woken<\/td>\n<td>aufwecken<\/td>\n<\/tr>\n<tr>\n<td>wear<\/td>\n<td>wore<\/td>\n<td>worn<\/td>\n<td>anhaben, tragen (Kleidung)<\/td>\n<\/tr>\n<tr>\n<td>weave<\/td>\n<td>wove<\/td>\n<td>woven<\/td>\n<td>weben<\/td>\n<\/tr>\n<tr>\n<td>win<\/td>\n<td>won<\/td>\n<td>won<\/td>\n<td>gewinnen<\/td>\n<\/tr>\n<tr>\n<td>write<\/td>\n<td>wrote<\/td>\n<td>written<\/td>\n<td>schreiben<\/td>\n<\/tr>\n<\/tbody>\n<\/table>\n<p>&nbsp;<\/p>\n<p><a href=\"https:\/\/english-munich.de\/blog\/en\/unregelmasige-verben\/\"><button> \u00dcbungen unregelm\u00e4\u00dfige Verben <\/button><\/a><\/p>\n<p><a href=\"https:\/\/english-munich.de\/blog\/en\/ubungen-simple-past-unregelmasige-formen\/\"><button> \u00dcbungen unregelm\u00e4\u00dfige Verben simple past <\/button><\/a><\/p>\n<p><a href=\"https:\/\/english-munich.de\/blog\/en\/ubungen-present-perfect-aussagesatze-unregelmasige-verben\/\"><button> \u00dcbungen unregelm\u00e4\u00dfige Verben present perfect <\/button><\/a><\/p>","protected":false},"excerpt":{"rendered":"<p>Aufstellung der wichtigsten unregelm\u00e4\u00dfigen Verben infinitive simple past past participle Deutsch be was\/were been sein I am I was I have been ich bin he is he was he has been er ist we are we were we have been wir sind beat beat beaten schlagen become became become werden (FALSE FRIEND!) begin began begun [&hellip;]<\/p>","protected":false},"author":3,"featured_media":0,"parent":0,"menu_order":0,"comment_status":"closed","ping_status":"open","template":"","meta":{"footnotes":"","_links_to":"","_links_to_target":""},"class_list":["post-5994","page","type-page","status-publish","hentry"],"_links":{"self":[{"href":"https:\/\/english-munich.de\/blog\/en\/wp-json\/wp\/v2\/pages\/5994","targetHints":{"allow":["GET"]}}],"collection":[{"href":"https:\/\/english-munich.de\/blog\/en\/wp-json\/wp\/v2\/pages"}],"about":[{"href":"https:\/\/english-munich.de\/blog\/en\/wp-json\/wp\/v2\/types\/page"}],"author":[{"embeddable":true,"href":"https:\/\/english-munich.de\/blog\/en\/wp-json\/wp\/v2\/users\/3"}],"replies":[{"embeddable":true,"href":"https:\/\/english-munich.de\/blog\/en\/wp-json\/wp\/v2\/comments?post=5994"}],"version-history":[{"count":4,"href":"https:\/\/english-munich.de\/blog\/en\/wp-json\/wp\/v2\/pages\/5994\/revisions"}],"predecessor-version":[{"id":6005,"href":"https:\/\/english-munich.de\/blog\/en\/wp-json\/wp\/v2\/pages\/5994\/revisions\/6005"}],"wp:attachment":[{"href":"https:\/\/english-munich.de\/blog\/en\/wp-json\/wp\/v2\/media?parent=5994"}],"curies":[{"name":"wp","href":"https:\/\/api.w.org\/{rel}","templated":true}]}}