{"id":5972,"date":"2015-07-16T05:16:57","date_gmt":"2015-07-16T04:16:57","guid":{"rendered":"https:\/\/english-munich.de\/blog\/?page_id=5972"},"modified":"2015-07-22T17:40:36","modified_gmt":"2015-07-22T16:40:36","slug":"erklarungen-simple-past-aussagesatz-regelmasige-verben","status":"publish","type":"page","link":"https:\/\/english-munich.de\/blog\/en\/erklarungen-simple-past-aussagesatz-regelmasige-verben\/","title":{"rendered":"explanations simple past - regular verbs"},"content":{"rendered":"<p><a href=\"https:\/\/english-munich.de\/blog\/en\/simple-past-present-perfect-unterschied\/\"><button> difference simple past \u2013 present perfect<\/button><\/a><\/p>\n<p><a href=\"https:\/\/english-munich.de\/blog\/en\/simple-past-past-perfect-gegenuberstellung-2\/\"><button>difference simple past \u2013 past perfect <\/button><\/a><\/p>\n<p><a href=\"https:\/\/english-munich.de\/blog\/en\/simple-past-past-progressive-gegenuberstellung-2\/\"><button> difference simple past \u2013 past progressive <\/button><\/a><\/p>\n<h1>simple past \u2013 regular verbs<\/h1>\n<h2>Formation and practial application<\/h2>\n<p class=\"translation-block\">Regular verbs are put into <em>simple past<\/em> by simply adding<br> the ending <em>-ed<\/em> to the infinitive.<\/p>\n<p class=\"translation-block\">The simple past relates to an action in the past which is over and has no connection to the present.<\/p>\n<div id=\"attachment_5654\" style=\"width: 655px\" class=\"wp-caption alignnone\"><a href=\"https:\/\/english-munich.de\/blog\/wp-content\/uploads\/2015\/06\/simple-past-regelm\u00e4\u00dfig.png\"><img decoding=\"async\" aria-describedby=\"caption-attachment-5654\" class=\"wp-image-5654 size-full\" src=\"https:\/\/english-munich.de\/blog\/wp-content\/uploads\/2015\/06\/simple-past-regelm\u00e4\u00dfig.png\" alt=\"simple past regelm\u00e4\u00dfig\" width=\"645\" height=\"377\" srcset=\"https:\/\/english-munich.de\/blog\/wp-content\/uploads\/2015\/06\/simple-past-regelm\u00e4\u00dfig.png 645w, https:\/\/english-munich.de\/blog\/wp-content\/uploads\/2015\/06\/simple-past-regelm\u00e4\u00dfig-300x175.png 300w, https:\/\/english-munich.de\/blog\/wp-content\/uploads\/2015\/06\/simple-past-regelm\u00e4\u00dfig-624x365.png 624w, https:\/\/english-munich.de\/blog\/wp-content\/uploads\/2015\/06\/simple-past-regelm\u00e4\u00dfig-20x12.png 20w\" sizes=\"(max-width: 645px) 100vw, 645px\" \/><\/a><p id=\"caption-attachment-5654\" class=\"wp-caption-text\">simple past \u2013 affirmative statement<\/p><\/div>\n<p>Of course, there are also some exceptions:<\/p>\n<p class=\"translation-block\">\u25ba mute <em>-e<\/em> is omitted before <em>-ed<\/em>:<\/p>\n\n<table id=\"tablepress-25\" class=\"tablepress tablepress-id-25\">\n<tbody class=\"row-striping row-hover\">\n<tr class=\"row-1\">\n\t<td class=\"column-1\">arrive<\/td><td class=\"column-2\">live<\/td><td class=\"column-3\">phone<\/td>\n<\/tr>\n<tr class=\"row-2\">\n\t<td class=\"column-1\">arrived<\/td><td class=\"column-2\">lived<\/td><td class=\"column-3\">phoned<\/td>\n<\/tr>\n<\/tbody>\n<\/table>\n<!-- #tablepress-25 from cache -->\n<p class=\"translation-block\">\u25ba After a consonant<em> -y+ed<\/em> turns into<em>-ied<\/em>:<\/p>\n\n<table id=\"tablepress-26\" class=\"tablepress tablepress-id-26\">\n<tbody class=\"row-striping row-hover\">\n<tr class=\"row-1\">\n\t<td class=\"column-1\">carry<\/td><td class=\"column-2\">study<\/td><td class=\"column-3\">worry<\/td>\n<\/tr>\n<tr class=\"row-2\">\n\t<td class=\"column-1\">carried<\/td><td class=\"column-2\">studied<\/td><td class=\"column-3\">worried<\/td>\n<\/tr>\n<\/tbody>\n<\/table>\n<!-- #tablepress-26 from cache -->\n<p>\u25ba Some verbs double the final consonant<\/p>\n\n<table id=\"tablepress-27\" class=\"tablepress tablepress-id-27\">\n<tbody class=\"row-striping row-hover\">\n<tr class=\"row-1\">\n\t<td class=\"column-1\">stop<\/td><td class=\"column-2\">slam<\/td><td class=\"column-3\">plan<\/td>\n<\/tr>\n<tr class=\"row-2\">\n\t<td class=\"column-1\">stopped<\/td><td class=\"column-2\">slammed<\/td><td class=\"column-3\">planned<\/td>\n<\/tr>\n<\/tbody>\n<\/table>\n<!-- #tablepress-27 from cache -->\n<p class=\"translation-block\">\u25ba <em>be<\/em> ist completely irregluar:<\/p>\n\n<table id=\"tablepress-22\" class=\"tablepress tablepress-id-22\">\n<tbody class=\"row-striping row-hover\">\n<tr class=\"row-1\">\n\t<td class=\"column-1\">I\/he\/she\/it<\/td><td class=\"column-2\">was<\/td>\n<\/tr>\n<tr class=\"row-2\">\n\t<td class=\"column-1\">we\/you\/they<\/td><td class=\"column-2\">were<\/td>\n<\/tr>\n<\/tbody>\n<\/table>\n<!-- #tablepress-22 from cache -->\n<h3>negation<\/h3>\n<p class=\"translation-block\">Das simple past nagates using the auxiliary <em>do<\/em> in its past tense, <em>did<\/em>, and<br> <em>not<\/em>. The short form is accordingly: <em>didn\u2019t<\/em>.<\/p>\n\n<table id=\"tablepress-23\" class=\"tablepress tablepress-id-23\">\n<tbody class=\"row-striping row-hover\">\n<tr class=\"row-1\">\n\t<td class=\"column-1\">I\/you\/he\/she\/it<br \/>\nwe\/you\/they<\/td><td class=\"column-2\">didn't<br \/>\ndid not<\/td><td class=\"column-3\">drink.<\/td>\n<\/tr>\n<\/tbody>\n<\/table>\n<!-- #tablepress-23 from cache -->\n<h3>question:<\/h3>\n<p>The question in the simple past puts the auxiliary <em>did<\/em> to the beginning of the sentence.(inversion)<\/p>\n\n<table id=\"tablepress-24\" class=\"tablepress tablepress-id-24\">\n<tbody class=\"row-striping row-hover\">\n<tr class=\"row-1\">\n\t<td class=\"column-1\">Did<\/td><td class=\"column-2\">I\/you\/he\/she\/it<br \/>\nwe\/you\/they<\/td><td class=\"column-3\">drink?<\/td>\n<\/tr>\n<\/tbody>\n<\/table>\n<!-- #tablepress-24 from cache -->\n<h2>exercises simple past<\/h2>\n<p><a href=\"https:\/\/english-munich.de\/blog\/en\/ubungen-simple-past-regelmasige-verben\/\"><button>simple past affirmative exercises<\/button><\/a><\/p>\n<p><a href=\"https:\/\/english-munich.de\/blog\/en\/ubungen-simple-past-verneinung\/\"><button>simple past negation exercises<\/button><\/a><\/p>\n<p><a href=\"https:\/\/english-munich.de\/blog\/en\/ubungen-simple-past-frage\/\"><button>simple past question exercises<\/button><\/a><\/p>\n<p><a href=\"https:\/\/english-munich.de\/blog\/en\/simple-past-gemischte-ubungen\/\"><button>simple past mixed exercises<\/button><\/a><\/p>","protected":false},"excerpt":{"rendered":"<p>Unterschied simple past &#8211; present perfect Unterschied simple past &#8211; past perfect Unterschied simple past- past progressive simple past &#8211; regelm\u00e4\u00dfige Verben Bildung und praktische Anwendung Die regelm\u00e4\u00dfigen Verben werden im Englischen ins simple past gesetzt, indem man einfach die Endung -ed an die Grundform anh\u00e4ngt. Das simple past bezieht sich auf eine Handlung, die [&hellip;]<\/p>","protected":false},"author":3,"featured_media":0,"parent":0,"menu_order":0,"comment_status":"closed","ping_status":"open","template":"","meta":{"footnotes":"","_links_to":"","_links_to_target":""},"class_list":["post-5972","page","type-page","status-publish","hentry"],"_links":{"self":[{"href":"https:\/\/english-munich.de\/blog\/en\/wp-json\/wp\/v2\/pages\/5972","targetHints":{"allow":["GET"]}}],"collection":[{"href":"https:\/\/english-munich.de\/blog\/en\/wp-json\/wp\/v2\/pages"}],"about":[{"href":"https:\/\/english-munich.de\/blog\/en\/wp-json\/wp\/v2\/types\/page"}],"author":[{"embeddable":true,"href":"https:\/\/english-munich.de\/blog\/en\/wp-json\/wp\/v2\/users\/3"}],"replies":[{"embeddable":true,"href":"https:\/\/english-munich.de\/blog\/en\/wp-json\/wp\/v2\/comments?post=5972"}],"version-history":[{"count":14,"href":"https:\/\/english-munich.de\/blog\/en\/wp-json\/wp\/v2\/pages\/5972\/revisions"}],"predecessor-version":[{"id":6410,"href":"https:\/\/english-munich.de\/blog\/en\/wp-json\/wp\/v2\/pages\/5972\/revisions\/6410"}],"wp:attachment":[{"href":"https:\/\/english-munich.de\/blog\/en\/wp-json\/wp\/v2\/media?parent=5972"}],"curies":[{"name":"wp","href":"https:\/\/api.w.org\/{rel}","templated":true}]}}