{"id":5965,"date":"2015-07-16T04:50:02","date_gmt":"2015-07-16T03:50:02","guid":{"rendered":"https:\/\/english-munich.de\/blog\/?page_id=5965"},"modified":"2015-07-22T17:37:22","modified_gmt":"2015-07-22T16:37:22","slug":"erklarungen-zeiten","status":"publish","type":"page","link":"https:\/\/english-munich.de\/blog\/en\/erklarungen-zeiten\/","title":{"rendered":"explanation tenses"},"content":{"rendered":"<h1>explanation tenses English<\/h1>\n<h2>tenses - explanations<h><\/p>\n<p><a href=\"https:\/\/english-munich.de\/blog\/en\/simple-present-erklarungen\/\"><button> simple present <\/button><\/a> <a href=\"https:\/\/english-munich.de\/blog\/en\/present-progressive-verlaufsform-der-gegenwart-erklarungen\/\"><button> present progressive\/continous<\/button><\/a> <a href=\"https:\/\/english-munich.de\/blog\/en\/erklarungen-simple-past-aussagesatz-regelmasige-verben\/\"><button> the simple past <\/button><\/a> <a href=\"https:\/\/english-munich.de\/blog\/en\/past-progressive-erklarungen\/\"><button> past progressive <\/button><\/a><\/p>\n<p><a href=\"https:\/\/english-munich.de\/blog\/en\/present-perfect-erklarungen\/\"><button> present perfect <\/button><\/a> <a href=\"https:\/\/english-munich.de\/blog\/en\/past-perfect-erklarungen\/\"><button> past perfect <\/button><\/a> <a href=\"https:\/\/english-munich.de\/blog\/en\/present-perfect-progressive-erklarungen\/\"><button>present perfect progressive<\/button><\/a> <a href=\"https:\/\/english-munich.de\/blog\/en\/will-future-erklarungen\/\"><button>will future<\/button><\/a> <a href=\"https:\/\/english-munich.de\/blog\/en\/going-to-future\/\"><button>going-to-future<\/button><\/a><\/p>\n<p><\/a> <a href=\"https:\/\/english-munich.de\/blog\/en\/unregelmasige-verben-erklarungen\/\"><button> irregular verbs <\/button><\/a> <a href=\"https:\/\/english-munich.de\/blog\/en\/das-verb-be-erklarungen\/\"><button>to be  <\/button><\/a><\/p>\n<h2> tenses contrast <\/h2>\n<p><a href=\"https:\/\/english-munich.de\/blog\/en\/unterschied-simple-present-present-progressive\/\"><button> simple present- present progressive <\/button><\/a> <a href=\"https:\/\/english-munich.de\/blog\/en\/erklarungen-simple-past-aussagesatz-regelmasige-verben\/\"> <a href=\"https:\/\/english-munich.de\/blog\/en\/simple-past-present-perfect-unterschied\/\"><button> simple past \u2013 present perfect<\/button><\/a>  <\/p>\n<p><a href=\"https:\/\/english-munich.de\/blog\/en\/simple-past-past-progressive-gegenuberstellung-2\/\"><button>simple past-past progressive<\/button><\/a> <a href=\"https:\/\/english-munich.de\/blog\/en\/unterschiede-will-future-going-to-future-ing-form-simple-present\/\"><button> will future \u2013 going to future <\/button><\/a> <a href=\"https:\/\/english-munich.de\/blog\/en\/simple-past-past-perfect-gegenuberstellung-2\/\"><button> simple past \u2013 past perfect <\/button><\/a><\/p>","protected":false},"excerpt":{"rendered":"<p>Erkl\u00e4rungen zum Thema Zeiten im Englischen: Zeiten &#8211; Erkl\u00e4rungen simple present present progressive\/Verlaufsform simple past past progressive present perfect past perfect present perfect progressive will future going-to-future unregelm\u00e4\u00dfige Verben das Verb be Zeiten Gegen\u00fcberstellungen simple present- present progressive simple past &#8211; present perfect simple past-past progressive will future &#8211; going to future simple past &#8211; [&hellip;]<\/p>","protected":false},"author":3,"featured_media":0,"parent":0,"menu_order":0,"comment_status":"closed","ping_status":"open","template":"","meta":{"footnotes":"","_links_to":"","_links_to_target":""},"class_list":["post-5965","page","type-page","status-publish","hentry"],"_links":{"self":[{"href":"https:\/\/english-munich.de\/blog\/en\/wp-json\/wp\/v2\/pages\/5965","targetHints":{"allow":["GET"]}}],"collection":[{"href":"https:\/\/english-munich.de\/blog\/en\/wp-json\/wp\/v2\/pages"}],"about":[{"href":"https:\/\/english-munich.de\/blog\/en\/wp-json\/wp\/v2\/types\/page"}],"author":[{"embeddable":true,"href":"https:\/\/english-munich.de\/blog\/en\/wp-json\/wp\/v2\/users\/3"}],"replies":[{"embeddable":true,"href":"https:\/\/english-munich.de\/blog\/en\/wp-json\/wp\/v2\/comments?post=5965"}],"version-history":[{"count":44,"href":"https:\/\/english-munich.de\/blog\/en\/wp-json\/wp\/v2\/pages\/5965\/revisions"}],"predecessor-version":[{"id":6407,"href":"https:\/\/english-munich.de\/blog\/en\/wp-json\/wp\/v2\/pages\/5965\/revisions\/6407"}],"wp:attachment":[{"href":"https:\/\/english-munich.de\/blog\/en\/wp-json\/wp\/v2\/media?parent=5965"}],"curies":[{"name":"wp","href":"https:\/\/api.w.org\/{rel}","templated":true}]}}