{"id":5962,"date":"2015-07-16T04:39:54","date_gmt":"2015-07-16T03:39:54","guid":{"rendered":"https:\/\/english-munich.de\/blog\/?page_id=5962"},"modified":"2016-11-21T20:54:51","modified_gmt":"2016-11-21T19:54:51","slug":"grammtik-erlauterung","status":"publish","type":"page","link":"https:\/\/english-munich.de\/blog\/en\/grammtik-erlauterung\/","title":{"rendered":"grammar explanations"},"content":{"rendered":"<h1>grammar explanations about all current grammar topics<\/h1>\n<p><a href=\"https:\/\/english-munich.de\/blog\/en\/erklarungen-zeiten\/\"><button> tenses <\/button><\/a> <a href=\"https:\/\/english-munich.de\/blog\/en\/if-satze-erklarungen\/\"><button> if-clauses <\/button><\/a> <a href=\"https:\/\/english-munich.de\/blog\/en\/passive-leideform\/\"><button> passive-voice <\/button><\/a> <a href=\"https:\/\/english-munich.de\/blog\/en\/adjektiv-adverb-unterschied\/\"><button> adverb \/ adjectives <\/button><\/a> <a href=\"https:\/\/english-munich.de\/blog\/en\/satzstellung-relativsatze-2\/\"><button> word order, relative clauses <\/button><\/a><\/p>\n<p><a href=\"https:\/\/english-munich.de\/blog\/en\/furworter-pronomen\/\"><button> pronouns <\/button><\/a> <a href=\"https:\/\/english-munich.de\/blog\/en\/prapositonen-erklarungen\/\"><button> prepositions <\/button><\/a> <a href=\"https:\/\/english-munich.de\/blog\/en\/modalverben-hilfsverben-erklarungen\/\"><button> modal auxiliaries <\/button><\/a> <a href=\"https:\/\/english-munich.de\/blog\/en\/infinitive-gerund-unterschied\/\"><button> infinitive\/gerund <\/button><\/a><\/p>\n<p><a href=\"https:\/\/english-munich.de\/blog\/en\/some-any-2\/\"><button> some - any <\/button><\/a> <a href=\"https:\/\/english-munich.de\/blog\/en\/steigerung-komparativ-superlativ\/\"><button> comparison <\/button><\/a> <a href=\"https:\/\/english-munich.de\/blog\/en\/unregelmasige-verben-erklarungen\/\"><button>irregular verbs <\/button><\/a> <a href=\"https:\/\/english-munich.de\/blog\/en\/indirekte-rede-direkte-rede\/\"><button> reported speech, reported questions <\/button><\/a><\/p>\n<p class=\"translation-block\">Cramming grammar is a necessary evil when it comes to learning English. Unfortunately, it is required to learn some basics of a language before you will actually be able to speak. This page is meant to support you in making the tedious task of studying grammar a little more fun. Here you will find to all current grammar topics, prepared in a way, so you can find everything immediately.<\/p>\n<p>If you are persistent and keep at it and one point it will even be fun. But don't forget, grammar isn't an end to itself. Eventually, you will want to actually be able to speak English.<\/p>\n<div id=\"attachment_6917\" style=\"width: 460px\" class=\"wp-caption alignnone\"><a href=\"https:\/\/english-munich.de\/blog\/wp-content\/uploads\/2015\/07\/Englisch-Grammatik-\u00dcbungen.jpg\"><img decoding=\"async\" aria-describedby=\"caption-attachment-6917\" class=\"wp-image-6917\" src=\"https:\/\/english-munich.de\/blog\/wp-content\/uploads\/2015\/07\/Englisch-Grammatik-\u00dcbungen.jpg\" alt=\"Englisch Grammatik \u00dcbungen\" width=\"450\" height=\"303\" srcset=\"https:\/\/english-munich.de\/blog\/wp-content\/uploads\/2015\/07\/Englisch-Grammatik-\u00dcbungen.jpg 640w, https:\/\/english-munich.de\/blog\/wp-content\/uploads\/2015\/07\/Englisch-Grammatik-\u00dcbungen-300x202.jpg 300w, https:\/\/english-munich.de\/blog\/wp-content\/uploads\/2015\/07\/Englisch-Grammatik-\u00dcbungen-624x420.jpg 624w, https:\/\/english-munich.de\/blog\/wp-content\/uploads\/2015\/07\/Englisch-Grammatik-\u00dcbungen-20x13.jpg 20w\" sizes=\"(max-width: 450px) 100vw, 450px\" \/><\/a><p id=\"caption-attachment-6917\" class=\"wp-caption-text\">grammar exercises - a necessary evil, but not an end to itself<\/p><\/div>\n<p>&nbsp;<\/p>","protected":false},"excerpt":{"rendered":"<p>Erkl\u00e4rungen und Erl\u00e4uterungen zu allen g\u00e4ngigen Grammatikthemen im Englischen. Zeiten if-S\u00e4tze Passiv Adverb \/ Adjektiv Satzstellung, Relativs\u00e4tze -Erkl\u00e4rungen Pronomen &#8211; F\u00fcrw\u00f6rter Pr\u00e4positionen Hilfsverben\/Modalverben Infinitiv \/ Gerund some &#8211; any Steigerung unregelm\u00e4\u00dfige Verben indirekte Rede &#8211; indirekter Fragesatz Grammatik ist f\u00fcr viele Englisch Lernende ein notwendiges \u00dcbel. Leider ist es besonders am Anfang wichtig die Grundlagen [&hellip;]<\/p>","protected":false},"author":3,"featured_media":0,"parent":0,"menu_order":0,"comment_status":"closed","ping_status":"open","template":"","meta":{"footnotes":"","_links_to":"","_links_to_target":""},"class_list":["post-5962","page","type-page","status-publish","hentry"],"_links":{"self":[{"href":"https:\/\/english-munich.de\/blog\/en\/wp-json\/wp\/v2\/pages\/5962","targetHints":{"allow":["GET"]}}],"collection":[{"href":"https:\/\/english-munich.de\/blog\/en\/wp-json\/wp\/v2\/pages"}],"about":[{"href":"https:\/\/english-munich.de\/blog\/en\/wp-json\/wp\/v2\/types\/page"}],"author":[{"embeddable":true,"href":"https:\/\/english-munich.de\/blog\/en\/wp-json\/wp\/v2\/users\/3"}],"replies":[{"embeddable":true,"href":"https:\/\/english-munich.de\/blog\/en\/wp-json\/wp\/v2\/comments?post=5962"}],"version-history":[{"count":22,"href":"https:\/\/english-munich.de\/blog\/en\/wp-json\/wp\/v2\/pages\/5962\/revisions"}],"predecessor-version":[{"id":6922,"href":"https:\/\/english-munich.de\/blog\/en\/wp-json\/wp\/v2\/pages\/5962\/revisions\/6922"}],"wp:attachment":[{"href":"https:\/\/english-munich.de\/blog\/en\/wp-json\/wp\/v2\/media?parent=5962"}],"curies":[{"name":"wp","href":"https:\/\/api.w.org\/{rel}","templated":true}]}}