{"id":5927,"date":"2015-07-15T11:02:32","date_gmt":"2015-07-15T10:02:32","guid":{"rendered":"https:\/\/english-munich.de\/blog\/?page_id=5927"},"modified":"2015-07-17T21:03:40","modified_gmt":"2015-07-17T20:03:40","slug":"simple-present-verneinter-aussagesatz-erklarungen","status":"publish","type":"page","link":"https:\/\/english-munich.de\/blog\/en\/simple-present-verneinter-aussagesatz-erklarungen\/","title":{"rendered":"simple present - affirmative sentence negation - explanations:"},"content":{"rendered":"<h1>simple present \u2013 negation<\/h1>\n<p>The English language negates a statement by using the auxiliary <em>do<\/em>. So if you <em>don't<\/em> like Coke, you don't <em>not like<\/em> Coke. Makes sense? <strong>do not (don&#8217;t)<\/strong> respectively <strong>does not (doesn&#8217;t)<\/strong> umschreibt. W\u00f6rtlich \u00fcbersetzt w\u00fcrde der Satz &#8222;<em>I don&#8217;t like Coca Cola.<\/em>&#8220; also &#8222;<em>Ich tue Coca Cola nicht m\u00f6gen.<\/em>&#8220; bedeuten. Etwas merkw\u00fcrdig, aber mit etwas \u00dcbung kein Problem.<\/p>\n<div id=\"attachment_5608\" style=\"width: 648px\" class=\"wp-caption alignnone\"><a href=\"https:\/\/english-munich.de\/blog\/wp-content\/uploads\/2015\/06\/simple-present-verneinung.png\"><img decoding=\"async\" aria-describedby=\"caption-attachment-5608\" class=\"wp-image-5608 size-full\" src=\"https:\/\/english-munich.de\/blog\/wp-content\/uploads\/2015\/06\/simple-present-verneinung.png\" alt=\"simple present verneinung\" width=\"638\" height=\"327\" srcset=\"https:\/\/english-munich.de\/blog\/wp-content\/uploads\/2015\/06\/simple-present-verneinung.png 638w, https:\/\/english-munich.de\/blog\/wp-content\/uploads\/2015\/06\/simple-present-verneinung-300x154.png 300w, https:\/\/english-munich.de\/blog\/wp-content\/uploads\/2015\/06\/simple-present-verneinung-624x320.png 624w, https:\/\/english-munich.de\/blog\/wp-content\/uploads\/2015\/06\/simple-present-verneinung-20x10.png 20w\" sizes=\"(max-width: 638px) 100vw, 638px\" \/><\/a><p id=\"caption-attachment-5608\" class=\"wp-caption-text\">negation simple present<\/p><\/div>\n<p>&nbsp;<\/p>\n<p class=\"translation-block\">! Therefore, do not negate like this: I not play football. Or: I play football not. <\/em><\/p>\n<p class=\"translation-block\">.<\/p>\n<p class=\"translation-block\">After the negation by <em>does not, doesn\u2019t<\/em> the main verb loses its dangling <strong>-s<\/strong>.<\/p>\n<p class=\"translation-block\">She <em>doesn\u2019t<\/em> like<em>(no s)<\/em> football.<\/p>\n<p class=\"translation-block\">The third person singular is sufficiently defined by the -s <\/strong>inside the auxiliary <em>doesn't<\/em>.<\/p>\n<p><a href=\"https:\/\/english-munich.de\/blog\/en\/5416-2\/\"><button> exercises negation simple present <\/button><\/a><\/p>","protected":false},"excerpt":{"rendered":"<p>simple present &#8211; einfache Form &#8211; Verneinung Die englische Sprache verneint einen Aussagesatz indem sie diesen mit den Hilfsverben do not (don&#8217;t) , bzw. does not (doesn&#8217;t) umschreibt. W\u00f6rtlich \u00fcbersetzt w\u00fcrde der Satz &#8222;I don&#8217;t like Coca Cola.&#8220; also &#8222;Ich tue Coca Cola nicht m\u00f6gen.&#8220; bedeuten. Etwas merkw\u00fcrdig, aber mit etwas \u00dcbung kein Problem. &nbsp; [&hellip;]<\/p>","protected":false},"author":3,"featured_media":0,"parent":0,"menu_order":0,"comment_status":"closed","ping_status":"open","template":"","meta":{"footnotes":"","_links_to":"","_links_to_target":""},"class_list":["post-5927","page","type-page","status-publish","hentry"],"_links":{"self":[{"href":"https:\/\/english-munich.de\/blog\/en\/wp-json\/wp\/v2\/pages\/5927","targetHints":{"allow":["GET"]}}],"collection":[{"href":"https:\/\/english-munich.de\/blog\/en\/wp-json\/wp\/v2\/pages"}],"about":[{"href":"https:\/\/english-munich.de\/blog\/en\/wp-json\/wp\/v2\/types\/page"}],"author":[{"embeddable":true,"href":"https:\/\/english-munich.de\/blog\/en\/wp-json\/wp\/v2\/users\/3"}],"replies":[{"embeddable":true,"href":"https:\/\/english-munich.de\/blog\/en\/wp-json\/wp\/v2\/comments?post=5927"}],"version-history":[{"count":4,"href":"https:\/\/english-munich.de\/blog\/en\/wp-json\/wp\/v2\/pages\/5927\/revisions"}],"predecessor-version":[{"id":6082,"href":"https:\/\/english-munich.de\/blog\/en\/wp-json\/wp\/v2\/pages\/5927\/revisions\/6082"}],"wp:attachment":[{"href":"https:\/\/english-munich.de\/blog\/en\/wp-json\/wp\/v2\/media?parent=5927"}],"curies":[{"name":"wp","href":"https:\/\/api.w.org\/{rel}","templated":true}]}}