{"id":5746,"date":"2015-06-29T07:29:51","date_gmt":"2015-06-29T06:29:51","guid":{"rendered":"https:\/\/english-munich.de\/blog\/?page_id=5746"},"modified":"2015-06-30T11:46:16","modified_gmt":"2015-06-30T10:46:16","slug":"pronomen-furworter","status":"publish","type":"page","link":"https:\/\/english-munich.de\/blog\/en\/pronomen-furworter\/","title":{"rendered":"pronouns"},"content":{"rendered":"<p>exercises and solutions about pronouns:<\/p>\n<p><a href=\"https:\/\/english-munich.de\/blog\/en\/personalpronomen-personliche-furworter\/\"><button>personal pronoun<\/button><\/a> <a href=\"https:\/\/english-munich.de\/blog\/en\/besitzanzeigende-furworter-2\/\"><button>possessive pronouns<\/button><\/a> <a href=\"https:\/\/english-munich.de\/blog\/en\/reflexivpronomen\/\"><button>reflexive pronoun<\/button><\/a><\/p>","protected":false},"excerpt":{"rendered":"<p>\u00dcbungen Aufgaben und L\u00f6sungen im Bezug auf das Thema Pronomen \/ F\u00fcrw\u00f6rter im Englischen Personalpronomen besitzanzeigende F\u00fcrw\u00f6rter Reflexivpronomen<\/p>","protected":false},"author":3,"featured_media":0,"parent":0,"menu_order":0,"comment_status":"closed","ping_status":"open","template":"","meta":{"footnotes":"","_links_to":"","_links_to_target":""},"class_list":["post-5746","page","type-page","status-publish","hentry"],"_links":{"self":[{"href":"https:\/\/english-munich.de\/blog\/en\/wp-json\/wp\/v2\/pages\/5746","targetHints":{"allow":["GET"]}}],"collection":[{"href":"https:\/\/english-munich.de\/blog\/en\/wp-json\/wp\/v2\/pages"}],"about":[{"href":"https:\/\/english-munich.de\/blog\/en\/wp-json\/wp\/v2\/types\/page"}],"author":[{"embeddable":true,"href":"https:\/\/english-munich.de\/blog\/en\/wp-json\/wp\/v2\/users\/3"}],"replies":[{"embeddable":true,"href":"https:\/\/english-munich.de\/blog\/en\/wp-json\/wp\/v2\/comments?post=5746"}],"version-history":[{"count":5,"href":"https:\/\/english-munich.de\/blog\/en\/wp-json\/wp\/v2\/pages\/5746\/revisions"}],"predecessor-version":[{"id":5762,"href":"https:\/\/english-munich.de\/blog\/en\/wp-json\/wp\/v2\/pages\/5746\/revisions\/5762"}],"wp:attachment":[{"href":"https:\/\/english-munich.de\/blog\/en\/wp-json\/wp\/v2\/media?parent=5746"}],"curies":[{"name":"wp","href":"https:\/\/api.w.org\/{rel}","templated":true}]}}