{"id":5579,"date":"2015-06-19T15:05:22","date_gmt":"2015-06-19T14:05:22","guid":{"rendered":"https:\/\/english-munich.de\/blog\/?page_id=5579"},"modified":"2015-06-20T19:09:01","modified_gmt":"2015-06-20T18:09:01","slug":"ubungen-present-perfect-past-perfect","status":"publish","type":"page","link":"https:\/\/english-munich.de\/blog\/en\/ubungen-present-perfect-past-perfect\/","title":{"rendered":"exercises present perfect \/ past perfect"},"content":{"rendered":"<p>exercises in relation to the practical application of the present perfect and the past perfect:<\/p>\n<p><a href=\"https:\/\/english-munich.de\/blog\/en\/present-perfect-aussagesatze\/\"><button>present perfect affirmative sentences<\/button><\/a> <a href=\"https:\/\/english-munich.de\/blog\/en\/ubungen-present-perfect-aussagesatze-unregelmasige-verben\/\"><button>present perfect irregular verbs<\/button><\/a><\/p>\n<p><a href=\"https:\/\/english-munich.de\/blog\/en\/present-perfect-frage\/\"><button>present perfect question<\/button><\/a> <a href=\"https:\/\/english-munich.de\/blog\/en\/verneinte-aussagesatze-im-present-perfect\/\"><button>present perfect negation<\/button><\/a> <\/p>\n<p><a href=\"https:\/\/english-munich.de\/blog\/en\/present-perfect-gemischte-ubungen\/\"><button>present perfect mixed exercises<\/button><\/a> <a href=\"https:\/\/english-munich.de\/blog\/en\/present-perfect-progressive-aussagesatz\/\"><button>present perfect progressive affirmative<\/button><\/a><\/p>\n<p><a href=\"https:\/\/english-munich.de\/blog\/en\/present-perfect-progressive-frage\/\"><button>present perfect question<\/button><\/a> <a href=\"https:\/\/english-munich.de\/blog\/en\/ubungen-present-perfect-progressive\/\"><button>present perfect negation<\/button><\/a><\/p>\n<p><a href=\"https:\/\/english-munich.de\/blog\/en\/present-perfect-progressive-gemischte-ubungen\/\"><button>present perfect progressive negation<\/button><\/a><\/p>\n<p><a href=\"https:\/\/english-munich.de\/blog\/en\/past-perfect-ubungen-und-aufgaben\/\"><button>past perfect affirmative<\/button><\/a> <a href=\"https:\/\/english-munich.de\/blog\/en\/past-perfect-frage-2\/\"><button>past perfect question<\/button><\/a><\/p>\n<p><a href=\"https:\/\/english-munich.de\/blog\/en\/past-perfect-verneinung-2\/\"><button>past perfect negation<\/button><\/a>  <a href=\"https:\/\/english-munich.de\/blog\/en\/past-perfect-gemischte-ubung\/\"><button>past perfect mixed<\/button><\/a><\/p>","protected":false},"excerpt":{"rendered":"<p>praktische \u00dcbungen zur Anwendung des present perfect, bzw. des past perfect im Englischen present perfect Aussages\u00e4tze present perfect Aussages\u00e4tze unregelm\u00e4\u00dfige Verben present perfect Frage present perfect verneinte Aussages\u00e4tze present perfect gemischte \u00dcbungen present perfect progressive Aussagesatz present perfect progressive Frage present perfect progressive Verneinung present perfect progressive gemischte \u00dcbungen past perfect Aussages\u00e4tze past perfect Frage [&hellip;]<\/p>","protected":false},"author":3,"featured_media":0,"parent":0,"menu_order":0,"comment_status":"closed","ping_status":"open","template":"","meta":{"footnotes":"","_links_to":"","_links_to_target":""},"class_list":["post-5579","page","type-page","status-publish","hentry"],"_links":{"self":[{"href":"https:\/\/english-munich.de\/blog\/en\/wp-json\/wp\/v2\/pages\/5579","targetHints":{"allow":["GET"]}}],"collection":[{"href":"https:\/\/english-munich.de\/blog\/en\/wp-json\/wp\/v2\/pages"}],"about":[{"href":"https:\/\/english-munich.de\/blog\/en\/wp-json\/wp\/v2\/types\/page"}],"author":[{"embeddable":true,"href":"https:\/\/english-munich.de\/blog\/en\/wp-json\/wp\/v2\/users\/3"}],"replies":[{"embeddable":true,"href":"https:\/\/english-munich.de\/blog\/en\/wp-json\/wp\/v2\/comments?post=5579"}],"version-history":[{"count":10,"href":"https:\/\/english-munich.de\/blog\/en\/wp-json\/wp\/v2\/pages\/5579\/revisions"}],"predecessor-version":[{"id":5607,"href":"https:\/\/english-munich.de\/blog\/en\/wp-json\/wp\/v2\/pages\/5579\/revisions\/5607"}],"wp:attachment":[{"href":"https:\/\/english-munich.de\/blog\/en\/wp-json\/wp\/v2\/media?parent=5579"}],"curies":[{"name":"wp","href":"https:\/\/api.w.org\/{rel}","templated":true}]}}