{"id":5560,"date":"2015-06-19T05:52:32","date_gmt":"2015-06-19T04:52:32","guid":{"rendered":"https:\/\/english-munich.de\/blog\/?page_id=5560"},"modified":"2018-09-01T07:15:57","modified_gmt":"2018-09-01T06:15:57","slug":"gegenwartpresent","status":"publish","type":"page","link":"https:\/\/english-munich.de\/blog\/en\/gegenwartpresent\/","title":{"rendered":"exercises present"},"content":{"rendered":"<div class=\"trp_language_switcher_shortcode\">\n<div class=\"trp-language-switcher trp-language-switcher-container\" data-no-translation>\n    <div class=\"trp-ls-shortcode-current-language\">\n        <a href=\"#\" class=\"trp-ls-shortcode-disabled-language trp-ls-disabled-language\" title=\"English\" onclick=\"event.preventDefault()\">\n\t\t\t<img decoding=\"async\" class=\"trp-flag-image\" src=\"https:\/\/english-munich.de\/blog\/wp-content\/plugins\/translatepress-multilingual\/assets\/images\/flags\/en_US.png\" width=\"18\" height=\"12\" alt=\"en_US\" title=\"English\"> English\t\t<\/a>\n    <\/div>\n    <div class=\"trp-ls-shortcode-language\">\n                <a href=\"#\" class=\"trp-ls-shortcode-disabled-language trp-ls-disabled-language\"  title=\"English\" onclick=\"event.preventDefault()\">\n\t\t\t<img decoding=\"async\" class=\"trp-flag-image\" src=\"https:\/\/english-munich.de\/blog\/wp-content\/plugins\/translatepress-multilingual\/assets\/images\/flags\/en_US.png\" width=\"18\" height=\"12\" alt=\"en_US\" title=\"English\"> English\t\t<\/a>\n                    <a href=\"https:\/\/english-munich.de\/blog\/en\/wp-json\/wp\/v2\/pages\/5560\" title=\"Deutsch\">\n            <img decoding=\"async\" class=\"trp-flag-image\" src=\"https:\/\/english-munich.de\/blog\/wp-content\/plugins\/translatepress-multilingual\/assets\/images\/flags\/de_DE.png\" width=\"18\" height=\"12\" alt=\"de_DE\" title=\"Deutsch\"> Deutsch        <\/a>\n\n        <\/div>\n    <script type=\"application\/javascript\">\n        \/\/ need to have the same with set from JS on both divs. Otherwise it can push stuff around in HTML\n        var trp_ls_shortcodes = document.querySelectorAll('.trp_language_switcher_shortcode .trp-language-switcher');\n        if ( trp_ls_shortcodes.length > 0) {\n            \/\/ get the last language switcher added\n            var trp_el = trp_ls_shortcodes[trp_ls_shortcodes.length - 1];\n\n            var trp_shortcode_language_item = trp_el.querySelector( '.trp-ls-shortcode-language' )\n            \/\/ set width\n            var trp_ls_shortcode_width                                               = trp_shortcode_language_item.offsetWidth + 16;\n            trp_shortcode_language_item.style.width                                  = trp_ls_shortcode_width + 'px';\n            trp_el.querySelector( '.trp-ls-shortcode-current-language' ).style.width = trp_ls_shortcode_width + 'px';\n\n            \/\/ We're putting this on display: none after we have its width.\n            trp_shortcode_language_item.style.display = 'none';\n        }\n    <\/script>\n<\/div>\n<\/div>\n<p>practical exercises regarding the present tense of th e English language. (simple present, present progressive (-ing form)).<\/p>\n<p><a href=\"https:\/\/english-munich.de\/blog\/en\/simple-present-bejahte-aussagesatze\/\"><button>simple present affirmative<\/button><\/a> <a href=\"https:\/\/english-munich.de\/blog\/en\/ubungen-simple-present-frage\/\"><button>simple present question<\/button><\/a><\/p>\n<p><a href=\"https:\/\/english-munich.de\/blog\/en\/5416-2\/\"><button>simple present negation<\/button><\/a> <a href=\"https:\/\/english-munich.de\/blog\/en\/simple-present-gemischte-ubungen\/\"><button>simple present mixed exercises<\/button><\/a><\/p>\n<p><a href=\"https:\/\/english-munich.de\/blog\/en\/ubungen-present-progressive-ing-form-bejahter-aussagesatz\/\"><button>present progressive affirmative<\/button><\/a> <a href=\"https:\/\/english-munich.de\/blog\/en\/ubungen-verneinte-aussagesatze-im-present-progressive\/\"><button>present progressive negation<\/button><\/a><\/p>\n<p><a href=\"https:\/\/english-munich.de\/blog\/en\/present-progressive-fragen\/\"><button>present progressive question<\/button><\/a> <a href=\"https:\/\/english-munich.de\/blog\/en\/present-progressive-ing-form-gemischte-ubungen\/\"><button>present progressive mixed exercises<\/button><\/a><\/p>\n<p class=\"translation-block\">No time like the present. For learners of English often times the details a the biggest obstacle to master when it comes to the present tense. For example, to express an regular action the English language uses the simple present. The present progressive (ing form) is used to express an ongoing action, or to talk about something that is temporary.<\/p>\n<p><a href=\"https:\/\/english-munich.de\/blog\/wp-content\/uploads\/2015\/06\/grammar-389907_1280.jpg\"><img decoding=\"async\" class=\"alignnone size-medium wp-image-6899\" src=\"https:\/\/english-munich.de\/blog\/wp-content\/uploads\/2015\/06\/grammar-389907_1280-300x199.jpg\" alt=\"present\/gegenwart\/englisch\" width=\"300\" height=\"199\" srcset=\"https:\/\/english-munich.de\/blog\/wp-content\/uploads\/2015\/06\/grammar-389907_1280-300x199.jpg 300w, https:\/\/english-munich.de\/blog\/wp-content\/uploads\/2015\/06\/grammar-389907_1280-768x508.jpg 768w, https:\/\/english-munich.de\/blog\/wp-content\/uploads\/2015\/06\/grammar-389907_1280-1024x678.jpg 1024w, https:\/\/english-munich.de\/blog\/wp-content\/uploads\/2015\/06\/grammar-389907_1280-624x413.jpg 624w, https:\/\/english-munich.de\/blog\/wp-content\/uploads\/2015\/06\/grammar-389907_1280-20x13.jpg 20w, https:\/\/english-munich.de\/blog\/wp-content\/uploads\/2015\/06\/grammar-389907_1280.jpg 1280w\" sizes=\"(max-width: 300px) 100vw, 300px\" \/><\/a><\/p>","protected":false},"excerpt":{"rendered":"<p>praktische \u00dcbungen zur Gegenwart im Englischen (simple present, present progressive (-ing Form)) simple present Aussages\u00e4tze simple present Frage simple present Verneinung simple present gemischte \u00dcbungen present progressive Aussagesatz present progressive Verneinung present progressive Fragen present progressive gemischte \u00dcbungen No time like the present. F\u00fcr Englisch Lernenden sind oft die feinen Unterschiede bei der Verwendung des [&hellip;]<\/p>","protected":false},"author":3,"featured_media":0,"parent":0,"menu_order":0,"comment_status":"closed","ping_status":"open","template":"","meta":{"footnotes":"","_links_to":"","_links_to_target":""},"class_list":["post-5560","page","type-page","status-publish","hentry"],"_links":{"self":[{"href":"https:\/\/english-munich.de\/blog\/en\/wp-json\/wp\/v2\/pages\/5560","targetHints":{"allow":["GET"]}}],"collection":[{"href":"https:\/\/english-munich.de\/blog\/en\/wp-json\/wp\/v2\/pages"}],"about":[{"href":"https:\/\/english-munich.de\/blog\/en\/wp-json\/wp\/v2\/types\/page"}],"author":[{"embeddable":true,"href":"https:\/\/english-munich.de\/blog\/en\/wp-json\/wp\/v2\/users\/3"}],"replies":[{"embeddable":true,"href":"https:\/\/english-munich.de\/blog\/en\/wp-json\/wp\/v2\/comments?post=5560"}],"version-history":[{"count":7,"href":"https:\/\/english-munich.de\/blog\/en\/wp-json\/wp\/v2\/pages\/5560\/revisions"}],"predecessor-version":[{"id":7098,"href":"https:\/\/english-munich.de\/blog\/en\/wp-json\/wp\/v2\/pages\/5560\/revisions\/7098"}],"wp:attachment":[{"href":"https:\/\/english-munich.de\/blog\/en\/wp-json\/wp\/v2\/media?parent=5560"}],"curies":[{"name":"wp","href":"https:\/\/api.w.org\/{rel}","templated":true}]}}