{"id":5321,"date":"2015-06-03T17:50:53","date_gmt":"2015-06-03T16:50:53","guid":{"rendered":"https:\/\/english-munich.de\/blog\/error-403\/"},"modified":"2018-09-08T15:56:36","modified_gmt":"2018-09-08T14:56:36","slug":"error-403","status":"publish","type":"page","link":"https:\/\/english-munich.de\/blog\/en\/","title":{"rendered":"English for all - free English online exercises"},"content":{"rendered":"<p>You want to improve on your grammar fast and efficiently?<br \/>\nThen this is just for you. Just hit the button and get right to it<\/p>\n<p><a href=\"https:\/\/english-munich.de\/blog\/en\/grammatik-ubungen\/\"> <button> grammar exercises <\/button><\/a> <a href=\"https:\/\/english-munich.de\/blog\/en\/grammtik-erlauterung\/\"><button> grammar explanations <\/button><\/a> <a href=\"https:\/\/english-munich.de\/blog\/en\/uebungen-alltagssituationen-englisch\/\"> <button> exercises everyday English <\/button><\/a><\/p>\n<p>Interactive English lessons aren't anything exotic any more. On the contrary, they are getting more and more popular because they only have advantages. You can repeat them as many times as you want without causing stressed feedback from your teacher. You can fine-tune your English when and wherever you want. Of course, you will also have to train your speaking skills, but interactive English lessons are a simple and comfortable way of making the tedious cramming of grammar a little easier.<br \/>\nThis way doing exercises can even be fun und you will be much more willing to sit down and get started.<br \/>\nTry it and you will see.<\/p>\n<p><a href=\"https:\/\/english-munich.de\/blog\/wp-content\/uploads\/2015\/06\/Englisch-online-lernen-1.png\"><img decoding=\"async\" class=\"alignnone size-full wp-image-7057\" src=\"https:\/\/english-munich.de\/blog\/wp-content\/uploads\/2015\/06\/Englisch-online-lernen-1.png\" alt=\"Englisch-online-lernen\" width=\"286\" height=\"188\" srcset=\"https:\/\/english-munich.de\/blog\/wp-content\/uploads\/2015\/06\/Englisch-online-lernen-1.png 286w, https:\/\/english-munich.de\/blog\/wp-content\/uploads\/2015\/06\/Englisch-online-lernen-1-20x13.png 20w\" sizes=\"(max-width: 286px) 100vw, 286px\" \/><\/a><\/p>","protected":false},"excerpt":{"rendered":"<p>Du willst schnell und effektiv deine englische Grammatik auf Vordermann bringen? Dann bist du hier genau richtig. Klick einfach auf einen button und leg los: Grammatik \u00dcbungen Grammatik Erl\u00e4uterungen \u00dcbungen Alltagssituationen Englisch Interaktive Englisch \u00dcbungen sind l\u00e4ngst nichts Exotisches mehr. Im Gegenteil, mehr und mehr \u00fcberholen sie die klassische Art zu lernen, denn sie haben [&hellip;]<\/p>","protected":false},"author":3,"featured_media":0,"parent":0,"menu_order":0,"comment_status":"closed","ping_status":"closed","template":"","meta":{"footnotes":"","_links_to":"","_links_to_target":""},"class_list":["post-5321","page","type-page","status-publish","hentry"],"_links":{"self":[{"href":"https:\/\/english-munich.de\/blog\/en\/wp-json\/wp\/v2\/pages\/5321","targetHints":{"allow":["GET"]}}],"collection":[{"href":"https:\/\/english-munich.de\/blog\/en\/wp-json\/wp\/v2\/pages"}],"about":[{"href":"https:\/\/english-munich.de\/blog\/en\/wp-json\/wp\/v2\/types\/page"}],"author":[{"embeddable":true,"href":"https:\/\/english-munich.de\/blog\/en\/wp-json\/wp\/v2\/users\/3"}],"replies":[{"embeddable":true,"href":"https:\/\/english-munich.de\/blog\/en\/wp-json\/wp\/v2\/comments?post=5321"}],"version-history":[{"count":20,"href":"https:\/\/english-munich.de\/blog\/en\/wp-json\/wp\/v2\/pages\/5321\/revisions"}],"predecessor-version":[{"id":7116,"href":"https:\/\/english-munich.de\/blog\/en\/wp-json\/wp\/v2\/pages\/5321\/revisions\/7116"}],"wp:attachment":[{"href":"https:\/\/english-munich.de\/blog\/en\/wp-json\/wp\/v2\/media?parent=5321"}],"curies":[{"name":"wp","href":"https:\/\/api.w.org\/{rel}","templated":true}]}}